{"id":36415,"date":"2022-06-23T07:25:12","date_gmt":"2022-06-23T05:25:12","guid":{"rendered":"https:\/\/staging6.peach-pump.com\/objednavka-a-dodani\/"},"modified":"2025-02-09T18:59:01","modified_gmt":"2025-02-09T16:59:01","slug":"objednavka-a-dodani","status":"publish","type":"page","link":"https:\/\/staging6.peach-pump.com\/cs\/objednavka-a-dodani\/","title":{"rendered":"OBJEDN\u00c1VKA A DOD\u00c1N\u00cd"},"content":{"rendered":"\t\t<div data-elementor-type=\"wp-page\" data-elementor-id=\"36415\" class=\"elementor elementor-36415 elementor-13\" data-elementor-post-type=\"page\">\n\t\t\t\t<div class=\"elementor-element elementor-element-1ced6ef1 e-flex e-con-boxed e-con e-parent\" data-id=\"1ced6ef1\" data-element_type=\"container\">\n\t\t\t\t\t<div class=\"e-con-inner\">\n\t\t\t\t<div class=\"elementor-element elementor-element-5c5a5799 elementor-widget elementor-widget-text-editor\" data-id=\"5c5a5799\" data-element_type=\"widget\" data-widget_type=\"text-editor.default\">\n\t\t\t\t<div class=\"elementor-widget-container\">\n\t\t\t\t\t\t\t\t\t\n<p> <\/p>\n\n<h2 class=\"wp-block-heading\"><strong>OBJEDN\u00c1VKA A DOD\u00c1N\u00cd:<\/strong><\/h2>\n\n<p>Nab\u00edz\u00edme doru\u010den\u00ed do kancel\u00e1\u0159e, na adresu a APS (automatick\u00e1 po\u0161tovn\u00ed stanice) prost\u0159ednictv\u00edm kur\u00fdrn\u00edch spole\u010dnost\u00ed SPEEDY, DPD, CEE Economy service. <\/p>\n\n<figure class=\"wp-block-table\">\n<table>\n<tbody>\n<tr>\n<td>Zem\u011b <\/td>\n<td>Cena* <\/td>\n<td>Doba dod\u00e1n\u00ed: <\/td> \n<\/tr>\n<tr>\n<td>Rumunsko<\/td>\n<td>3\u20ac<\/td>\n<td>3-4 pracovn\u00ed dny<\/td>\n<\/tr>\n<tr>\n<td>\u0158ecko<\/td>\n<td>3\u20ac<\/td>\n<td>3-4 pracovn\u00ed dny<\/td>\n<\/tr>\n<tr>\n<td>Polsko<\/td>\n<td>3\u20ac<\/td>\n<td>3-4 pracovn\u00ed dny<\/td>\n<\/tr>\n<tr>\n<td>Slovensko<\/td>\n<td>3\u20ac<\/td>\n<td>3-4 pracovn\u00ed dny<\/td>\n<\/tr>\n<tr>\n<td>\u010cesk\u00e1 republika<\/td>\n<td>3\u20ac<\/td>\n<td>3-4 pracovn\u00ed dny<\/td>\n<\/tr>\n<tr>\n<td>Slovinsko<\/td>\n<td>3\u20ac<\/td>\n<td>3-4 pracovn\u00ed dny<\/td>\n<\/tr>\n<tr>\n<td>Ma\u010farsko<\/td>\n<td>3\u20ac<\/td>\n<td>3-4 pracovn\u00ed dny<\/td>\n<\/tr>\n<tr>\n<td>Chorvatsko<\/td>\n<td>3\u20ac<\/td>\n<td>3-4 pracovn\u00ed dny<\/td>\n<\/tr>\n<\/tbody>\n<\/table>\n<figcaption class=\"wp-element-caption\"><\/figcaption>\n<\/figure>\n\n<p>*N\u00e1klady na dod\u00e1n\u00ed nese z\u00e1kazn\u00edk. Uveden\u00e9 n\u00e1klady jsou orienta\u010dn\u00ed a vych\u00e1zej\u00ed ze slu\u017eby SPEEDY,DPD, CEE Economy. P\u0159esn\u00e9 n\u00e1klady na dopravu se automaticky vypo\u010d\u00edtaj\u00ed v posledn\u00edm kroku &#8220;Objednat&#8221; na z\u00e1klad\u011b hmotnosti, po v\u00fdb\u011bru zp\u016fsobu dopravy a p\u0159ed zaplacen\u00edm.<\/p>\n\n<p><strong>PLATEBN\u00cd METODY<\/strong><\/p>\n\n<ul>\n<li>Kreditn\u00ed\/debetn\u00ed kartou &#8211; webov\u00e9 str\u00e1nky Peach Pump vyu\u017e\u00edvaj\u00ed platby prost\u0159ednictv\u00edm renomovan\u00e9 spole\u010dnosti STRIPE, kter\u00e1 poskytuje rychl\u00fd, bezpe\u010dn\u00fd a snadn\u00fd platebn\u00ed proces.<\/li>\n\n<li>Dob\u00edrka &#8211; pouze pro n\u011bkter\u00e9 zem\u011b, zobrazuje se v posledn\u00edm kroku &#8220;Objednat&#8221;.<\/li>\n<\/ul>\n\n<h2 class=\"wp-block-heading\"><strong>OBJEDN\u00c1VKA A DOD\u00c1N\u00cd V BULHARSKU:<\/strong><\/h2>\n<p><\/p>\n<p>Objedn\u00e1vky jsou vy\u0159\u00edzeny do jednoho a\u017e dvou pracovn\u00edch dn\u016f po zpracov\u00e1n\u00ed. Nab\u00edz\u00edme doru\u010den\u00ed do kancel\u00e1\u0159e, na adresu a APS (automatick\u00e1 po\u0161tovn\u00ed stanice) prost\u0159ednictv\u00edm kur\u00fdrn\u00edch spole\u010dnost\u00ed SPIDI a EKONT.<\/p>\n<p><\/p>\n<p><strong>DODAC\u00cd CENA V BULHARSKU:<\/strong><\/p>\n<p><\/p>\n<p>N\u00e1klady na p\u0159epravu jsou v odpov\u011bdnosti z\u00e1kazn\u00edka a jsou automaticky vypo\u010dteny v posledn\u00edm kroku &#8220;Objednat&#8221; na z\u00e1klad\u011b hmotnosti po v\u00fdb\u011bru kur\u00fdrn\u00ed spole\u010dnosti a zp\u016fsobu doru\u010den\u00ed.\nObchodn\u00edk si vyhrazuje pr\u00e1vo poskytnout propaga\u010dn\u00ed podm\u00ednky, v jejich\u017e r\u00e1mci ponese n\u00e1klady na dod\u00e1n\u00ed na vlastn\u00ed n\u00e1klady.\nP\u0159ed odesl\u00e1n\u00edm objednan\u00e9ho zbo\u017e\u00ed je obchodn\u00edk opr\u00e1vn\u011bn telefonicky kontaktovat spot\u0159ebitele za \u00fa\u010delem up\u0159esn\u011bn\u00ed podrobnost\u00ed objedn\u00e1vky a\/nebo dod\u00e1vky.  <\/p>\n<p><\/p>\n<p><strong>PLATEBN\u00cd METODY<\/strong><\/p>\n<p><\/p>\n<ul>\n<li>Dob\u00edrka &#8211; platba kur\u00fdrovi p\u0159i doru\u010den\u00ed (p\u0159i platb\u011b v hotovosti v\u00e1m bude k cen\u011b za doru\u010den\u00ed \u00fa\u010dtov\u00e1n poplatek za dob\u00edrku, kter\u00fd si \u00fa\u010dtuje kur\u00fdrn\u00ed spole\u010dnost).<\/li>\n\n<li>Kreditn\u00ed\/debetn\u00ed kartou &#8211; webov\u00e9 str\u00e1nky Peach Pump vyu\u017e\u00edvaj\u00ed platby prost\u0159ednictv\u00edm renomovan\u00e9 spole\u010dnosti STRIPE, kter\u00e1 poskytuje rychl\u00fd, bezpe\u010dn\u00fd a snadn\u00fd platebn\u00ed proces.<\/li>\n<\/ul>\n\n<p> <\/p>\n\t\t\t\t\t\t\t\t<\/div>\n\t\t\t\t<\/div>\n\t\t\t\t\t<\/div>\n\t\t\t\t<\/div>\n\t\t<div class=\"elementor-element elementor-element-4dcbfc5 e-grid e-con-boxed e-con e-parent\" data-id=\"4dcbfc5\" data-element_type=\"container\">\n\t\t\t\t\t<div class=\"e-con-inner\">\n\t\t\t\t\t<\/div>\n\t\t\t\t<\/div>\n\t\t\t\t<\/div>\n\t\t","protected":false},"excerpt":{"rendered":"<p>OBJEDN\u00c1VKA A DOD\u00c1N\u00cd: Nab\u00edz\u00edme doru\u010den\u00ed do kancel\u00e1\u0159e, na adresu a APS (automatick\u00e1 po\u0161tovn\u00ed stanice) prost\u0159ednictv\u00edm kur\u00fdrn\u00edch spole\u010dnost\u00ed SPEEDY, DPD, CEE Economy service. Zem\u011b Cena* Doba dod\u00e1n\u00ed: Rumunsko 3\u20ac 3-4 pracovn\u00ed dny \u0158ecko 3\u20ac 3-4 pracovn\u00ed dny Polsko 3\u20ac 3-4 pracovn\u00ed dny Slovensko 3\u20ac 3-4 pracovn\u00ed dny \u010cesk\u00e1 republika 3\u20ac 3-4 pracovn\u00ed dny Slovinsko 3\u20ac 3-4 [&hellip;]<\/p>\n","protected":false},"author":1,"featured_media":0,"parent":0,"menu_order":0,"comment_status":"closed","ping_status":"closed","template":"","meta":{"footnotes":""},"class_list":["post-36415","page","type-page","status-publish","hentry"],"_links":{"self":[{"href":"https:\/\/staging6.peach-pump.com\/cs\/wp-json\/wp\/v2\/pages\/36415","targetHints":{"allow":["GET"]}}],"collection":[{"href":"https:\/\/staging6.peach-pump.com\/cs\/wp-json\/wp\/v2\/pages"}],"about":[{"href":"https:\/\/staging6.peach-pump.com\/cs\/wp-json\/wp\/v2\/types\/page"}],"author":[{"embeddable":true,"href":"https:\/\/staging6.peach-pump.com\/cs\/wp-json\/wp\/v2\/users\/1"}],"replies":[{"embeddable":true,"href":"https:\/\/staging6.peach-pump.com\/cs\/wp-json\/wp\/v2\/comments?post=36415"}],"version-history":[{"count":0,"href":"https:\/\/staging6.peach-pump.com\/cs\/wp-json\/wp\/v2\/pages\/36415\/revisions"}],"wp:attachment":[{"href":"https:\/\/staging6.peach-pump.com\/cs\/wp-json\/wp\/v2\/media?parent=36415"}],"curies":[{"name":"wp","href":"https:\/\/api.w.org\/{rel}","templated":true}]}}