{"id":100090,"date":"2024-11-17T21:09:57","date_gmt":"2024-11-17T19:09:57","guid":{"rendered":"https:\/\/staging6.peach-pump.com\/products\/bile-sportovni-ponozky-cerne-pruhy\/"},"modified":"2025-11-10T16:26:19","modified_gmt":"2025-11-10T14:26:19","slug":"bile-sportovni-ponozky-cerne-pruhy","status":"publish","type":"product","link":"https:\/\/staging6.peach-pump.com\/cs\/products\/bile-sportovni-ponozky-cerne-pruhy\/","title":{"rendered":"B\u00edl\u00e9 sportovn\u00ed pono\u017eky s \u010dern\u00fdmi pruhy od Peach Pump"},"content":{"rendered":"<p>D\u00e1msk\u00e9 b\u00edl\u00e9 sportovn\u00ed pono\u017eky s \u010dern\u00fdmi pruhy a vy\u0161it\u00fdm logem Peach Pump maj\u00ed zes\u00edlenou spodn\u00ed \u010d\u00e1st a poskytuj\u00ed pevnost, stabilitu a tlumen\u00ed p\u0159i pohybu. Jsou vyrobeny z tkaniny odv\u00e1d\u011bj\u00edc\u00ed pot, kter\u00e1 v\u00e1s udr\u017e\u00ed sv\u011b\u017e\u00ed. <\/p>\n<ul>\n<li>M\u011bkk\u00e1 tkanina<\/li>\n<li>vysok\u00e1 kvalita<\/li>\n<li>Pru\u017enost<\/li>\n<li>80 % bavlna<\/li>\n<li>Vy\u0161it\u00e9 logo Peach Pump<\/li>\n<li>Zes\u00edlen\u00e1 podn\u00ed \u010d\u00e1st pro v\u011bt\u0161\u00ed odolnost<\/li>\n<li>Crew size &#8211; podkolenky<\/li>\n<\/ul>\n<p>Slo\u017een\u00ed: 80 % bavlna, 17 % polyester, 3 % elastan Lze pr\u00e1t na 40 \u00b0C, ne\u010distit chemicky, su\u0161it p\u0159i n\u00edzk\u00e9 teplot\u011b. Pono\u017eky nelze vr\u00e1tit ani vym\u011bnit!<\/p>\n","protected":false},"excerpt":{"rendered":"<p>D\u00e1msk\u00e9 b\u00edl\u00e9 sportovn\u00ed pono\u017eky s \u010dern\u00fdmi pruhy a vy\u0161it\u00fdm logem Peach Pump maj\u00ed zes\u00edlenou spodn\u00ed \u010d\u00e1st a poskytuj\u00ed pevnost, stabilitu a tlumen\u00ed p\u0159i pohybu. Jsou vyrobeny z tkaniny odv\u00e1d\u011bj\u00edc\u00ed pot, kter\u00e1 v\u00e1s udr\u017e\u00ed sv\u011b\u017e\u00ed. M\u011bkk\u00e1 tkanina vysok\u00e1 kvalita Pru\u017enost 80 % bavlna Vy\u0161it\u00e9 logo Peach Pump Zes\u00edlen\u00e1 podn\u00ed \u010d\u00e1st pro v\u011bt\u0161\u00ed odolnost Crew size &#8211; [&hellip;]<\/p>\n","protected":false},"featured_media":96523,"comment_status":"open","ping_status":"closed","template":"","meta":[],"product_brand":[],"product_cat":[791],"product_tag":[],"class_list":{"0":"post-100090","1":"product","2":"type-product","3":"status-publish","4":"has-post-thumbnail","6":"product_cat-doplnky","7":"pa_cviat-bila-cerna","8":"pa_razmer-jedna-velikost","9":"inventories-world","10":"inventories-uk","12":"first","13":"instock","14":"taxable","15":"shipping-taxable","16":"purchasable","17":"product-type-variable"},"_links":{"self":[{"href":"https:\/\/staging6.peach-pump.com\/cs\/wp-json\/wp\/v2\/product\/100090","targetHints":{"allow":["GET"]}}],"collection":[{"href":"https:\/\/staging6.peach-pump.com\/cs\/wp-json\/wp\/v2\/product"}],"about":[{"href":"https:\/\/staging6.peach-pump.com\/cs\/wp-json\/wp\/v2\/types\/product"}],"replies":[{"embeddable":true,"href":"https:\/\/staging6.peach-pump.com\/cs\/wp-json\/wp\/v2\/comments?post=100090"}],"version-history":[{"count":0,"href":"https:\/\/staging6.peach-pump.com\/cs\/wp-json\/wp\/v2\/product\/100090\/revisions"}],"wp:featuredmedia":[{"embeddable":true,"href":"https:\/\/staging6.peach-pump.com\/cs\/wp-json\/wp\/v2\/media\/96523"}],"wp:attachment":[{"href":"https:\/\/staging6.peach-pump.com\/cs\/wp-json\/wp\/v2\/media?parent=100090"}],"wp:term":[{"taxonomy":"product_brand","embeddable":true,"href":"https:\/\/staging6.peach-pump.com\/cs\/wp-json\/wp\/v2\/product_brand?post=100090"},{"taxonomy":"product_cat","embeddable":true,"href":"https:\/\/staging6.peach-pump.com\/cs\/wp-json\/wp\/v2\/product_cat?post=100090"},{"taxonomy":"product_tag","embeddable":true,"href":"https:\/\/staging6.peach-pump.com\/cs\/wp-json\/wp\/v2\/product_tag?post=100090"}],"curies":[{"name":"wp","href":"https:\/\/api.w.org\/{rel}","templated":true}]}}