{"id":100332,"date":"2024-12-17T21:39:14","date_gmt":"2024-12-17T19:39:14","guid":{"rendered":"https:\/\/staging6.peach-pump.com\/products\/leginy-s-kapsami-zelene-bezesve\/"},"modified":"2025-11-10T15:45:10","modified_gmt":"2025-11-10T13:45:10","slug":"leginy-s-kapsami-zelene-bezesve","status":"publish","type":"product","link":"https:\/\/staging6.peach-pump.com\/cs\/products\/leginy-s-kapsami-zelene-bezesve\/","title":{"rendered":"Zelen\u00e9 beze\u0161v\u00e9 leg\u00edny s kapsami a tvaruj\u00edc\u00edm efektem"},"content":{"rendered":"<p>D\u00e1msk\u00e9 zelen\u00e9 beze\u0161v\u00e9 leg\u00edny s kapsami a tvaruj\u00edc\u00edm efektem. Tento model d\u00e1msk\u00fdch leg\u00edn je vyroben z elastick\u00e9 , na dotek p\u0159\u00edjemn\u00e9 tkaniny, kter\u00e1 dokonale stahuje a tvaruje t\u011blo, m\u00e1 dv\u011b bo\u010dn\u00ed kapsy na telefon nebo fitness kartu, poskytuj\u00ed pohodl\u00ed p\u0159i cvi\u010den\u00ed. Leg\u00edny jsou vyrobeny z beze\u0161v\u00e9 tkaniny , jsou mimo\u0159\u00e1dn\u011b odoln\u00e9, nezadr\u017euj\u00ed vlhkost v t\u011ble, zvedaj\u00ed, tvaruj\u00ed a stahuj\u00ed. \u0160irok\u00fd d\u00edl v pase jemn\u011b obep\u00edn\u00e1 pas a modeluje siluetu. Zaru\u010den\u011b nejpohodln\u011bj\u0161\u00ed leg\u00edny. K dost\u00e1n\u00ed v n\u011bkolika barv\u00e1ch, skv\u011ble lad\u00ed s podprsenkou stejn\u00e9 barvy nebo s dal\u0161\u00edmi modely top\u016f a bund.     <\/p>\n<ul>\n<li>Vysok\u00fd pas<\/li>\n<li>Dv\u011b bo\u010dn\u00ed kapsy<\/li>\n<li>Beze\u0161v\u00e1 tkanina<\/li>\n<li>Zvedaj\u00ed, tvaruj\u00ed a stahuj\u00ed<\/li>\n<li>Zakr\u00fdv\u00e1 probl\u00e9mov\u00e9 oblasti<\/li>\n<li>Broskvov\u00fd efekt<\/li>\n<li>Tepeln\u00fd potisk loga Peach Pump na zadn\u00ed stran\u011b leg\u00edn<\/li>\n<li>Tepeln\u00fd potisk loga Peach Pump vp\u0159edu na kapse leg\u00edn<\/li>\n<li>Beze\u0161v\u00e1 tkanina, kter\u00e1 nezadr\u017euje vlhkost v t\u011ble<\/li>\n<\/ul>\n<p>Slo\u017een\u00ed: 80 % polyester, 20 % elastan<\/p>\n<p>Leg\u00edny lze pr\u00e1t na 30 stup\u0148\u016f, neb\u011blit a ne\u010distit chemicky.<\/p>\n<p>Modelka na fotografii m\u011b\u0159\u00ed 178 cm, v\u00e1\u017e\u00ed 55 kg a m\u00e1 na sob\u011b velikost M. <\/p>\n<p>Pro v\u00fdb\u011br p\u0159esn\u00e9 velikosti pros\u00edm pou\u017eijte tabulek.<\/p>\n","protected":false},"excerpt":{"rendered":"<p>D\u00e1msk\u00e9 zelen\u00e9 beze\u0161v\u00e9 leg\u00edny s kapsami a tvaruj\u00edc\u00edm efektem. Tento model d\u00e1msk\u00fdch leg\u00edn je vyroben z elastick\u00e9 , na dotek p\u0159\u00edjemn\u00e9 tkaniny, kter\u00e1 dokonale stahuje a tvaruje t\u011blo, m\u00e1 dv\u011b bo\u010dn\u00ed kapsy na telefon nebo fitness kartu, poskytuj\u00ed pohodl\u00ed p\u0159i cvi\u010den\u00ed. Leg\u00edny jsou vyrobeny z beze\u0161v\u00e9 tkaniny , jsou mimo\u0159\u00e1dn\u011b odoln\u00e9, nezadr\u017euj\u00ed vlhkost v t\u011ble, [&hellip;]<\/p>\n","protected":false},"featured_media":99488,"comment_status":"open","ping_status":"closed","template":"","meta":[],"product_brand":[],"product_cat":[296,137,194],"product_tag":[],"class_list":{"0":"post-100332","1":"product","2":"type-product","3":"status-publish","4":"has-post-thumbnail","6":"product_cat-damske-leginy-dlouhe","7":"product_cat-damske-sportovni-leginy","8":"product_cat-leginy-s-kapsami","9":"pa_cviat-zelena-cs","10":"pa_razmer-l-cs","11":"pa_razmer-m-cs","12":"pa_razmer-s-cs-2","13":"pa_razmer-xl-cs","14":"inventories-world","15":"inventories-uk","17":"first","18":"instock","19":"taxable","20":"shipping-taxable","21":"purchasable","22":"product-type-variable"},"_links":{"self":[{"href":"https:\/\/staging6.peach-pump.com\/cs\/wp-json\/wp\/v2\/product\/100332","targetHints":{"allow":["GET"]}}],"collection":[{"href":"https:\/\/staging6.peach-pump.com\/cs\/wp-json\/wp\/v2\/product"}],"about":[{"href":"https:\/\/staging6.peach-pump.com\/cs\/wp-json\/wp\/v2\/types\/product"}],"replies":[{"embeddable":true,"href":"https:\/\/staging6.peach-pump.com\/cs\/wp-json\/wp\/v2\/comments?post=100332"}],"version-history":[{"count":0,"href":"https:\/\/staging6.peach-pump.com\/cs\/wp-json\/wp\/v2\/product\/100332\/revisions"}],"wp:featuredmedia":[{"embeddable":true,"href":"https:\/\/staging6.peach-pump.com\/cs\/wp-json\/wp\/v2\/media\/99488"}],"wp:attachment":[{"href":"https:\/\/staging6.peach-pump.com\/cs\/wp-json\/wp\/v2\/media?parent=100332"}],"wp:term":[{"taxonomy":"product_brand","embeddable":true,"href":"https:\/\/staging6.peach-pump.com\/cs\/wp-json\/wp\/v2\/product_brand?post=100332"},{"taxonomy":"product_cat","embeddable":true,"href":"https:\/\/staging6.peach-pump.com\/cs\/wp-json\/wp\/v2\/product_cat?post=100332"},{"taxonomy":"product_tag","embeddable":true,"href":"https:\/\/staging6.peach-pump.com\/cs\/wp-json\/wp\/v2\/product_tag?post=100332"}],"curies":[{"name":"wp","href":"https:\/\/api.w.org\/{rel}","templated":true}]}}