{"id":105256,"date":"2025-02-03T22:28:35","date_gmt":"2025-02-03T20:28:35","guid":{"rendered":"https:\/\/staging6.peach-pump.com\/products\/zelena-sportovni-bunda-korzet\/"},"modified":"2025-10-15T14:02:42","modified_gmt":"2025-10-15T12:02:42","slug":"zelena-sportovni-bunda-korzet","status":"publish","type":"product","link":"https:\/\/staging6.peach-pump.com\/cs\/products\/zelena-sportovni-bunda-korzet\/","title":{"rendered":"Tmav\u011b zelen\u00e1 korzetov\u00e1 sportovn\u00ed bunda"},"content":{"rendered":"<p>Tmav\u011b zelen\u00e1 sportovn\u00ed p\u0159il\u00e9hav\u00e1 bunda, korzetov\u00fd st\u0159ih. Tento model pas opticky zmen\u0161uje, l\u00e1tka je velmi kvalitn\u00ed, m\u011bkk\u00e1 a pru\u017en\u00e1, perfektn\u011b padne a dod\u00e1v\u00e1 kr\u00e1sn\u00e9, \u017eensk\u00e9 k\u0159ivky. Model m\u00e1 vy\u0161\u0161\u00ed l\u00edmec , zap\u00edn\u00e1 se vp\u0159edu na zip, vy\u0161it\u00e9 logo, ruk\u00e1vy maj\u00ed otvory na palce. Ve spodn\u00ed \u010d\u00e1sti bundy jsou skryt\u00e9 hlubok\u00e9 bo\u010dn\u00ed kapsy, kter\u00e9 se zap\u00ednaj\u00ed na skryt\u00fd zip. Bez probl\u00e9m\u016f do nich m\u016f\u017eete schovat kl\u00ed\u010de nebo telefon. Na rameni je vy\u0161it\u00e9 3D logo Peach Pump. Vhodn\u00e1 na proch\u00e1zku v parku i na intenzivn\u00ed tr\u00e9nink, tkanina odv\u00e1d\u00ed vlhkost od t\u011bla. K dost\u00e1n\u00ed je v p\u011bti sez\u00f3nn\u00edch trendov\u00fdch barv\u00e1ch, kter\u00e9 lze kombinovat s leg\u00ednami a podprsenkami. Pro inspiraci si prohl\u00e9dn\u011bte sekci Ready-to-wear na na\u0161ich webov\u00fdch str\u00e1nk\u00e1ch a vytvo\u0159te si dokonal\u00fd outfit na proch\u00e1zku nebo tr\u00e9nink.        <\/p>\n<ul>\n<li>3D vy\u0161it\u00e9 logo Peach Pump na rameni<\/li>\n<li>Zap\u00edn\u00e1n\u00ed na zip , reliefn\u011b vyti\u0161t\u011bn\u00e9 logo Peach Pump<\/li>\n<li>Skryt\u00e9 bo\u010dn\u00ed kapsy, diskr\u00e9tn\u00ed zap\u00edn\u00e1n\u00ed na zip<\/li>\n<li>Otvor na palec<\/li>\n<li>Tvaruj\u00edc\u00ed st\u0159ih<\/li>\n<li>Prody\u0161n\u00e1 tkanina, nezadr\u017euje vlhkost na t\u011ble<\/li>\n<\/ul>\n<p>Slo\u017een\u00ed: 72% nylon 28% spandex<\/p>\n<p>Bundu lze pr\u00e1t na 30 stup\u0148\u016f, nepou\u017e\u00edvat b\u011blidla a ne\u010distit chemicky<\/p>\n<p>Modelka na obr\u00e1zku je vysok\u00e1 179 cm, v\u00e1\u017e\u00ed 56 kg a m\u00e1 na sob\u011b velikost S.<\/p>\n","protected":false},"excerpt":{"rendered":"<p>Tmav\u011b zelen\u00e1 sportovn\u00ed p\u0159il\u00e9hav\u00e1 bunda, korzetov\u00fd st\u0159ih. Tento model pas opticky zmen\u0161uje, l\u00e1tka je velmi kvalitn\u00ed, m\u011bkk\u00e1 a pru\u017en\u00e1, perfektn\u011b padne a dod\u00e1v\u00e1 kr\u00e1sn\u00e9, \u017eensk\u00e9 k\u0159ivky. Model m\u00e1 vy\u0161\u0161\u00ed l\u00edmec , zap\u00edn\u00e1 se vp\u0159edu na zip, vy\u0161it\u00e9 logo, ruk\u00e1vy maj\u00ed otvory na palce. Ve spodn\u00ed \u010d\u00e1sti bundy jsou skryt\u00e9 hlubok\u00e9 bo\u010dn\u00ed kapsy, kter\u00e9 se zap\u00ednaj\u00ed [&hellip;]<\/p>\n","protected":false},"featured_media":104896,"comment_status":"open","ping_status":"closed","template":"","meta":[],"product_brand":[],"product_cat":[920],"product_tag":[],"class_list":{"0":"post-105256","1":"product","2":"type-product","3":"status-publish","4":"has-post-thumbnail","6":"product_cat-damske-bundy","7":"pa_cviat-zelena-cs","8":"pa_razmer-l-cs","9":"pa_razmer-m-cs","10":"pa_razmer-s-cs-2","11":"inventories-world","12":"inventories-uk","14":"first","15":"instock","16":"taxable","17":"shipping-taxable","18":"purchasable","19":"product-type-variable"},"_links":{"self":[{"href":"https:\/\/staging6.peach-pump.com\/en\/wp-json\/wp\/v2\/product\/105256","targetHints":{"allow":["GET"]}}],"collection":[{"href":"https:\/\/staging6.peach-pump.com\/en\/wp-json\/wp\/v2\/product"}],"about":[{"href":"https:\/\/staging6.peach-pump.com\/en\/wp-json\/wp\/v2\/types\/product"}],"replies":[{"embeddable":true,"href":"https:\/\/staging6.peach-pump.com\/en\/wp-json\/wp\/v2\/comments?post=105256"}],"version-history":[{"count":0,"href":"https:\/\/staging6.peach-pump.com\/en\/wp-json\/wp\/v2\/product\/105256\/revisions"}],"wp:featuredmedia":[{"embeddable":true,"href":"https:\/\/staging6.peach-pump.com\/en\/wp-json\/wp\/v2\/media\/104896"}],"wp:attachment":[{"href":"https:\/\/staging6.peach-pump.com\/en\/wp-json\/wp\/v2\/media?parent=105256"}],"wp:term":[{"taxonomy":"product_brand","embeddable":true,"href":"https:\/\/staging6.peach-pump.com\/en\/wp-json\/wp\/v2\/product_brand?post=105256"},{"taxonomy":"product_cat","embeddable":true,"href":"https:\/\/staging6.peach-pump.com\/en\/wp-json\/wp\/v2\/product_cat?post=105256"},{"taxonomy":"product_tag","embeddable":true,"href":"https:\/\/staging6.peach-pump.com\/en\/wp-json\/wp\/v2\/product_tag?post=105256"}],"curies":[{"name":"wp","href":"https:\/\/api.w.org\/{rel}","templated":true}]}}