{"id":111924,"date":"2025-03-29T11:14:46","date_gmt":"2025-03-29T09:14:46","guid":{"rendered":"https:\/\/staging6.peach-pump.com\/products\/%d1%87%d0%b5%d1%80%d0%bd%d0%be-%d0%b1%d1%8e%d1%81%d1%82%d0%b8%d0%b5-%d1%81-%d1%87%d0%b5%d1%80%d0%bd%d0%b8-%d0%bf%d1%80%d0%b5%d0%b7%d1%80%d0%b0%d0%bc%d0%ba%d0%b8\/"},"modified":"2025-11-09T00:00:05","modified_gmt":"2025-11-08T22:00:05","slug":"%d1%87%d0%b5%d1%80%d0%bd%d0%be-%d0%b1%d1%8e%d1%81%d1%82%d0%b8%d0%b5-%d1%81-%d1%87%d0%b5%d1%80%d0%bd%d0%b8-%d0%bf%d1%80%d0%b5%d0%b7%d1%80%d0%b0%d0%bc%d0%ba%d0%b8","status":"publish","type":"product","link":"https:\/\/staging6.peach-pump.com\/cs\/products\/%d1%87%d0%b5%d1%80%d0%bd%d0%be-%d0%b1%d1%8e%d1%81%d1%82%d0%b8%d0%b5-%d1%81-%d1%87%d0%b5%d1%80%d0%bd%d0%b8-%d0%bf%d1%80%d0%b5%d0%b7%d1%80%d0%b0%d0%bc%d0%ba%d0%b8\/","title":{"rendered":"\u010cern\u00e1 podprsenka s \u010dern\u00fdmi ram\u00ednky"},"content":{"rendered":"<p>\u010cern\u00e1 podprsenka s \u010dern\u00fdmi ram\u00ednky a vycp\u00e1vkami s push-up efektem. Tento model je vyroben z pru\u017en\u00e9, prody\u0161n\u00e9 tkaniny, kter\u00e1 odv\u00e1d\u00ed vlhkost od t\u011bla a poskytuje naprostou volnost pohybu b\u011bhem tr\u00e9ninku. Vycp\u00e1vky podprsenky jsou vyj\u00edmateln\u00e9 a vp\u0159edu je tepeln\u00fd potisk loga Peach Pump. Lze ji kombinovat s kr\u00e1tk\u00fdmi leg\u00ednami stejn\u00e9ho vzoru nebo jednobarevn\u00fdmi dlouh\u00fdmi leg\u00ednami.   <\/p>\n<p>Sv\u011b\u017e\u00ed n\u00e1vrh, d\u00edky kter\u00e9mu se budete c\u00edtit kr\u00e1sn\u00e1 a sexy.<\/p>\n<ul>\n<li> Vycp\u00e1vky, vyj\u00edmateln\u00e9<\/li>\n<li> Push-Up efekt<\/li>\n<li> Velk\u00e1 pru\u017enost<\/li>\n<li> Tepeln\u00fd potisk loga Peach Pump v p\u0159edn\u00ed \u010d\u00e1sti podprsenky<\/li>\n<li> Tkanina, kter\u00e1 odv\u00e1d\u00ed vlhkost od t\u011bla<\/li>\n<\/ul>\n<p>Slo\u017een\u00ed: 80 % polyester, 20 % elastan<\/p>\n<p>Bustier lze pr\u00e1t p\u0159i teplot\u00e1ch do 30 stup\u0148\u016f, p\u0159i pran\u00ed doporu\u010dujeme obr\u00e1tit, nepou\u017e\u00edvejte pros\u00edm b\u011blidla ani chemick\u00e9 \u010di\u0161t\u011bn\u00ed.<\/p>\n<p>Modelka na fotografii m\u011b\u0159\u00ed 170 cm, v\u00e1\u017e\u00ed 49 kg a m\u00e1 na sob\u011b podprsenku velikosti S.<\/p>\n<p>Pro v\u00fdb\u011br p\u0159esn\u00e9 velikosti pros\u00edm pou\u017eijte tabulek.<\/p>\n","protected":false},"excerpt":{"rendered":"<p>\u010cern\u00e1 podprsenka s \u010dern\u00fdmi ram\u00ednky a vycp\u00e1vkami s push-up efektem. Tento model je vyroben z pru\u017en\u00e9, prody\u0161n\u00e9 tkaniny, kter\u00e1 odv\u00e1d\u00ed vlhkost od t\u011bla a poskytuje naprostou volnost pohybu b\u011bhem tr\u00e9ninku. Vycp\u00e1vky podprsenky jsou vyj\u00edmateln\u00e9 a vp\u0159edu je tepeln\u00fd potisk loga Peach Pump. Lze ji kombinovat s kr\u00e1tk\u00fdmi leg\u00ednami stejn\u00e9ho vzoru nebo jednobarevn\u00fdmi dlouh\u00fdmi leg\u00ednami. Sv\u011b\u017e\u00ed [&hellip;]<\/p>\n","protected":false},"featured_media":110088,"comment_status":"open","ping_status":"closed","template":"","meta":[],"product_brand":[],"product_cat":[346],"product_tag":[],"class_list":{"0":"post-111924","1":"product","2":"type-product","3":"status-publish","4":"has-post-thumbnail","6":"product_cat-damske-podprsenky-sportovni-fitness","7":"pa_cviat-cerna-bila","8":"pa_razmer-l-cs","9":"pa_razmer-m-cs","10":"pa_razmer-s-cs-2","11":"inventories-world","12":"inventories-uk","14":"first","15":"instock","16":"taxable","17":"shipping-taxable","18":"purchasable","19":"product-type-variable"},"_links":{"self":[{"href":"https:\/\/staging6.peach-pump.com\/en\/wp-json\/wp\/v2\/product\/111924","targetHints":{"allow":["GET"]}}],"collection":[{"href":"https:\/\/staging6.peach-pump.com\/en\/wp-json\/wp\/v2\/product"}],"about":[{"href":"https:\/\/staging6.peach-pump.com\/en\/wp-json\/wp\/v2\/types\/product"}],"replies":[{"embeddable":true,"href":"https:\/\/staging6.peach-pump.com\/en\/wp-json\/wp\/v2\/comments?post=111924"}],"version-history":[{"count":0,"href":"https:\/\/staging6.peach-pump.com\/en\/wp-json\/wp\/v2\/product\/111924\/revisions"}],"wp:featuredmedia":[{"embeddable":true,"href":"https:\/\/staging6.peach-pump.com\/en\/wp-json\/wp\/v2\/media\/110088"}],"wp:attachment":[{"href":"https:\/\/staging6.peach-pump.com\/en\/wp-json\/wp\/v2\/media?parent=111924"}],"wp:term":[{"taxonomy":"product_brand","embeddable":true,"href":"https:\/\/staging6.peach-pump.com\/en\/wp-json\/wp\/v2\/product_brand?post=111924"},{"taxonomy":"product_cat","embeddable":true,"href":"https:\/\/staging6.peach-pump.com\/en\/wp-json\/wp\/v2\/product_cat?post=111924"},{"taxonomy":"product_tag","embeddable":true,"href":"https:\/\/staging6.peach-pump.com\/en\/wp-json\/wp\/v2\/product_tag?post=111924"}],"curies":[{"name":"wp","href":"https:\/\/api.w.org\/{rel}","templated":true}]}}