{"id":113779,"date":"2025-04-21T11:47:28","date_gmt":"2025-04-21T09:47:28","guid":{"rendered":"https:\/\/staging6.peach-pump.com\/products\/cerne-tilko-s-vycpavkami\/"},"modified":"2025-11-02T20:29:29","modified_gmt":"2025-11-02T18:29:29","slug":"cerne-tilko-s-vycpavkami","status":"publish","type":"product","link":"https:\/\/staging6.peach-pump.com\/cs\/products\/cerne-tilko-s-vycpavkami\/","title":{"rendered":"Vykrojen\u00e9 \u010dern\u00e9 t\u00edlko s vycp\u00e1vkami"},"content":{"rendered":"<p>D\u00e1msk\u00e9 \u010dern\u00e9 vykrojen\u00e9 t\u00edlko s vyj\u00edmateln\u00fdmi vycp\u00e1vkami. Tkanina modelu je \u017eebrovan\u00e1 s jemnou pod\u0161\u00edvkou a m\u00e1 modern\u00ed design , t\u00edlko je vp\u0159edu a vzadu vykrojen\u00e9. Je vhodn\u00e9 na tr\u00e9nink i voln\u00fd \u010das, poskytuje plnou volnost pohybu a sexy vzhled. K dost\u00e1n\u00ed ve dvou barv\u00e1ch &#8211; b\u00edl\u00e9 a \u010dern\u00e9.   <\/p>\n<ul>\n<li>Vycp\u00e1vky s push-up efektem<\/li>\n<li>P\u0159il\u00e9hav\u00e1 \u017eebrovan\u00e1 tkanina<\/li>\n<li>Pod\u0161\u00edvka<\/li>\n<li>Vykrojen\u00e9 vp\u0159edu a vzadu<\/li>\n<li>Tepeln\u00fd potisk loga Peach Pump<\/li>\n<\/ul>\n<p>Slo\u017een\u00ed: 80 % polyester, 20 % elastan<\/p>\n<p>Podprsenku lze pr\u00e1t na 30 stup\u0148\u016f, nepou\u017e\u00edvat b\u011blidla a ne\u010distit chemicky.<\/p>\n<p>Modelka na fotografii m\u011b\u0159\u00ed 167 cm, v\u00e1\u017e\u00ed 50 kg a m\u00e1 na sob\u011b velikost M.<\/p>\n<p>Pro v\u00fdb\u011br p\u0159esn\u00e9 velikosti pros\u00edm pou\u017eijte tabulek.<\/p>\n","protected":false},"excerpt":{"rendered":"<p>D\u00e1msk\u00e9 \u010dern\u00e9 vykrojen\u00e9 t\u00edlko s vyj\u00edmateln\u00fdmi vycp\u00e1vkami. Tkanina modelu je \u017eebrovan\u00e1 s jemnou pod\u0161\u00edvkou a m\u00e1 modern\u00ed design , t\u00edlko je vp\u0159edu a vzadu vykrojen\u00e9. Je vhodn\u00e9 na tr\u00e9nink i voln\u00fd \u010das, poskytuje plnou volnost pohybu a sexy vzhled. K dost\u00e1n\u00ed ve dvou barv\u00e1ch &#8211; b\u00edl\u00e9 a \u010dern\u00e9. Vycp\u00e1vky s push-up efektem P\u0159il\u00e9hav\u00e1 \u017eebrovan\u00e1 tkanina [&hellip;]<\/p>\n","protected":false},"featured_media":112673,"comment_status":"open","ping_status":"closed","template":"","meta":[],"product_brand":[],"product_cat":[346],"product_tag":[],"class_list":{"0":"post-113779","1":"product","2":"type-product","3":"status-publish","4":"has-post-thumbnail","6":"product_cat-damske-podprsenky-sportovni-fitness","7":"pa_cviat-cerna","8":"pa_razmer-l-cs","9":"pa_razmer-m-cs","10":"pa_razmer-s-cs-2","11":"inventories-world","13":"first","14":"instock","15":"sale","16":"taxable","17":"shipping-taxable","18":"purchasable","19":"product-type-variable"},"_links":{"self":[{"href":"https:\/\/staging6.peach-pump.com\/cs\/wp-json\/wp\/v2\/product\/113779","targetHints":{"allow":["GET"]}}],"collection":[{"href":"https:\/\/staging6.peach-pump.com\/cs\/wp-json\/wp\/v2\/product"}],"about":[{"href":"https:\/\/staging6.peach-pump.com\/cs\/wp-json\/wp\/v2\/types\/product"}],"replies":[{"embeddable":true,"href":"https:\/\/staging6.peach-pump.com\/cs\/wp-json\/wp\/v2\/comments?post=113779"}],"version-history":[{"count":0,"href":"https:\/\/staging6.peach-pump.com\/cs\/wp-json\/wp\/v2\/product\/113779\/revisions"}],"wp:featuredmedia":[{"embeddable":true,"href":"https:\/\/staging6.peach-pump.com\/cs\/wp-json\/wp\/v2\/media\/112673"}],"wp:attachment":[{"href":"https:\/\/staging6.peach-pump.com\/cs\/wp-json\/wp\/v2\/media?parent=113779"}],"wp:term":[{"taxonomy":"product_brand","embeddable":true,"href":"https:\/\/staging6.peach-pump.com\/cs\/wp-json\/wp\/v2\/product_brand?post=113779"},{"taxonomy":"product_cat","embeddable":true,"href":"https:\/\/staging6.peach-pump.com\/cs\/wp-json\/wp\/v2\/product_cat?post=113779"},{"taxonomy":"product_tag","embeddable":true,"href":"https:\/\/staging6.peach-pump.com\/cs\/wp-json\/wp\/v2\/product_tag?post=113779"}],"curies":[{"name":"wp","href":"https:\/\/api.w.org\/{rel}","templated":true}]}}