{"id":115356,"date":"2025-05-13T19:00:56","date_gmt":"2025-05-13T17:00:56","guid":{"rendered":"https:\/\/staging6.peach-pump.com\/products\/sede-sportovni-ponozky-bile-pruhy\/"},"modified":"2025-11-08T19:24:06","modified_gmt":"2025-11-08T17:24:06","slug":"sede-sportovni-ponozky-bile-pruhy","status":"publish","type":"product","link":"https:\/\/staging6.peach-pump.com\/cs\/products\/sede-sportovni-ponozky-bile-pruhy\/","title":{"rendered":"\u0160ed\u00e9 sportovn\u00ed pono\u017eky s b\u00edl\u00fdmi pruhy Peach Pump"},"content":{"rendered":"<p>\u0160ed\u00e9 sportovn\u00ed pono\u017eky s b\u00edl\u00fdmi pruhy a vy\u0161it\u00fdm logem Peach Pump, maj\u00ed zes\u00edlenou spodn\u00ed \u010d\u00e1st a poskytuj\u00ed odolnost, stabilitu a tlumen\u00ed p\u0159i pohybu. Jsou vyrobeny z tkaniny odv\u00e1d\u011bj\u00edc\u00ed vlhkost, kter\u00e1 v\u00e1s udr\u017e\u00ed sv\u011b\u017e\u00ed. <\/p>\n<ul>\n<li>M\u011bkk\u00e1 tkanina<\/li>\n<li>vysok\u00e1 kvalita<\/li>\n<li>Pru\u017enost<\/li>\n<li>80 % bavlna<\/li>\n<li>Vy\u0161it\u00e9 logo Peach Pump<\/li>\n<li>Zes\u00edlen\u00e1 podn\u00ed \u010d\u00e1st pro v\u011bt\u0161\u00ed odolnost<\/li>\n<li>Crew size &#8211; d\u00e9lka l\u00fdtka<\/li>\n<\/ul>\n<p>Materi\u00e1l: 80% bavlna, 17% polyester, 3% spandex.<\/p>\n<p>Lze pr\u00e1t na 40 \u00b0C, ne\u010distit chemicky, su\u0161en\u00ed p\u0159i n\u00edzk\u00e9 teplot\u011b.<\/p>\n<p>Pono\u017eky nelze vr\u00e1tit ani vym\u011bnit!<\/p>\n","protected":false},"excerpt":{"rendered":"<p>\u0160ed\u00e9 sportovn\u00ed pono\u017eky s b\u00edl\u00fdmi pruhy a vy\u0161it\u00fdm logem Peach Pump, maj\u00ed zes\u00edlenou spodn\u00ed \u010d\u00e1st a poskytuj\u00ed odolnost, stabilitu a tlumen\u00ed p\u0159i pohybu. Jsou vyrobeny z tkaniny odv\u00e1d\u011bj\u00edc\u00ed vlhkost, kter\u00e1 v\u00e1s udr\u017e\u00ed sv\u011b\u017e\u00ed. M\u011bkk\u00e1 tkanina vysok\u00e1 kvalita Pru\u017enost 80 % bavlna Vy\u0161it\u00e9 logo Peach Pump Zes\u00edlen\u00e1 podn\u00ed \u010d\u00e1st pro v\u011bt\u0161\u00ed odolnost Crew size &#8211; d\u00e9lka [&hellip;]<\/p>\n","protected":false},"featured_media":115197,"comment_status":"open","ping_status":"closed","template":"","meta":[],"product_brand":[],"product_cat":[791],"product_tag":[],"class_list":{"0":"post-115356","1":"product","2":"type-product","3":"status-publish","4":"has-post-thumbnail","6":"product_cat-doplnky","7":"pa_cviat-seda","8":"pa_razmer-jedna-velikost","9":"inventories-world","11":"first","12":"instock","13":"sale","14":"taxable","15":"shipping-taxable","16":"purchasable","17":"product-type-variable"},"_links":{"self":[{"href":"https:\/\/staging6.peach-pump.com\/en\/wp-json\/wp\/v2\/product\/115356","targetHints":{"allow":["GET"]}}],"collection":[{"href":"https:\/\/staging6.peach-pump.com\/en\/wp-json\/wp\/v2\/product"}],"about":[{"href":"https:\/\/staging6.peach-pump.com\/en\/wp-json\/wp\/v2\/types\/product"}],"replies":[{"embeddable":true,"href":"https:\/\/staging6.peach-pump.com\/en\/wp-json\/wp\/v2\/comments?post=115356"}],"version-history":[{"count":0,"href":"https:\/\/staging6.peach-pump.com\/en\/wp-json\/wp\/v2\/product\/115356\/revisions"}],"wp:featuredmedia":[{"embeddable":true,"href":"https:\/\/staging6.peach-pump.com\/en\/wp-json\/wp\/v2\/media\/115197"}],"wp:attachment":[{"href":"https:\/\/staging6.peach-pump.com\/en\/wp-json\/wp\/v2\/media?parent=115356"}],"wp:term":[{"taxonomy":"product_brand","embeddable":true,"href":"https:\/\/staging6.peach-pump.com\/en\/wp-json\/wp\/v2\/product_brand?post=115356"},{"taxonomy":"product_cat","embeddable":true,"href":"https:\/\/staging6.peach-pump.com\/en\/wp-json\/wp\/v2\/product_cat?post=115356"},{"taxonomy":"product_tag","embeddable":true,"href":"https:\/\/staging6.peach-pump.com\/en\/wp-json\/wp\/v2\/product_tag?post=115356"}],"curies":[{"name":"wp","href":"https:\/\/api.w.org\/{rel}","templated":true}]}}