{"id":115366,"date":"2025-05-13T19:07:34","date_gmt":"2025-05-13T17:07:34","guid":{"rendered":"https:\/\/staging6.peach-pump.com\/products\/ruzove-leginy-s-kapsami-tvarujici\/"},"modified":"2025-11-06T22:00:15","modified_gmt":"2025-11-06T20:00:15","slug":"ruzove-leginy-s-kapsami-tvarujici","status":"publish","type":"product","link":"https:\/\/staging6.peach-pump.com\/cs\/products\/ruzove-leginy-s-kapsami-tvarujici\/","title":{"rendered":"R\u016f\u017eov\u00e9 leg\u00edny s kapsami a tvaruj\u00edc\u00edm efektem"},"content":{"rendered":"<p>D\u00e1msk\u00e9 beze\u0161v\u00e9 r\u016f\u017eov\u00e9 leg\u00edny s kapsami a tvaruj\u00edc\u00edm efektem. Tento model d\u00e1msk\u00fdch leg\u00edn je vyroben z elastick\u00e9 , na dotek p\u0159\u00edjemn\u00e9 tkaniny, kter\u00e1 dokonale postavu stahuje a tvaruje, jsou vybaveny dv\u011bma bo\u010dn\u00edmi kapsami vhodn\u00fdmi na telefon nebo fitness kartu a poskytuj\u00ed pohodl\u00ed p\u0159i cvi\u010den\u00ed. Leg\u00edny jsou vyrobeny z beze\u0161v\u00e9 tkaniny , jsou mimo\u0159\u00e1dn\u011b odoln\u00e9, nezadr\u017euj\u00ed vlhkost v t\u011ble, zvedaj\u00ed, tvaruj\u00ed a stahuj\u00ed. \u0160irok\u00fd p\u00e1s jemn\u011b pas obep\u00edn\u00e1 a siluetu modeluje. Zaru\u010den\u011b nejpohodln\u011bj\u0161\u00ed druh leg\u00edn. K dost\u00e1n\u00ed v n\u011bkolika barv\u00e1ch, skv\u011ble lad\u00ed s podprsenkou stejn\u00e9 barvy nebo s na\u0161imi dal\u0161\u00edmi modely top\u016f a bund.     <\/p>\n<ul>\n<li>Vysok\u00fd pas<\/li>\n<li>Dv\u011b bo\u010dn\u00ed kapsy<\/li>\n<li>Beze\u0161v\u00e1 tkanina<\/li>\n<li>Zvedaj\u00ed, tvaruj\u00ed a stahuj\u00ed<\/li>\n<li>Zakr\u00fdv\u00e1 probl\u00e9mov\u00e9 oblasti<\/li>\n<li>Broskvov\u00fd efekt<\/li>\n<li>Tepeln\u00fd potisk loga Peach Pump na zadn\u00ed stran\u011b leg\u00edn<\/li>\n<li>Tepeln\u00fd potisk loga Peach Pump vp\u0159edu na kapse leg\u00edn<\/li>\n<li>Beze\u0161v\u00e1 tkanina, kter\u00e1 nezadr\u017euje vlhkost v t\u011ble<\/li>\n<\/ul>\n<p>Slo\u017een\u00ed: 80 % polyester, 20 % elastan<\/p>\n<p>Leg\u00edny lze pr\u00e1t na 30 stup\u0148\u016f, neb\u011blit a ne\u010distit chemicky.<\/p>\n<p>Model na obr\u00e1zku m\u011b\u0159\u00ed 165 cm a v\u00e1\u017e\u00ed 53 kg. a m\u00e1 na sob\u011b velikost S.<\/p>\n<p>Pro v\u00fdb\u011br p\u0159esn\u00e9 velikosti pros\u00edm pou\u017eijte tabulek.<\/p>\n","protected":false},"excerpt":{"rendered":"<p>D\u00e1msk\u00e9 beze\u0161v\u00e9 r\u016f\u017eov\u00e9 leg\u00edny s kapsami a tvaruj\u00edc\u00edm efektem. Tento model d\u00e1msk\u00fdch leg\u00edn je vyroben z elastick\u00e9 , na dotek p\u0159\u00edjemn\u00e9 tkaniny, kter\u00e1 dokonale postavu stahuje a tvaruje, jsou vybaveny dv\u011bma bo\u010dn\u00edmi kapsami vhodn\u00fdmi na telefon nebo fitness kartu a poskytuj\u00ed pohodl\u00ed p\u0159i cvi\u010den\u00ed. Leg\u00edny jsou vyrobeny z beze\u0161v\u00e9 tkaniny , jsou mimo\u0159\u00e1dn\u011b odoln\u00e9, nezadr\u017euj\u00ed [&hellip;]<\/p>\n","protected":false},"featured_media":116729,"comment_status":"open","ping_status":"closed","template":"","meta":[],"product_brand":[],"product_cat":[296,137,194],"product_tag":[],"class_list":{"0":"post-115366","1":"product","2":"type-product","3":"status-publish","4":"has-post-thumbnail","6":"product_cat-damske-leginy-dlouhe","7":"product_cat-damske-sportovni-leginy","8":"product_cat-leginy-s-kapsami","9":"pa_cviat-ruzovy","10":"pa_razmer-m-cs","11":"pa_razmer-s-cs-2","12":"inventories-world","14":"first","15":"instock","16":"taxable","17":"shipping-taxable","18":"purchasable","19":"product-type-variable"},"_links":{"self":[{"href":"https:\/\/staging6.peach-pump.com\/cs\/wp-json\/wp\/v2\/product\/115366","targetHints":{"allow":["GET"]}}],"collection":[{"href":"https:\/\/staging6.peach-pump.com\/cs\/wp-json\/wp\/v2\/product"}],"about":[{"href":"https:\/\/staging6.peach-pump.com\/cs\/wp-json\/wp\/v2\/types\/product"}],"replies":[{"embeddable":true,"href":"https:\/\/staging6.peach-pump.com\/cs\/wp-json\/wp\/v2\/comments?post=115366"}],"version-history":[{"count":0,"href":"https:\/\/staging6.peach-pump.com\/cs\/wp-json\/wp\/v2\/product\/115366\/revisions"}],"wp:featuredmedia":[{"embeddable":true,"href":"https:\/\/staging6.peach-pump.com\/cs\/wp-json\/wp\/v2\/media\/116729"}],"wp:attachment":[{"href":"https:\/\/staging6.peach-pump.com\/cs\/wp-json\/wp\/v2\/media?parent=115366"}],"wp:term":[{"taxonomy":"product_brand","embeddable":true,"href":"https:\/\/staging6.peach-pump.com\/cs\/wp-json\/wp\/v2\/product_brand?post=115366"},{"taxonomy":"product_cat","embeddable":true,"href":"https:\/\/staging6.peach-pump.com\/cs\/wp-json\/wp\/v2\/product_cat?post=115366"},{"taxonomy":"product_tag","embeddable":true,"href":"https:\/\/staging6.peach-pump.com\/cs\/wp-json\/wp\/v2\/product_tag?post=115366"}],"curies":[{"name":"wp","href":"https:\/\/api.w.org\/{rel}","templated":true}]}}