{"id":115446,"date":"2025-05-09T14:06:00","date_gmt":"2025-05-09T12:06:00","guid":{"rendered":"https:\/\/staging6.peach-pump.com\/products\/kratke-bile-sportovni-saty-s-leginami\/"},"modified":"2025-11-01T16:22:21","modified_gmt":"2025-11-01T14:22:21","slug":"kratke-bile-sportovni-saty-s-leginami","status":"publish","type":"product","link":"https:\/\/staging6.peach-pump.com\/cs\/products\/kratke-bile-sportovni-saty-s-leginami\/","title":{"rendered":"Kr\u00e1tk\u00e9 b\u00edl\u00e9 sportovn\u00ed \u0161aty s leg\u00ednami"},"content":{"rendered":"<p>B\u00edl\u00e9 kr\u00e1tk\u00e9 sportovn\u00ed \u0161aty s leg\u00ednami a \u010dern\u00fdm lemov\u00e1n\u00edm na okraj\u00edch. Model je vybaven vyj\u00edmateln\u00fdmi vycp\u00e1vkami se zvedaj\u00edc\u00edm efektem. Vyzna\u010duj\u00ed se vykrojen\u00fdmi detaily v pase, kter\u00e9 pas opticky zmen\u0161uj\u00ed a vytvaruj\u00ed siluetu p\u0159es\u00fdpac\u00edch hodin. \u0160aty jsou krat\u0161\u00edho modelu, ale jsou vybaveny integrovan\u00fdmi leg\u00ednami, kter\u00e9 poskytuj\u00ed naprostou volnost pohybu. Model je vhodn\u00fd na tenis, do posilovny nebo na proch\u00e1zku do parku, v n\u011bm nez\u016fstanete bez pov\u0161imnut\u00ed.    <\/p>\n<ul>\n<li>Kr\u00e1tk\u00fd model<\/li>\n<li>Integrovan\u00e9 leg\u00edny<\/li>\n<li>Vycp\u00e1vky s push-up efektem<\/li>\n<li>\u010c\u00e1ste\u010dn\u00e9 \u010dern\u00e9 lemov\u00e1n\u00ed<\/li>\n<li>Pru\u017en\u00e1 tkanina<\/li>\n<li>Tepeln\u00fd potisk loga Peach Pump na zadn\u00ed stran\u011b<\/li>\n<li>Tepeln\u00fd potisk loga Peach Pump v p\u0159edn\u00ed \u010d\u00e1sti \u0161at\u016f pod poprs\u00edm.<\/li>\n<li>Otvory v pase<\/li>\n<li>Tkanina, kter\u00e1 odv\u00e1d\u00ed vlhkost od t\u011bla<\/li>\n<\/ul>\n<p>Slo\u017een\u00ed: 92 % nylon ; 8 % spandex<\/p>\n<p>\u0160aty lze pr\u00e1t na 30 stup\u0148\u016f, neb\u011blit a ne\u010distit chemicky.<\/p>\n<p>Modelka na obr\u00e1zku m\u011b\u0159\u00ed 168 cm, v\u00e1\u017e\u00ed 51 kg a m\u00e1 na sob\u011b velikost S.<\/p>\n<p>Pro v\u00fdb\u011br p\u0159esn\u00e9 velikosti pros\u00edm pou\u017eijte tabulek.<\/p>\n","protected":false},"excerpt":{"rendered":"<p>B\u00edl\u00e9 kr\u00e1tk\u00e9 sportovn\u00ed \u0161aty s leg\u00ednami a \u010dern\u00fdm lemov\u00e1n\u00edm na okraj\u00edch. Model je vybaven vyj\u00edmateln\u00fdmi vycp\u00e1vkami se zvedaj\u00edc\u00edm efektem. Vyzna\u010duj\u00ed se vykrojen\u00fdmi detaily v pase, kter\u00e9 pas opticky zmen\u0161uj\u00ed a vytvaruj\u00ed siluetu p\u0159es\u00fdpac\u00edch hodin. \u0160aty jsou krat\u0161\u00edho modelu, ale jsou vybaveny integrovan\u00fdmi leg\u00ednami, kter\u00e9 poskytuj\u00ed naprostou volnost pohybu. Model je vhodn\u00fd na tenis, do posilovny [&hellip;]<\/p>\n","protected":false},"featured_media":114704,"comment_status":"open","ping_status":"closed","template":"","meta":[],"product_brand":[],"product_cat":[347,348,1125,1175],"product_tag":[],"class_list":{"0":"post-115446","1":"product","2":"type-product","3":"status-publish","4":"has-post-thumbnail","6":"product_cat-damske-sportovni-outfity","7":"product_cat-kratke-sportovni-outfity-leginy","8":"product_cat-sportovni-damske-overaly","9":"product_cat-sportovni-saty-a-sukne","10":"pa_cviat-bily-cs","11":"pa_razmer-m-cs","12":"pa_razmer-s-cs-2","13":"inventories-world","15":"first","16":"instock","17":"taxable","18":"shipping-taxable","19":"purchasable","20":"product-type-variable"},"_links":{"self":[{"href":"https:\/\/staging6.peach-pump.com\/en\/wp-json\/wp\/v2\/product\/115446","targetHints":{"allow":["GET"]}}],"collection":[{"href":"https:\/\/staging6.peach-pump.com\/en\/wp-json\/wp\/v2\/product"}],"about":[{"href":"https:\/\/staging6.peach-pump.com\/en\/wp-json\/wp\/v2\/types\/product"}],"replies":[{"embeddable":true,"href":"https:\/\/staging6.peach-pump.com\/en\/wp-json\/wp\/v2\/comments?post=115446"}],"version-history":[{"count":0,"href":"https:\/\/staging6.peach-pump.com\/en\/wp-json\/wp\/v2\/product\/115446\/revisions"}],"wp:featuredmedia":[{"embeddable":true,"href":"https:\/\/staging6.peach-pump.com\/en\/wp-json\/wp\/v2\/media\/114704"}],"wp:attachment":[{"href":"https:\/\/staging6.peach-pump.com\/en\/wp-json\/wp\/v2\/media?parent=115446"}],"wp:term":[{"taxonomy":"product_brand","embeddable":true,"href":"https:\/\/staging6.peach-pump.com\/en\/wp-json\/wp\/v2\/product_brand?post=115446"},{"taxonomy":"product_cat","embeddable":true,"href":"https:\/\/staging6.peach-pump.com\/en\/wp-json\/wp\/v2\/product_cat?post=115446"},{"taxonomy":"product_tag","embeddable":true,"href":"https:\/\/staging6.peach-pump.com\/en\/wp-json\/wp\/v2\/product_tag?post=115446"}],"curies":[{"name":"wp","href":"https:\/\/api.w.org\/{rel}","templated":true}]}}