{"id":115453,"date":"2025-05-09T12:51:43","date_gmt":"2025-05-09T10:51:43","guid":{"rendered":"https:\/\/staging6.peach-pump.com\/products\/kratke-cerne-leginy-kapsy\/"},"modified":"2025-11-01T22:35:28","modified_gmt":"2025-11-01T20:35:28","slug":"kratke-cerne-leginy-kapsy","status":"publish","type":"product","link":"https:\/\/staging6.peach-pump.com\/cs\/products\/kratke-cerne-leginy-kapsy\/","title":{"rendered":"Kr\u00e1tk\u00e9 \u010dern\u00e9 leg\u00edny s kapsami a tvaruj\u00edc\u00edm efektem"},"content":{"rendered":"<p>Kr\u00e1tk\u00e9 \u010dern\u00e9 leg\u00edny s kapsami a tvaruj\u00edc\u00edm efektem. Tento model d\u00e1msk\u00fdch leg\u00edn je vyroben z elastick\u00e9 , na dotek p\u0159\u00edjemn\u00e9 tkaniny s elastick\u00fdm \u0161vem vzadu typu invisible scrunch; dokonale postavu tvaruj\u00ed, jsou vybaveny dv\u011bma bo\u010dn\u00edmi kapsami vhodn\u00fdmi na telefon nebo fitness kartu a poskytuj\u00ed pohodl\u00ed p\u0159i cvi\u010den\u00ed. Leg\u00edny jsou vyrobeny z beze\u0161v\u00e9 tkaniny , jsou mimo\u0159\u00e1dn\u011b odoln\u00e9, nezadr\u017euj\u00ed vlhkost v t\u011ble, zvedaj\u00ed, tvaruj\u00ed a stahuj\u00ed. Zaru\u010den\u011b nejpohodln\u011bj\u0161\u00ed druh leg\u00edn, v nich\u017e se budete c\u00edtit pohodln\u011b b\u011bhem jak\u00e9koli sportovn\u00ed aktivity. K dost\u00e1n\u00ed v n\u011bkolika barv\u00e1ch, skv\u011ble lad\u00ed s podprsenkou stejn\u00e9 barvy nebo s na\u0161imi dal\u0161\u00edmi modely top\u016f a bund.     <\/p>\n<ul>\n<li>Vysok\u00fd pas<\/li>\n<li>Dv\u011b bo\u010dn\u00ed kapsy<\/li>\n<li>Beze\u0161v\u00e1 tkanina<\/li>\n<li>Zvedaj\u00ed, tvaruj\u00ed a stahuj\u00ed<\/li>\n<li>Zakr\u00fdv\u00e1 probl\u00e9mov\u00e9 oblasti<\/li>\n<li>Broskvov\u00fd efekt typu invisible scrunch<\/li>\n<li>Tepeln\u00fd potisk loga Peach Pump na zadn\u00ed stran\u011b leg\u00edn<\/li>\n<li>Tepeln\u00fd potisk loga Peach Pump vp\u0159edu na kapse leg\u00edn<\/li>\n<li>Beze\u0161v\u00e1 tkanina, kter\u00e1 nezadr\u017euje vlhkost v t\u011ble<\/li>\n<\/ul>\n<p>Slo\u017een\u00ed: 92 % nylon ; 8 % spandex<\/p>\n<p>Leg\u00edny lze pr\u00e1t na 30 stup\u0148\u016f, neb\u011blit a ne\u010distit chemicky.<\/p>\n<p>Model na obr\u00e1zku m\u011b\u0159\u00ed 168 cm a v\u00e1\u017e\u00ed 51 kg. a m\u00e1 na sob\u011b velikost S.<\/p>\n<p>Pro v\u00fdb\u011br p\u0159esn\u00e9 velikosti pros\u00edm pou\u017eijte tabulek.<\/p>\n","protected":false},"excerpt":{"rendered":"<p>Kr\u00e1tk\u00e9 \u010dern\u00e9 leg\u00edny s kapsami a tvaruj\u00edc\u00edm efektem. Tento model d\u00e1msk\u00fdch leg\u00edn je vyroben z elastick\u00e9 , na dotek p\u0159\u00edjemn\u00e9 tkaniny s elastick\u00fdm \u0161vem vzadu typu invisible scrunch; dokonale postavu tvaruj\u00ed, jsou vybaveny dv\u011bma bo\u010dn\u00edmi kapsami vhodn\u00fdmi na telefon nebo fitness kartu a poskytuj\u00ed pohodl\u00ed p\u0159i cvi\u010den\u00ed. Leg\u00edny jsou vyrobeny z beze\u0161v\u00e9 tkaniny , jsou [&hellip;]<\/p>\n","protected":false},"featured_media":114210,"comment_status":"open","ping_status":"closed","template":"","meta":[],"product_brand":[],"product_cat":[197,137,194],"product_tag":[],"class_list":{"0":"post-115453","1":"product","2":"type-product","3":"status-publish","4":"has-post-thumbnail","6":"product_cat-kratke-leginy","7":"product_cat-damske-sportovni-leginy","8":"product_cat-leginy-s-kapsami","9":"pa_cviat-cerna","10":"pa_razmer-l-cs","11":"pa_razmer-m-cs","12":"pa_razmer-s-cs-2","13":"inventories-world","15":"first","16":"instock","17":"taxable","18":"shipping-taxable","19":"purchasable","20":"product-type-variable"},"_links":{"self":[{"href":"https:\/\/staging6.peach-pump.com\/cs\/wp-json\/wp\/v2\/product\/115453","targetHints":{"allow":["GET"]}}],"collection":[{"href":"https:\/\/staging6.peach-pump.com\/cs\/wp-json\/wp\/v2\/product"}],"about":[{"href":"https:\/\/staging6.peach-pump.com\/cs\/wp-json\/wp\/v2\/types\/product"}],"replies":[{"embeddable":true,"href":"https:\/\/staging6.peach-pump.com\/cs\/wp-json\/wp\/v2\/comments?post=115453"}],"version-history":[{"count":0,"href":"https:\/\/staging6.peach-pump.com\/cs\/wp-json\/wp\/v2\/product\/115453\/revisions"}],"wp:featuredmedia":[{"embeddable":true,"href":"https:\/\/staging6.peach-pump.com\/cs\/wp-json\/wp\/v2\/media\/114210"}],"wp:attachment":[{"href":"https:\/\/staging6.peach-pump.com\/cs\/wp-json\/wp\/v2\/media?parent=115453"}],"wp:term":[{"taxonomy":"product_brand","embeddable":true,"href":"https:\/\/staging6.peach-pump.com\/cs\/wp-json\/wp\/v2\/product_brand?post=115453"},{"taxonomy":"product_cat","embeddable":true,"href":"https:\/\/staging6.peach-pump.com\/cs\/wp-json\/wp\/v2\/product_cat?post=115453"},{"taxonomy":"product_tag","embeddable":true,"href":"https:\/\/staging6.peach-pump.com\/cs\/wp-json\/wp\/v2\/product_tag?post=115453"}],"curies":[{"name":"wp","href":"https:\/\/api.w.org\/{rel}","templated":true}]}}