{"id":115568,"date":"2025-05-09T13:46:44","date_gmt":"2025-05-09T11:46:44","guid":{"rendered":"https:\/\/staging6.peach-pump.com\/products\/tmave-modra-souprava-kratke-leginy\/"},"modified":"2025-11-01T16:23:03","modified_gmt":"2025-11-01T14:23:03","slug":"tmave-modra-souprava-kratke-leginy","status":"publish","type":"product","link":"https:\/\/staging6.peach-pump.com\/cs\/products\/tmave-modra-souprava-kratke-leginy\/","title":{"rendered":"Tmav\u011b modr\u00e1 souprava &#8211; kr\u00e1tk\u00e9 leg\u00edny s kapsami a podprsenka"},"content":{"rendered":"<p>Tmav\u011b modr\u00e1 souprava , kr\u00e1tk\u00e9 leg\u00edny s kapsami a podprsenka s vycp\u00e1vkami. Leg\u00edny jsou na dotek p\u0159\u00edjemn\u00e9, maj\u00ed vzadu elastick\u00fd \u0161ev typu invisible scrunch, kter\u00fd postavu dokonale tvaruje, jsou vybaveny dv\u011bma bo\u010dn\u00edmi kapsami vhodn\u00fdmi na telefon nebo fitness kartu a poskytuj\u00ed pohodl\u00ed p\u0159i cvi\u010den\u00ed. \u0160irok\u00fd p\u00e1s jemn\u011b pas obep\u00edn\u00e1 a siluetu modeluje. Podprsenka je vybavena nastaviteln\u00fdmi ram\u00ednky, vycp\u00e1vkami, kter\u00e9 jsou v p\u0159\u00edpad\u011b pot\u0159eby vyj\u00edmateln\u00e9. Sportovn\u00ed soupravu lze zkombinovat s dopl\u0148kem &#8211; \u010depic\u00ed, pono\u017ekami nebo bundou stejn\u00e9 zna\u010dky a tak dotvo\u0159it sv\u016fj Peach Pump vzhled.    <\/p>\n<p>Podprsenka:<\/p>\n<ul>\n<li> Vycp\u00e1vky, vyj\u00edmateln\u00e9<\/li>\n<li> Push-Up efekt<\/li>\n<li> Nastaviteln\u00e1 ram\u00ednka<\/li>\n<li> Velk\u00e1 pru\u017enost<\/li>\n<li> Tepeln\u00fd potisk loga Peach Pump na boku podprsenky<\/li>\n<li> Tkanina, kter\u00e1 odv\u00e1d\u00ed vlhkost od t\u011bla<\/li>\n<\/ul>\n<p>Leg\u00edny:<\/p>\n<ul>\n<li>Vysok\u00fd pas<\/li>\n<li>Dv\u011b bo\u010dn\u00ed kapsy<\/li>\n<li>Beze\u0161v\u00e1 tkanina<\/li>\n<li>Zvedaj\u00ed, tvaruj\u00ed a stahuj\u00ed<\/li>\n<li>Zakr\u00fdv\u00e1 probl\u00e9mov\u00e9 oblasti<\/li>\n<li>Broskvov\u00fd efekt typu invisible scrunch<\/li>\n<li>Tepeln\u00fd potisk loga Peach Pump na zadn\u00ed stran\u011b leg\u00edn<\/li>\n<li>Tepeln\u00fd potisk loga Peach Pump vp\u0159edu na kapse leg\u00edn<\/li>\n<li>Beze\u0161v\u00e1 tkanina, kter\u00e1 nezadr\u017euje vlhkost v t\u011ble<\/li>\n<\/ul>\n<p>Slo\u017een\u00ed: 92 % nylon ; 8 % spandex<\/p>\n<p>Soupravu lze pr\u00e1t na 30 stup\u0148\u016f, nepou\u017e\u00edvat b\u011blidla a ne\u010distit chemicky.<\/p>\n<p>Modelka na obr\u00e1zku m\u011b\u0159\u00ed 168 cm, v\u00e1\u017e\u00ed 51 kg a m\u00e1 na sob\u011b leg\u00edny velikosti S a podprsenku velikosti S.<\/p>\n<p>Pro v\u00fdb\u011br p\u0159esn\u00e9 velikosti pros\u00edm pou\u017eijte tabulek.<\/p>\n","protected":false},"excerpt":{"rendered":"<p>Tmav\u011b modr\u00e1 souprava , kr\u00e1tk\u00e9 leg\u00edny s kapsami a podprsenka s vycp\u00e1vkami. Leg\u00edny jsou na dotek p\u0159\u00edjemn\u00e9, maj\u00ed vzadu elastick\u00fd \u0161ev typu invisible scrunch, kter\u00fd postavu dokonale tvaruje, jsou vybaveny dv\u011bma bo\u010dn\u00edmi kapsami vhodn\u00fdmi na telefon nebo fitness kartu a poskytuj\u00ed pohodl\u00ed p\u0159i cvi\u010den\u00ed. \u0160irok\u00fd p\u00e1s jemn\u011b pas obep\u00edn\u00e1 a siluetu modeluje. Podprsenka je vybavena [&hellip;]<\/p>\n","protected":false},"featured_media":114532,"comment_status":"open","ping_status":"closed","template":"","meta":[],"product_brand":[],"product_cat":[347,348],"product_tag":[],"class_list":{"0":"post-115568","1":"product","2":"type-product","3":"status-publish","4":"has-post-thumbnail","6":"product_cat-damske-sportovni-outfity","7":"product_cat-kratke-sportovni-outfity-leginy","8":"pa_cviat-tmave-modra","9":"inventories-world","11":"first","12":"instock","13":"virtual","14":"taxable","15":"purchasable","16":"product-type-yith_bundle"},"_links":{"self":[{"href":"https:\/\/staging6.peach-pump.com\/en\/wp-json\/wp\/v2\/product\/115568","targetHints":{"allow":["GET"]}}],"collection":[{"href":"https:\/\/staging6.peach-pump.com\/en\/wp-json\/wp\/v2\/product"}],"about":[{"href":"https:\/\/staging6.peach-pump.com\/en\/wp-json\/wp\/v2\/types\/product"}],"replies":[{"embeddable":true,"href":"https:\/\/staging6.peach-pump.com\/en\/wp-json\/wp\/v2\/comments?post=115568"}],"version-history":[{"count":0,"href":"https:\/\/staging6.peach-pump.com\/en\/wp-json\/wp\/v2\/product\/115568\/revisions"}],"wp:featuredmedia":[{"embeddable":true,"href":"https:\/\/staging6.peach-pump.com\/en\/wp-json\/wp\/v2\/media\/114532"}],"wp:attachment":[{"href":"https:\/\/staging6.peach-pump.com\/en\/wp-json\/wp\/v2\/media?parent=115568"}],"wp:term":[{"taxonomy":"product_brand","embeddable":true,"href":"https:\/\/staging6.peach-pump.com\/en\/wp-json\/wp\/v2\/product_brand?post=115568"},{"taxonomy":"product_cat","embeddable":true,"href":"https:\/\/staging6.peach-pump.com\/en\/wp-json\/wp\/v2\/product_cat?post=115568"},{"taxonomy":"product_tag","embeddable":true,"href":"https:\/\/staging6.peach-pump.com\/en\/wp-json\/wp\/v2\/product_tag?post=115568"}],"curies":[{"name":"wp","href":"https:\/\/api.w.org\/{rel}","templated":true}]}}