{"id":117055,"date":"2025-05-28T13:49:18","date_gmt":"2025-05-28T11:49:18","guid":{"rendered":"https:\/\/staging6.peach-pump.com\/products\/modroseda-cepice-s-ksiltem\/"},"modified":"2025-11-01T16:19:35","modified_gmt":"2025-11-01T14:19:35","slug":"modroseda-cepice-s-ksiltem","status":"publish","type":"product","link":"https:\/\/staging6.peach-pump.com\/cs\/products\/modroseda-cepice-s-ksiltem\/","title":{"rendered":"Modro\u0161ed\u00e1 \u010depice s k\u0161iltem Peach Pump"},"content":{"rendered":"<p>Kombinujte sv\u00e9 obl\u00edben\u00e9 leg\u00edny a podprsenky s modro\u0161edou \u010depic\u00ed s k\u0161iltem od Peach Pump. V hork\u00fdch letn\u00edch m\u011bs\u00edc\u00edch bude dokonal\u00fdm dopl\u0148kem va\u0161eho outfitu a z\u00e1rove\u0148 ochr\u00e1n\u00ed v\u00e1\u0161 obli\u010dej p\u0159ed ostr\u00fdm sluncem. \u010cepice m\u00e1 efektn\u00ed design b\u00edl\u00e9ho vy\u0161it\u00e9ho trojrozm\u011brn\u00e9ho loga s modr\u00fdm lemem a vy\u0161it\u00fdm n\u00e1pisem Peach Pump vzadu. \u010cepice je jedn\u00e9 velikosti, nastavuje se pomoc\u00ed kovov\u00e9 spony, k\u0161ilt je ohnut\u00fd. Bu\u010fte stylov\u00e1 a jedine\u010dn\u00e1 t\u00edmto dokonal\u00fdm dopl\u0148kem Va\u0161eho sportovn\u00edho outfitu.<\/p>\n","protected":false},"excerpt":{"rendered":"<p>Kombinujte sv\u00e9 obl\u00edben\u00e9 leg\u00edny a podprsenky s modro\u0161edou \u010depic\u00ed s k\u0161iltem od Peach Pump. V hork\u00fdch letn\u00edch m\u011bs\u00edc\u00edch bude dokonal\u00fdm dopl\u0148kem va\u0161eho outfitu a z\u00e1rove\u0148 ochr\u00e1n\u00ed v\u00e1\u0161 obli\u010dej p\u0159ed ostr\u00fdm sluncem. \u010cepice m\u00e1 efektn\u00ed design b\u00edl\u00e9ho vy\u0161it\u00e9ho trojrozm\u011brn\u00e9ho loga s modr\u00fdm lemem a vy\u0161it\u00fdm n\u00e1pisem Peach Pump vzadu. \u010cepice je jedn\u00e9 velikosti, nastavuje se pomoc\u00ed [&hellip;]<\/p>\n","protected":false},"featured_media":116248,"comment_status":"open","ping_status":"closed","template":"","meta":[],"product_brand":[],"product_cat":[791],"product_tag":[],"class_list":{"0":"post-117055","1":"product","2":"type-product","3":"status-publish","4":"has-post-thumbnail","6":"product_cat-doplnky","7":"pa_cviat-seda","8":"pa_razmer-jedna-velikost","9":"inventories-world","11":"first","12":"instock","13":"taxable","14":"shipping-taxable","15":"purchasable","16":"product-type-variable"},"_links":{"self":[{"href":"https:\/\/staging6.peach-pump.com\/en\/wp-json\/wp\/v2\/product\/117055","targetHints":{"allow":["GET"]}}],"collection":[{"href":"https:\/\/staging6.peach-pump.com\/en\/wp-json\/wp\/v2\/product"}],"about":[{"href":"https:\/\/staging6.peach-pump.com\/en\/wp-json\/wp\/v2\/types\/product"}],"replies":[{"embeddable":true,"href":"https:\/\/staging6.peach-pump.com\/en\/wp-json\/wp\/v2\/comments?post=117055"}],"version-history":[{"count":0,"href":"https:\/\/staging6.peach-pump.com\/en\/wp-json\/wp\/v2\/product\/117055\/revisions"}],"wp:featuredmedia":[{"embeddable":true,"href":"https:\/\/staging6.peach-pump.com\/en\/wp-json\/wp\/v2\/media\/116248"}],"wp:attachment":[{"href":"https:\/\/staging6.peach-pump.com\/en\/wp-json\/wp\/v2\/media?parent=117055"}],"wp:term":[{"taxonomy":"product_brand","embeddable":true,"href":"https:\/\/staging6.peach-pump.com\/en\/wp-json\/wp\/v2\/product_brand?post=117055"},{"taxonomy":"product_cat","embeddable":true,"href":"https:\/\/staging6.peach-pump.com\/en\/wp-json\/wp\/v2\/product_cat?post=117055"},{"taxonomy":"product_tag","embeddable":true,"href":"https:\/\/staging6.peach-pump.com\/en\/wp-json\/wp\/v2\/product_tag?post=117055"}],"curies":[{"name":"wp","href":"https:\/\/api.w.org\/{rel}","templated":true}]}}