{"id":117078,"date":"2025-05-28T15:11:13","date_gmt":"2025-05-28T13:11:13","guid":{"rendered":"https:\/\/staging6.peach-pump.com\/products\/kratke-leginy-cerne\/"},"modified":"2025-11-05T14:37:35","modified_gmt":"2025-11-05T12:37:35","slug":"kratke-leginy-cerne","status":"publish","type":"product","link":"https:\/\/staging6.peach-pump.com\/cs\/products\/kratke-leginy-cerne\/","title":{"rendered":"\u010cern\u00e9 kr\u00e1tk\u00e9 leg\u00edny se st\u0159edn\u011b vysok\u00fdm pasem a tvaruj\u00edc\u00edm efektem"},"content":{"rendered":"<p>Sportovn\u00ed kr\u00e1tk\u00e9 leg\u00edny \u010dern\u00e9 barvy se st\u0159edn\u011b vysok\u00fdm pasem a tvaruj\u00edc\u00edm efektem, vyroben\u00e9 z beze\u0161v\u00e9, elastick\u00e9 a na dotek m\u011bkk\u00e9 tkaniny. Tento model postavu dokonale tvaruje, je vybaven st\u0159edn\u011b vysok\u00fdm \u017eebrovan\u00fdm p\u00e1skem, kter\u00fd jemn\u011b stahuje. L\u00e1tka leg\u00edn zakr\u00fdv\u00e1 problematick\u00e9 partie, odv\u00e1d\u00ed vlhkost od t\u011bla pro kr\u00e1snou a p\u016fvabnou siluetu.   V tomto modelu se budete c\u00edtit pohodln\u011b a sebejist\u011b. Leg\u00edny lze kombinovat s podprsenkou nebo sportovn\u00edm topem stejn\u00e9 zna\u010dky.<\/p>\n<ul>\n<li>Pr\u016fm\u011brn\u00e1 velikost pasu<\/li>\n<li>Beze\u0161v\u00e1 tkanina<\/li>\n<li>Zvedaj\u00ed, s tvaruj\u00edc\u00edm efektem, zakr\u00fdvaj\u00ed probl\u00e9mov\u00e9 partie<\/li>\n<li>\u017debrovan\u00fd d\u00edl v pase, kter\u00fd pas obep\u00edn\u00e1<\/li>\n<li>Broskvov\u00fd efekt<\/li>\n<li>Tepeln\u00fd potisk loga Peach Pump vp\u0159edu<\/li>\n<li>Bez \u0161vu v p\u0159edn\u00ed \u010d\u00e1sti<\/li>\n<li>Tepeln\u00fd potisk loga Peach Pump na zadn\u00ed stran\u011b leg\u00edn<\/li>\n<li>Materi\u00e1l odv\u00e1d\u011bj\u00edc\u00ed vlhkost od t\u011bla<\/li>\n<\/ul>\n<p>Slo\u017een\u00ed: 80 % polyester, 20 % elastan<\/p>\n<p>Leg\u00edny lze pr\u00e1t na 30 stup\u0148\u016f, neb\u011blit a ne\u010distit chemicky.<\/p>\n<p>Modelka na fotografii m\u011b\u0159\u00ed 178 cm, v\u00e1\u017e\u00ed 55 kg a m\u00e1 na sob\u011b velikost S.<\/p>\n<p>Pro v\u00fdb\u011br p\u0159esn\u00e9 velikosti pros\u00edm pou\u017eijte tabulek.<\/p>\n","protected":false},"excerpt":{"rendered":"<p>Sportovn\u00ed kr\u00e1tk\u00e9 leg\u00edny \u010dern\u00e9 barvy se st\u0159edn\u011b vysok\u00fdm pasem a tvaruj\u00edc\u00edm efektem, vyroben\u00e9 z beze\u0161v\u00e9, elastick\u00e9 a na dotek m\u011bkk\u00e9 tkaniny. Tento model postavu dokonale tvaruje, je vybaven st\u0159edn\u011b vysok\u00fdm \u017eebrovan\u00fdm p\u00e1skem, kter\u00fd jemn\u011b stahuje. L\u00e1tka leg\u00edn zakr\u00fdv\u00e1 problematick\u00e9 partie, odv\u00e1d\u00ed vlhkost od t\u011bla pro kr\u00e1snou a p\u016fvabnou siluetu. V tomto modelu se budete c\u00edtit [&hellip;]<\/p>\n","protected":false},"featured_media":116542,"comment_status":"open","ping_status":"closed","template":"","meta":[],"product_brand":[],"product_cat":[197,137],"product_tag":[],"class_list":{"0":"post-117078","1":"product","2":"type-product","3":"status-publish","4":"has-post-thumbnail","6":"product_cat-kratke-leginy","7":"product_cat-damske-sportovni-leginy","8":"pa_cviat-cerna","9":"pa_razmer-l-cs","10":"pa_razmer-m-cs","11":"pa_razmer-s-cs-2","12":"pa_razmer-xs-cs","13":"inventories-world","15":"first","16":"instock","17":"taxable","18":"shipping-taxable","19":"purchasable","20":"product-type-variable"},"_links":{"self":[{"href":"https:\/\/staging6.peach-pump.com\/en\/wp-json\/wp\/v2\/product\/117078","targetHints":{"allow":["GET"]}}],"collection":[{"href":"https:\/\/staging6.peach-pump.com\/en\/wp-json\/wp\/v2\/product"}],"about":[{"href":"https:\/\/staging6.peach-pump.com\/en\/wp-json\/wp\/v2\/types\/product"}],"replies":[{"embeddable":true,"href":"https:\/\/staging6.peach-pump.com\/en\/wp-json\/wp\/v2\/comments?post=117078"}],"version-history":[{"count":0,"href":"https:\/\/staging6.peach-pump.com\/en\/wp-json\/wp\/v2\/product\/117078\/revisions"}],"wp:featuredmedia":[{"embeddable":true,"href":"https:\/\/staging6.peach-pump.com\/en\/wp-json\/wp\/v2\/media\/116542"}],"wp:attachment":[{"href":"https:\/\/staging6.peach-pump.com\/en\/wp-json\/wp\/v2\/media?parent=117078"}],"wp:term":[{"taxonomy":"product_brand","embeddable":true,"href":"https:\/\/staging6.peach-pump.com\/en\/wp-json\/wp\/v2\/product_brand?post=117078"},{"taxonomy":"product_cat","embeddable":true,"href":"https:\/\/staging6.peach-pump.com\/en\/wp-json\/wp\/v2\/product_cat?post=117078"},{"taxonomy":"product_tag","embeddable":true,"href":"https:\/\/staging6.peach-pump.com\/en\/wp-json\/wp\/v2\/product_tag?post=117078"}],"curies":[{"name":"wp","href":"https:\/\/api.w.org\/{rel}","templated":true}]}}