{"id":117095,"date":"2025-05-29T11:13:17","date_gmt":"2025-05-29T09:13:17","guid":{"rendered":"https:\/\/staging6.peach-pump.com\/products\/sportovni-top-zeleny\/"},"modified":"2025-11-01T16:13:57","modified_gmt":"2025-11-01T14:13:57","slug":"sportovni-top-zeleny","status":"publish","type":"product","link":"https:\/\/staging6.peach-pump.com\/cs\/products\/sportovni-top-zeleny\/","title":{"rendered":"Kr\u00e1tk\u00fd zelen\u00fd sportovn\u00ed top p\u0159il\u00e9hav\u00fd s vycp\u00e1vkami"},"content":{"rendered":"<p>Zelen\u00e1 barva typu Matcha kr\u00e1tk\u00fd sporotvn\u00ed p\u0159il\u00e9hav\u00fd top s vycp\u00e1vkami. Skv\u011ble padne a jeho st\u0159ih z n\u011bj d\u011bl\u00e1 nepostradateln\u00fd kousek p\u0159i sportovn\u00edm i b\u011b\u017en\u00e9m no\u0161en\u00ed. Hod\u00ed se do posilovny, na b\u011bh, aerobn\u00ed cvi\u010den\u00ed nebo na proch\u00e1zku v parku, m\u00e1 skrytou gumu ve spodn\u00ed \u010d\u00e1sti, vycp\u00e1vky, kter\u00e9 lze vyjmout, l\u00e1tka nezadr\u017euje vlhkost na t\u011ble. Top m\u00e1 na rameni tepeln\u00fd potisk loga Peach Pump, logo je minimalistick\u00e9 a decentn\u011b vynik\u00e1. Zamilujete si tento model a zp\u016fsob, jak\u00fdm sed\u00ed na t\u011ble. Skv\u011ble se kombinuje se v\u0161emi druhy kr\u00e1tk\u00fdch i dlouh\u00fdch leg\u00edn na\u0161\u00ed zna\u010dky.     <\/p>\n<p>Vycp\u00e1vky, kter\u00e9 lze vyjmout<br \/>\nSkryt\u00e1 guma ve spodn\u00ed \u010d\u00e1sti<br \/>\nDokonale k t\u011blu p\u0159il\u00e9h\u00e1<br \/>\nTepeln\u00fd potisk loga Peach Pump na rameni<br \/>\nTkanina, kter\u00e1 neodv\u00e1d\u00ed vlhkost.<\/p>\n<p>Slo\u017een\u00ed: spandex a polyester<\/p>\n<p>Top lze pr\u00e1t na 30 stup\u0148\u016f, neb\u011blit, nesu\u0161it v su\u0161i\u010dce, ne\u010distit chemicky.<\/p>\n<p>Modelka na obr\u00e1zku m\u011b\u0159\u00ed 178 cm, v\u00e1\u017e\u00ed 55 kg , m\u00e1 obvod hrudn\u00edku 90 cm a m\u00e1 na sob\u011b velikost M.<\/p>\n<p>Pro v\u00fdb\u011br p\u0159esn\u00e9 velikosti pros\u00edm pou\u017eijte tabulek.<\/p>\n","protected":false},"excerpt":{"rendered":"<p>Zelen\u00e1 barva typu Matcha kr\u00e1tk\u00fd sporotvn\u00ed p\u0159il\u00e9hav\u00fd top s vycp\u00e1vkami. Skv\u011ble padne a jeho st\u0159ih z n\u011bj d\u011bl\u00e1 nepostradateln\u00fd kousek p\u0159i sportovn\u00edm i b\u011b\u017en\u00e9m no\u0161en\u00ed. Hod\u00ed se do posilovny, na b\u011bh, aerobn\u00ed cvi\u010den\u00ed nebo na proch\u00e1zku v parku, m\u00e1 skrytou gumu ve spodn\u00ed \u010d\u00e1sti, vycp\u00e1vky, kter\u00e9 lze vyjmout, l\u00e1tka nezadr\u017euje vlhkost na t\u011ble. Top m\u00e1 [&hellip;]<\/p>\n","protected":false},"featured_media":116792,"comment_status":"open","ping_status":"closed","template":"","meta":[],"product_brand":[],"product_cat":[345],"product_tag":[],"class_list":{"0":"post-117095","1":"product","2":"type-product","3":"status-publish","4":"has-post-thumbnail","6":"product_cat-damske-sportovni-topy-tilko","7":"pa_cviat-zelena-cs","8":"pa_razmer-l-cs","9":"pa_razmer-m-cs","10":"pa_razmer-s-cs-2","11":"inventories-world","13":"first","14":"instock","15":"sale","16":"taxable","17":"shipping-taxable","18":"purchasable","19":"product-type-variable"},"_links":{"self":[{"href":"https:\/\/staging6.peach-pump.com\/en\/wp-json\/wp\/v2\/product\/117095","targetHints":{"allow":["GET"]}}],"collection":[{"href":"https:\/\/staging6.peach-pump.com\/en\/wp-json\/wp\/v2\/product"}],"about":[{"href":"https:\/\/staging6.peach-pump.com\/en\/wp-json\/wp\/v2\/types\/product"}],"replies":[{"embeddable":true,"href":"https:\/\/staging6.peach-pump.com\/en\/wp-json\/wp\/v2\/comments?post=117095"}],"version-history":[{"count":0,"href":"https:\/\/staging6.peach-pump.com\/en\/wp-json\/wp\/v2\/product\/117095\/revisions"}],"wp:featuredmedia":[{"embeddable":true,"href":"https:\/\/staging6.peach-pump.com\/en\/wp-json\/wp\/v2\/media\/116792"}],"wp:attachment":[{"href":"https:\/\/staging6.peach-pump.com\/en\/wp-json\/wp\/v2\/media?parent=117095"}],"wp:term":[{"taxonomy":"product_brand","embeddable":true,"href":"https:\/\/staging6.peach-pump.com\/en\/wp-json\/wp\/v2\/product_brand?post=117095"},{"taxonomy":"product_cat","embeddable":true,"href":"https:\/\/staging6.peach-pump.com\/en\/wp-json\/wp\/v2\/product_cat?post=117095"},{"taxonomy":"product_tag","embeddable":true,"href":"https:\/\/staging6.peach-pump.com\/en\/wp-json\/wp\/v2\/product_tag?post=117095"}],"curies":[{"name":"wp","href":"https:\/\/api.w.org\/{rel}","templated":true}]}}