{"id":121406,"date":"2025-06-18T18:02:45","date_gmt":"2025-06-18T16:02:45","guid":{"rendered":"https:\/\/staging6.peach-pump.com\/products\/sportovni-podprsenka-bez-raminek-cerna\/"},"modified":"2025-11-09T08:54:28","modified_gmt":"2025-11-09T06:54:28","slug":"sportovni-podprsenka-bez-raminek-cerna","status":"publish","type":"product","link":"https:\/\/staging6.peach-pump.com\/cs\/products\/sportovni-podprsenka-bez-raminek-cerna\/","title":{"rendered":"\u010cern\u00e1 sportovn\u00ed podprsenka bez ram\u00ednek"},"content":{"rendered":"<p>Sportovn\u00ed podprsenka bez ram\u00ednek \u010dern\u00e1, s push-up vycp\u00e1vkami, kter\u00e9 lze vyjmout. Model je vhodn\u00fd na l\u00e9to, p\u0159i b\u011bhu se m\u016f\u017eeteopalovat a po ram\u00ednk\u00e1ch nez\u016fstanou \u017e\u00e1dn\u00e9 stopy. Ve spodn\u00ed \u010d\u00e1sti je podprsenka elastick\u00e1, tak\u017ee poprs\u00ed z\u016fst\u00e1v\u00e1 stabiln\u00ed a m\u00e1te plnou volnost pohybu. Lze ji kombinovat s kr\u00e1tk\u00fdmi nebo dlouh\u00fdmi leg\u00ednami stejn\u00e9 barvy, kter\u00e9 dokonale dotvo\u0159\u00edv\u00e1\u0161 letn\u00ed , sportovn\u00ed vzhled.   <\/p>\n<ul>\n<li>Vycp\u00e1vky s push-up efektem<\/li>\n<li>Elastick\u00e1 spodn\u00ed \u010d\u00e1st<\/li>\n<li>Tepeln\u00fd potisk loga Peach Pump na lev\u00e9 stran\u011b podprsenky<\/li>\n<li>Tkanina, kter\u00e1 nezadr\u017euje vlhkost v t\u011ble<\/li>\n<\/ul>\n<p>Podprsenku lze pr\u00e1t na 30 stup\u0148\u016f, neb\u011blit, nesu\u0161it v su\u0161i\u010dce, ne\u010distit chemicky.<\/p>\n<p>Modelka na fotografii m\u011b\u0159\u00ed 167 cm, v\u00e1\u017e\u00ed 52 kg a m\u00e1 na sob\u011b velikost M.<\/p>\n<p>Pro v\u00fdb\u011br p\u0159esn\u00e9 velikosti pros\u00edm pou\u017eijte tabulek<\/p>\n","protected":false},"excerpt":{"rendered":"<p>Sportovn\u00ed podprsenka bez ram\u00ednek \u010dern\u00e1, s push-up vycp\u00e1vkami, kter\u00e9 lze vyjmout. Model je vhodn\u00fd na l\u00e9to, p\u0159i b\u011bhu se m\u016f\u017eeteopalovat a po ram\u00ednk\u00e1ch nez\u016fstanou \u017e\u00e1dn\u00e9 stopy. Ve spodn\u00ed \u010d\u00e1sti je podprsenka elastick\u00e1, tak\u017ee poprs\u00ed z\u016fst\u00e1v\u00e1 stabiln\u00ed a m\u00e1te plnou volnost pohybu. Lze ji kombinovat s kr\u00e1tk\u00fdmi nebo dlouh\u00fdmi leg\u00ednami stejn\u00e9 barvy, kter\u00e9 dokonale dotvo\u0159\u00edv\u00e1\u0161 letn\u00ed [&hellip;]<\/p>\n","protected":false},"featured_media":119888,"comment_status":"open","ping_status":"closed","template":"","meta":[],"product_brand":[],"product_cat":[346],"product_tag":[],"class_list":{"0":"post-121406","1":"product","2":"type-product","3":"status-publish","4":"has-post-thumbnail","6":"product_cat-damske-podprsenky-sportovni-fitness","7":"pa_cviat-cerna","8":"pa_razmer-l-cs","9":"pa_razmer-m-cs","10":"pa_razmer-s-cs-2","11":"inventories-world","13":"first","14":"instock","15":"taxable","16":"shipping-taxable","17":"purchasable","18":"product-type-variable"},"_links":{"self":[{"href":"https:\/\/staging6.peach-pump.com\/cs\/wp-json\/wp\/v2\/product\/121406","targetHints":{"allow":["GET"]}}],"collection":[{"href":"https:\/\/staging6.peach-pump.com\/cs\/wp-json\/wp\/v2\/product"}],"about":[{"href":"https:\/\/staging6.peach-pump.com\/cs\/wp-json\/wp\/v2\/types\/product"}],"replies":[{"embeddable":true,"href":"https:\/\/staging6.peach-pump.com\/cs\/wp-json\/wp\/v2\/comments?post=121406"}],"version-history":[{"count":0,"href":"https:\/\/staging6.peach-pump.com\/cs\/wp-json\/wp\/v2\/product\/121406\/revisions"}],"wp:featuredmedia":[{"embeddable":true,"href":"https:\/\/staging6.peach-pump.com\/cs\/wp-json\/wp\/v2\/media\/119888"}],"wp:attachment":[{"href":"https:\/\/staging6.peach-pump.com\/cs\/wp-json\/wp\/v2\/media?parent=121406"}],"wp:term":[{"taxonomy":"product_brand","embeddable":true,"href":"https:\/\/staging6.peach-pump.com\/cs\/wp-json\/wp\/v2\/product_brand?post=121406"},{"taxonomy":"product_cat","embeddable":true,"href":"https:\/\/staging6.peach-pump.com\/cs\/wp-json\/wp\/v2\/product_cat?post=121406"},{"taxonomy":"product_tag","embeddable":true,"href":"https:\/\/staging6.peach-pump.com\/cs\/wp-json\/wp\/v2\/product_tag?post=121406"}],"curies":[{"name":"wp","href":"https:\/\/api.w.org\/{rel}","templated":true}]}}