{"id":121411,"date":"2025-06-18T18:13:29","date_gmt":"2025-06-18T16:13:29","guid":{"rendered":"https:\/\/staging6.peach-pump.com\/products\/bezove-sportovni-leginy-typu-charleston\/"},"modified":"2025-11-09T19:35:45","modified_gmt":"2025-11-09T17:35:45","slug":"bezove-sportovni-leginy-typu-charleston","status":"publish","type":"product","link":"https:\/\/staging6.peach-pump.com\/cs\/products\/bezove-sportovni-leginy-typu-charleston\/","title":{"rendered":"B\u00e9\u017eov\u00e9 sportovn\u00ed leg\u00edny typu charleston s v\u00e9\u010dkov\u00fdm pasem"},"content":{"rendered":"<p>B\u00e9\u017eov\u00e9 d\u00e1msk\u00e9 sportovn\u00ed leg\u00edny s roz\u0161\u00ed\u0159enou nohavic\u00ed a v\u00e9\u010dkov\u00fdm pasem , bez tvaruj\u00edc\u00edho efektu. Model je beze \u0161vu v p\u0159edn\u00ed \u010d\u00e1sti, co\u017e v\u011bt\u0161ina dam preferuje, je zes\u00edlen\u00fd \u0161ev v zadn\u00ed \u010d\u00e1sti leg\u00edn. Elastick\u00e1 l\u00e1tka, kter\u00e1 postavu tvaruje, a \u0161irok\u00fd pas do V, kter\u00fd k\u0159ivky zv\u00fdraz\u0148uje a vytvaruje. V p\u0159edn\u00ed i zadn\u00ed \u010d\u00e1sti leg\u00edn je 3D logo. \u0160vy vzoru jsou ploch\u00e9 a nedr\u00e1\u017ed\u00ed. Je vhodn\u00fd na silov\u00fd nebo aerobn\u00ed tr\u00e9nink, nezadr\u017euje vlhkost v t\u011ble. \u0160irok\u00e9 nohavice jsou trendem ve sportovn\u00edm oble\u010den\u00ed.      <\/p>\n<ul>\n<li>Pru\u017en\u00e1 tkanina<\/li>\n<li>Roz\u0161\u00ed\u0159en\u00e1 nohavice<\/li>\n<li>Ploch\u00e9 \u0161vy<\/li>\n<li>Beze\u0161v\u00e9 vp\u0159edu<\/li>\n<li>Zes\u00edlen\u00fd \u0161ev vzadu<\/li>\n<li>\u0160irok\u00fd p\u00e1s do V, kter\u00fd pas tvaruje<\/li>\n<li>3D logo Peach Pump na zadn\u00ed a p\u0159edn\u00ed stran\u011b leg\u00edn<\/li>\n<li>Tkanina, kter\u00e1 nezadr\u017euje vlhkost v t\u011ble<\/li>\n<\/ul>\n<p>Slo\u017een\u00ed: spandex a polyester<\/p>\n<p>Leg\u00edny lze pr\u00e1t na 30 stup\u0148\u016f, neb\u011blit, nesu\u0161it v su\u0161i\u010dce, ne\u010distit chemicky.<\/p>\n<p>Modelka na obr\u00e1zku m\u011b\u0159\u00ed 166 cm, v\u00e1\u017e\u00ed 52 kg a m\u00e1 na sob\u011b velikost S.<\/p>\n<p>Pro v\u00fdb\u011br p\u0159esn\u00e9 velikosti pros\u00edm pou\u017eijte tabulek.<\/p>\n","protected":false},"excerpt":{"rendered":"<p>B\u00e9\u017eov\u00e9 d\u00e1msk\u00e9 sportovn\u00ed leg\u00edny s roz\u0161\u00ed\u0159enou nohavic\u00ed a v\u00e9\u010dkov\u00fdm pasem , bez tvaruj\u00edc\u00edho efektu. Model je beze \u0161vu v p\u0159edn\u00ed \u010d\u00e1sti, co\u017e v\u011bt\u0161ina dam preferuje, je zes\u00edlen\u00fd \u0161ev v zadn\u00ed \u010d\u00e1sti leg\u00edn. Elastick\u00e1 l\u00e1tka, kter\u00e1 postavu tvaruje, a \u0161irok\u00fd pas do V, kter\u00fd k\u0159ivky zv\u00fdraz\u0148uje a vytvaruje. V p\u0159edn\u00ed i zadn\u00ed \u010d\u00e1sti leg\u00edn je 3D [&hellip;]<\/p>\n","protected":false},"featured_media":119920,"comment_status":"open","ping_status":"closed","template":"","meta":[],"product_brand":[],"product_cat":[296,137],"product_tag":[],"class_list":{"0":"post-121411","1":"product","2":"type-product","3":"status-publish","4":"has-post-thumbnail","6":"product_cat-damske-leginy-dlouhe","7":"product_cat-damske-sportovni-leginy","8":"pa_cviat-bezove","9":"pa_razmer-l-cs","10":"pa_razmer-m-cs","11":"pa_razmer-s-cs-2","12":"inventories-world","14":"first","15":"instock","16":"taxable","17":"shipping-taxable","18":"purchasable","19":"product-type-variable"},"_links":{"self":[{"href":"https:\/\/staging6.peach-pump.com\/cs\/wp-json\/wp\/v2\/product\/121411","targetHints":{"allow":["GET"]}}],"collection":[{"href":"https:\/\/staging6.peach-pump.com\/cs\/wp-json\/wp\/v2\/product"}],"about":[{"href":"https:\/\/staging6.peach-pump.com\/cs\/wp-json\/wp\/v2\/types\/product"}],"replies":[{"embeddable":true,"href":"https:\/\/staging6.peach-pump.com\/cs\/wp-json\/wp\/v2\/comments?post=121411"}],"version-history":[{"count":0,"href":"https:\/\/staging6.peach-pump.com\/cs\/wp-json\/wp\/v2\/product\/121411\/revisions"}],"wp:featuredmedia":[{"embeddable":true,"href":"https:\/\/staging6.peach-pump.com\/cs\/wp-json\/wp\/v2\/media\/119920"}],"wp:attachment":[{"href":"https:\/\/staging6.peach-pump.com\/cs\/wp-json\/wp\/v2\/media?parent=121411"}],"wp:term":[{"taxonomy":"product_brand","embeddable":true,"href":"https:\/\/staging6.peach-pump.com\/cs\/wp-json\/wp\/v2\/product_brand?post=121411"},{"taxonomy":"product_cat","embeddable":true,"href":"https:\/\/staging6.peach-pump.com\/cs\/wp-json\/wp\/v2\/product_cat?post=121411"},{"taxonomy":"product_tag","embeddable":true,"href":"https:\/\/staging6.peach-pump.com\/cs\/wp-json\/wp\/v2\/product_tag?post=121411"}],"curies":[{"name":"wp","href":"https:\/\/api.w.org\/{rel}","templated":true}]}}