{"id":121916,"date":"2025-06-24T10:28:25","date_gmt":"2025-06-24T08:28:25","guid":{"rendered":"https:\/\/staging6.peach-pump.com\/products\/bile-sportovni-ponozky-2\/"},"modified":"2025-11-10T13:32:03","modified_gmt":"2025-11-10T11:32:03","slug":"bile-sportovni-ponozky-2","status":"publish","type":"product","link":"https:\/\/staging6.peach-pump.com\/cs\/products\/bile-sportovni-ponozky-2\/","title":{"rendered":"B\u00edl\u00e9 sportovn\u00ed pono\u017eky s \u010dern\u00fdm protiskluzem Peach Pump"},"content":{"rendered":"<p>B\u00edl\u00e9 sportovn\u00ed pono\u017eky s \u010dern\u00fdm protiskluzem od Peach Pump maj\u00ed zes\u00edlenou spodn\u00ed \u010d\u00e1st a poskytuj\u00ed odolnost a tlumen\u00ed p\u0159i pohybu. Protiskluzov\u00e1 srd\u00ed\u010dka poskytuj\u00ed stabilitu p\u0159i j\u00f3ze, pilates a jak\u00e9mkoli sportu , a jejich ploch\u00fd povrch umo\u017e\u0148uje nosit je s teniskami bez probl\u00e9mu. Je na nich \u010dern\u00e9 vy\u0161it\u00e9 logo Peach Pump. Pono\u017eky jsou bavln\u011bn\u00e9 a m\u011bkk\u00e9, odv\u00e1d\u011bj\u00ed vlhkost.   <\/p>\n<ul>\n<li>M\u011bkk\u00e1 tkanina<\/li>\n<li>Protiskluzov\u00e9<\/li>\n<li>Vysok\u00e1 kvalita<\/li>\n<li>Pru\u017enost<\/li>\n<li>80 % bavlna<\/li>\n<li>Vy\u0161it\u00e9 logo Peach Pump<\/li>\n<li>Zes\u00edlen\u00e1 podn\u00ed \u010d\u00e1st pro v\u011bt\u0161\u00ed odolnost<\/li>\n<\/ul>\n<p>Materi\u00e1l: 80% bavlna, 17% polyester, 3% spandex.<\/p>\n<p>Lze pr\u00e1t na 40 \u00b0C, ne\u010distit chemicky, su\u0161en\u00ed p\u0159i n\u00edzk\u00e9 teplot\u011b.<\/p>\n<p>Pono\u017eky nelze vr\u00e1tit ani vym\u011bnit!<\/p>\n","protected":false},"excerpt":{"rendered":"<p>B\u00edl\u00e9 sportovn\u00ed pono\u017eky s \u010dern\u00fdm protiskluzem od Peach Pump maj\u00ed zes\u00edlenou spodn\u00ed \u010d\u00e1st a poskytuj\u00ed odolnost a tlumen\u00ed p\u0159i pohybu. Protiskluzov\u00e1 srd\u00ed\u010dka poskytuj\u00ed stabilitu p\u0159i j\u00f3ze, pilates a jak\u00e9mkoli sportu , a jejich ploch\u00fd povrch umo\u017e\u0148uje nosit je s teniskami bez probl\u00e9mu. Je na nich \u010dern\u00e9 vy\u0161it\u00e9 logo Peach Pump. Pono\u017eky jsou bavln\u011bn\u00e9 a m\u011bkk\u00e9, [&hellip;]<\/p>\n","protected":false},"featured_media":121304,"comment_status":"open","ping_status":"closed","template":"","meta":[],"product_brand":[],"product_cat":[791],"product_tag":[],"class_list":{"0":"post-121916","1":"product","2":"type-product","3":"status-publish","4":"has-post-thumbnail","6":"product_cat-doplnky","7":"pa_cviat-bila-cerna","8":"pa_razmer-jedna-velikost","9":"inventories-world","11":"first","12":"instock","13":"taxable","14":"shipping-taxable","15":"purchasable","16":"product-type-variable"},"_links":{"self":[{"href":"https:\/\/staging6.peach-pump.com\/cs\/wp-json\/wp\/v2\/product\/121916","targetHints":{"allow":["GET"]}}],"collection":[{"href":"https:\/\/staging6.peach-pump.com\/cs\/wp-json\/wp\/v2\/product"}],"about":[{"href":"https:\/\/staging6.peach-pump.com\/cs\/wp-json\/wp\/v2\/types\/product"}],"replies":[{"embeddable":true,"href":"https:\/\/staging6.peach-pump.com\/cs\/wp-json\/wp\/v2\/comments?post=121916"}],"version-history":[{"count":0,"href":"https:\/\/staging6.peach-pump.com\/cs\/wp-json\/wp\/v2\/product\/121916\/revisions"}],"wp:featuredmedia":[{"embeddable":true,"href":"https:\/\/staging6.peach-pump.com\/cs\/wp-json\/wp\/v2\/media\/121304"}],"wp:attachment":[{"href":"https:\/\/staging6.peach-pump.com\/cs\/wp-json\/wp\/v2\/media?parent=121916"}],"wp:term":[{"taxonomy":"product_brand","embeddable":true,"href":"https:\/\/staging6.peach-pump.com\/cs\/wp-json\/wp\/v2\/product_brand?post=121916"},{"taxonomy":"product_cat","embeddable":true,"href":"https:\/\/staging6.peach-pump.com\/cs\/wp-json\/wp\/v2\/product_cat?post=121916"},{"taxonomy":"product_tag","embeddable":true,"href":"https:\/\/staging6.peach-pump.com\/cs\/wp-json\/wp\/v2\/product_tag?post=121916"}],"curies":[{"name":"wp","href":"https:\/\/api.w.org\/{rel}","templated":true}]}}