{"id":123585,"date":"2025-07-03T15:00:08","date_gmt":"2025-07-03T13:00:08","guid":{"rendered":"https:\/\/staging6.peach-pump.com\/?post_type=product&#038;p=123585"},"modified":"2025-11-01T15:42:34","modified_gmt":"2025-11-01T13:42:34","slug":"bila-sportovni-sukne-s-rozparkem-a-leginy-s-kapsami","status":"publish","type":"product","link":"https:\/\/staging6.peach-pump.com\/cs\/products\/bila-sportovni-sukne-s-rozparkem-a-leginy-s-kapsami\/","title":{"rendered":"B\u00edl\u00e1 sportovn\u00ed sukn\u011b s rozparkem a leg\u00edny s kapsami"},"content":{"rendered":"<p>B\u00edl\u00e1 sportovn\u00ed sukn\u011b s rozparkem a spodn\u00ed leg\u00edny s bo\u010dn\u00edmi kapsami. Sukn\u011b m\u00e1 sv\u011btle \u0161ed\u00e9 lemov\u00e1n\u00ed a \u0161ed\u00fd elastick\u00fd pas, vzadu nen\u00e1padn\u00fd n\u00e1pis &#8220;Peach Pump&#8221; a vlevo vp\u0159edu tepeln\u011b zataven\u00e9 logo. Model m\u00e1 p\u00e1sek nad pup\u00edkem a rozparek, kter\u00fd prodlu\u017euje nohy , zat\u00edmco kl\u00edn pod sukn\u00ed poskytuje plnou volnost pohybu p\u0159i provozov\u00e1n\u00ed va\u0161eho obl\u00edben\u00e9ho sportu. Kapsy na leg\u00edn\u00e1ch jsou hlubok\u00e9 a bez probl\u00e9mu do nich ulo\u017e\u00edte telefon. Sukn\u011b je vhodn\u00e1 na proch\u00e1zku do parku, do posilovny, na tenis nebo volejbal. Model m\u016f\u017eete sladit s poprs\u00edm z na\u0161\u00ed kolekce ve stejn\u00e9m vzoru.     <\/p>\n<ul>\n<li>Vysok\u00fd pas<\/li>\n<li>Hlubok\u00fd rozparek<\/li>\n<li>Integrovan\u00e9 leg\u00edny s bo\u010dn\u00edmi kapsami<\/li>\n<li>Diskr\u00e9tn\u00ed n\u00e1pis Peach Pump na zadn\u00ed stran\u011b gumy<\/li>\n<li>Tepeln\u00fd potisk loga Peach Pump na p\u0159edn\u00ed stran\u011b sukn\u011b<\/li>\n<li>Tkanina, kter\u00e1 nezadr\u017euje vlhkost v t\u011ble<\/li>\n<\/ul>\n<p>Slo\u017een\u00ed: 70% nylon 30% spandex<\/p>\n<p>Sukni lze pr\u00e1t na 30 stup\u0148\u016f, neb\u011blit a ne\u010distit chemicky.<\/p>\n<p>Modelka na obr\u00e1zku m\u011b\u0159\u00ed 179 cm, v\u00e1\u017e\u00ed 58 kg a m\u00e1 na sob\u011b velikost M.<\/p>\n","protected":false},"excerpt":{"rendered":"<p>B\u00edl\u00e1 sportovn\u00ed sukn\u011b s rozparkem a spodn\u00ed leg\u00edny s bo\u010dn\u00edmi kapsami. Sukn\u011b m\u00e1 sv\u011btle \u0161ed\u00e9 lemov\u00e1n\u00ed a \u0161ed\u00fd elastick\u00fd pas, vzadu nen\u00e1padn\u00fd n\u00e1pis &#8220;Peach Pump&#8221; a vlevo vp\u0159edu tepeln\u011b zataven\u00e9 logo. Model m\u00e1 p\u00e1sek nad pup\u00edkem a rozparek, kter\u00fd prodlu\u017euje nohy , zat\u00edmco kl\u00edn pod sukn\u00ed poskytuje plnou volnost pohybu p\u0159i provozov\u00e1n\u00ed va\u0161eho obl\u00edben\u00e9ho sportu. [&hellip;]<\/p>\n","protected":false},"featured_media":122546,"comment_status":"open","ping_status":"closed","template":"","meta":[],"product_brand":[],"product_cat":[197,194,1175],"product_tag":[],"class_list":{"0":"post-123585","1":"product","2":"type-product","3":"status-publish","4":"has-post-thumbnail","6":"product_cat-kratke-leginy","7":"product_cat-leginy-s-kapsami","8":"product_cat-sportovni-saty-a-sukne","9":"pa_cviat-bily-cs","10":"pa_razmer-l-cs","11":"pa_razmer-m-cs","12":"pa_razmer-s-cs-2","13":"inventories-world","15":"first","16":"instock","17":"taxable","18":"shipping-taxable","19":"purchasable","20":"product-type-variable"},"_links":{"self":[{"href":"https:\/\/staging6.peach-pump.com\/en\/wp-json\/wp\/v2\/product\/123585","targetHints":{"allow":["GET"]}}],"collection":[{"href":"https:\/\/staging6.peach-pump.com\/en\/wp-json\/wp\/v2\/product"}],"about":[{"href":"https:\/\/staging6.peach-pump.com\/en\/wp-json\/wp\/v2\/types\/product"}],"replies":[{"embeddable":true,"href":"https:\/\/staging6.peach-pump.com\/en\/wp-json\/wp\/v2\/comments?post=123585"}],"version-history":[{"count":0,"href":"https:\/\/staging6.peach-pump.com\/en\/wp-json\/wp\/v2\/product\/123585\/revisions"}],"wp:featuredmedia":[{"embeddable":true,"href":"https:\/\/staging6.peach-pump.com\/en\/wp-json\/wp\/v2\/media\/122546"}],"wp:attachment":[{"href":"https:\/\/staging6.peach-pump.com\/en\/wp-json\/wp\/v2\/media?parent=123585"}],"wp:term":[{"taxonomy":"product_brand","embeddable":true,"href":"https:\/\/staging6.peach-pump.com\/en\/wp-json\/wp\/v2\/product_brand?post=123585"},{"taxonomy":"product_cat","embeddable":true,"href":"https:\/\/staging6.peach-pump.com\/en\/wp-json\/wp\/v2\/product_cat?post=123585"},{"taxonomy":"product_tag","embeddable":true,"href":"https:\/\/staging6.peach-pump.com\/en\/wp-json\/wp\/v2\/product_tag?post=123585"}],"curies":[{"name":"wp","href":"https:\/\/api.w.org\/{rel}","templated":true}]}}