{"id":125297,"date":"2025-07-04T12:49:37","date_gmt":"2025-07-04T10:49:37","guid":{"rendered":"https:\/\/staging6.peach-pump.com\/products\/bila-sportovni-podprsenka-vystrih-do-v\/"},"modified":"2025-11-07T16:36:58","modified_gmt":"2025-11-07T14:36:58","slug":"bila-sportovni-podprsenka-vystrih-do-v","status":"publish","type":"product","link":"https:\/\/staging6.peach-pump.com\/cs\/products\/bila-sportovni-podprsenka-vystrih-do-v\/","title":{"rendered":"B\u00edl\u00e1 sportovn\u00ed podprsenka s v\u00fdst\u0159ihem do V a \u0161ed\u00fdm lemov\u00e1n\u00edm"},"content":{"rendered":"<p>B\u00edl\u00e1 sportovn\u00ed podprsenka s v\u00fdst\u0159ihem do V a \u0161ed\u00fdm lemov\u00e1n\u00edm, kter\u00e9 lze st\u00e1hnout. Model je vybaven super push-up vyj\u00edmateln\u00fdmi vycp\u00e1vkami. Tkanina podprsenky je mimo\u0159\u00e1dn\u011b jemn\u00e1 a pru\u017en\u00e1 a nezadr\u017euje vlhkost v t\u011ble, je vhodn\u00e1 na b\u011bh, do posilovny, na j\u00f3gu tenis nebo jak\u00fdkoli jin\u00fd druh sportu. Pod poprs\u00edm je \u0161irok\u00e1 guma, kter\u00e1 poskytuje pohodl\u00ed a volnost pohybu. Model t\u00e9to podprsenky je velmi aktu\u00e1ln\u00ed, je k dispozici v n\u011bkolika barv\u00e1ch a lze jej kombinovat s kr\u00e1tkou sukn\u00ed nebo leg\u00ednami. Na p\u0159edn\u00ed a zadn\u00ed stran\u011b podprsenky je tepeln\u00fd potisk b\u00edl\u00e9ho loga.     <\/p>\n<ul>\n<li>Zaj\u00edmav\u00fd design<\/li>\n<li>Hlubok\u00fd v\u00fdst\u0159ih do V<\/li>\n<li>Vycp\u00e1vky Super push-up, kter\u00e9 lze vyjmout<\/li>\n<li>\u0160irok\u00e1 guma pod prsy<\/li>\n<li>Tepeln\u00fd potisk loga Peach Pump na zadn\u00ed stran\u011b podprsenky<\/li>\n<li>Tkanina, kter\u00e1 nezadr\u017euje vlhkost v t\u011ble<\/li>\n<\/ul>\n<p>Slo\u017een\u00ed: 70 % polyester, 30 % elastan<\/p>\n<p>Podprsenku lze pr\u00e1t na 30 stup\u0148\u016f, nepou\u017e\u00edvat b\u011blidla a ne\u010distit chemicky.<\/p>\n<p>Modelka na obr\u00e1zku m\u011b\u0159\u00ed 179 cm, v\u00e1\u017e\u00ed 58 kg a m\u00e1 na sob\u011b velikost M.<\/p>\n<p>Pro v\u00fdb\u011br p\u0159esn\u00e9 velikosti pros\u00edm pou\u017eijte tabulek.<\/p>\n<p>&nbsp;<\/p>\n","protected":false},"excerpt":{"rendered":"<p>B\u00edl\u00e1 sportovn\u00ed podprsenka s v\u00fdst\u0159ihem do V a \u0161ed\u00fdm lemov\u00e1n\u00edm, kter\u00e9 lze st\u00e1hnout. Model je vybaven super push-up vyj\u00edmateln\u00fdmi vycp\u00e1vkami. Tkanina podprsenky je mimo\u0159\u00e1dn\u011b jemn\u00e1 a pru\u017en\u00e1 a nezadr\u017euje vlhkost v t\u011ble, je vhodn\u00e1 na b\u011bh, do posilovny, na j\u00f3gu tenis nebo jak\u00fdkoli jin\u00fd druh sportu. Pod poprs\u00edm je \u0161irok\u00e1 guma, kter\u00e1 poskytuje pohodl\u00ed a [&hellip;]<\/p>\n","protected":false},"featured_media":123061,"comment_status":"open","ping_status":"closed","template":"","meta":[],"product_brand":[],"product_cat":[346],"product_tag":[],"class_list":{"0":"post-125297","1":"product","2":"type-product","3":"status-publish","4":"has-post-thumbnail","6":"product_cat-damske-podprsenky-sportovni-fitness","7":"pa_cviat-bily-cs","8":"pa_razmer-l-cs","9":"pa_razmer-m-cs","10":"pa_razmer-s-cs-2","11":"inventories-world","13":"first","14":"instock","15":"taxable","16":"shipping-taxable","17":"purchasable","18":"product-type-variable"},"_links":{"self":[{"href":"https:\/\/staging6.peach-pump.com\/cs\/wp-json\/wp\/v2\/product\/125297","targetHints":{"allow":["GET"]}}],"collection":[{"href":"https:\/\/staging6.peach-pump.com\/cs\/wp-json\/wp\/v2\/product"}],"about":[{"href":"https:\/\/staging6.peach-pump.com\/cs\/wp-json\/wp\/v2\/types\/product"}],"replies":[{"embeddable":true,"href":"https:\/\/staging6.peach-pump.com\/cs\/wp-json\/wp\/v2\/comments?post=125297"}],"version-history":[{"count":0,"href":"https:\/\/staging6.peach-pump.com\/cs\/wp-json\/wp\/v2\/product\/125297\/revisions"}],"wp:featuredmedia":[{"embeddable":true,"href":"https:\/\/staging6.peach-pump.com\/cs\/wp-json\/wp\/v2\/media\/123061"}],"wp:attachment":[{"href":"https:\/\/staging6.peach-pump.com\/cs\/wp-json\/wp\/v2\/media?parent=125297"}],"wp:term":[{"taxonomy":"product_brand","embeddable":true,"href":"https:\/\/staging6.peach-pump.com\/cs\/wp-json\/wp\/v2\/product_brand?post=125297"},{"taxonomy":"product_cat","embeddable":true,"href":"https:\/\/staging6.peach-pump.com\/cs\/wp-json\/wp\/v2\/product_cat?post=125297"},{"taxonomy":"product_tag","embeddable":true,"href":"https:\/\/staging6.peach-pump.com\/cs\/wp-json\/wp\/v2\/product_tag?post=125297"}],"curies":[{"name":"wp","href":"https:\/\/api.w.org\/{rel}","templated":true}]}}