{"id":126310,"date":"2025-07-29T12:08:29","date_gmt":"2025-07-29T10:08:29","guid":{"rendered":"https:\/\/staging6.peach-pump.com\/products\/bezova-sportovni-sukne-souprava\/"},"modified":"2025-11-01T15:22:01","modified_gmt":"2025-11-01T13:22:01","slug":"bezova-sportovni-sukne-souprava","status":"publish","type":"product","link":"https:\/\/staging6.peach-pump.com\/cs\/products\/bezova-sportovni-sukne-souprava\/","title":{"rendered":"Souprava &#8211; b\u00e9\u017eov\u00e1 sportovn\u00ed sukn\u011b a podprsenka"},"content":{"rendered":"<p>M\u00f3dn\u00ed souprava b\u00e9\u017eov\u00e1 sportovn\u00ed sukn\u011b s hlubok\u00fdm rozparkem a integrovan\u00e9 leg\u00edny s bo\u010dn\u00edmi kapsami. Sukn\u011b se vyzna\u010duje b\u00edl\u00fdm lemov\u00e1n\u00edm a b\u00edl\u00fdm elastick\u00fdm pasem, nen\u00e1padn\u00fdm n\u00e1pisem Peach Pump na zadn\u00ed stran\u011b a tepeln\u00fdm potiskem loga na lev\u00e9 p\u0159edn\u00ed stran\u011b. Model je vybaven vy\u0161\u0161\u00edm pasem nad pup\u00edkem a rozparkem, kter\u00fd prodlu\u017euje nohy , zat\u00edmco integroven\u00e9 leg\u00edny poskytuj\u00ed plnou volnost pohybu p\u0159i provozov\u00e1n\u00ed va\u0161eho obl\u00edben\u00e9ho sportu. Kapsy leg\u00edn jsou hlubok\u00e9 a bez probl\u00e9mu do nich ulo\u017e\u00edte telefon. Na podprsence je b\u00edl\u00e9 lemov\u00e1n\u00ed pod poprs\u00edm a nastaviteln\u00e1 ram\u00ednka. Model je vybaven super push-up vycp\u00e1vkami, kter\u00e9 lze vyjmout. Tkanina podprsenky je mimo\u0159\u00e1dn\u011b m\u011bkk\u00e1 a pru\u017en\u00e1 a nezadr\u017eujevlhkost v t\u011ble, je vhodn\u00e1 na b\u011bh, do posilovny, na j\u00f3gu tenis nebo jin\u00e9 sporty. Na p\u0159edn\u00ed i zadn\u00ed stran\u011b podprsenky je tepeln\u00fd potisk b\u00edl\u00e9ho loga. Souprava je vhodn\u00e1 na proch\u00e1zku v parku, do posilovny, na tenis nebo volejbal.        <\/p>\n<p>Podprsenka:<\/p>\n<ul>\n<li>Zaj\u00edmav\u00fd design<\/li>\n<li>Nastaviteln\u00e1 ram\u00ednka<\/li>\n<li>Vycp\u00e1vky Super push-up, kter\u00e9 lze vyjmout<\/li>\n<li>Tepeln\u00fd potisk loga Peach Pump na zadn\u00ed stran\u011b podprsenky<\/li>\n<li>Tkanina, kter\u00e1 nezadr\u017euje vlhkost v t\u011ble<\/li>\n<\/ul>\n<p>Sukn\u011b:<\/p>\n<ul>\n<li>Vysok\u00fd pas<\/li>\n<li>Hlubok\u00fd rozparek<\/li>\n<li>Integrovan\u00e9 leg\u00edny s bo\u010dn\u00edmi kapsami<\/li>\n<li>Diskr\u00e9tn\u00ed n\u00e1pis Peach Pump na zadn\u00ed stran\u011b gumy<\/li>\n<li>Tepeln\u00fd potisk loga Peach Pump na p\u0159edn\u00ed stran\u011b sukn\u011b<\/li>\n<li>Tkanina, kter\u00e1 nezadr\u017euje vlhkost v t\u011ble<\/li>\n<\/ul>\n<p>Slo\u017een\u00ed: 70% nylon 30% spandex<\/p>\n<p>Sukni a podprsenku lze pr\u00e1t na 30 stup\u0148\u016f, neb\u011blit ani ne\u010distit chemicky.<\/p>\n<p>Modelka na obr\u00e1zku m\u011b\u0159\u00ed 168 cm, v\u00e1\u017e\u00ed 54 kg a m\u00e1 na sob\u011b sukni velikosti S a podprsenku velikosti S.<\/p>\n","protected":false},"excerpt":{"rendered":"<p>M\u00f3dn\u00ed souprava b\u00e9\u017eov\u00e1 sportovn\u00ed sukn\u011b s hlubok\u00fdm rozparkem a integrovan\u00e9 leg\u00edny s bo\u010dn\u00edmi kapsami. Sukn\u011b se vyzna\u010duje b\u00edl\u00fdm lemov\u00e1n\u00edm a b\u00edl\u00fdm elastick\u00fdm pasem, nen\u00e1padn\u00fdm n\u00e1pisem Peach Pump na zadn\u00ed stran\u011b a tepeln\u00fdm potiskem loga na lev\u00e9 p\u0159edn\u00ed stran\u011b. Model je vybaven vy\u0161\u0161\u00edm pasem nad pup\u00edkem a rozparkem, kter\u00fd prodlu\u017euje nohy , zat\u00edmco integroven\u00e9 leg\u00edny poskytuj\u00ed [&hellip;]<\/p>\n","protected":false},"featured_media":125551,"comment_status":"open","ping_status":"closed","template":"","meta":[],"product_brand":[],"product_cat":[347,348],"product_tag":[],"class_list":{"0":"post-126310","1":"product","2":"type-product","3":"status-publish","4":"has-post-thumbnail","6":"product_cat-damske-sportovni-outfity","7":"product_cat-kratke-sportovni-outfity-leginy","8":"pa_cviat-bezove","9":"inventories-world","11":"first","12":"instock","13":"taxable","14":"shipping-taxable","15":"purchasable","16":"product-type-yith_bundle"},"_links":{"self":[{"href":"https:\/\/staging6.peach-pump.com\/cs\/wp-json\/wp\/v2\/product\/126310","targetHints":{"allow":["GET"]}}],"collection":[{"href":"https:\/\/staging6.peach-pump.com\/cs\/wp-json\/wp\/v2\/product"}],"about":[{"href":"https:\/\/staging6.peach-pump.com\/cs\/wp-json\/wp\/v2\/types\/product"}],"replies":[{"embeddable":true,"href":"https:\/\/staging6.peach-pump.com\/cs\/wp-json\/wp\/v2\/comments?post=126310"}],"version-history":[{"count":0,"href":"https:\/\/staging6.peach-pump.com\/cs\/wp-json\/wp\/v2\/product\/126310\/revisions"}],"wp:featuredmedia":[{"embeddable":true,"href":"https:\/\/staging6.peach-pump.com\/cs\/wp-json\/wp\/v2\/media\/125551"}],"wp:attachment":[{"href":"https:\/\/staging6.peach-pump.com\/cs\/wp-json\/wp\/v2\/media?parent=126310"}],"wp:term":[{"taxonomy":"product_brand","embeddable":true,"href":"https:\/\/staging6.peach-pump.com\/cs\/wp-json\/wp\/v2\/product_brand?post=126310"},{"taxonomy":"product_cat","embeddable":true,"href":"https:\/\/staging6.peach-pump.com\/cs\/wp-json\/wp\/v2\/product_cat?post=126310"},{"taxonomy":"product_tag","embeddable":true,"href":"https:\/\/staging6.peach-pump.com\/cs\/wp-json\/wp\/v2\/product_tag?post=126310"}],"curies":[{"name":"wp","href":"https:\/\/api.w.org\/{rel}","templated":true}]}}