{"id":126316,"date":"2025-08-02T14:35:31","date_gmt":"2025-08-02T12:35:31","guid":{"rendered":"https:\/\/staging6.peach-pump.com\/products\/kratke-sportovni-saty-cerne\/"},"modified":"2025-11-10T17:02:30","modified_gmt":"2025-11-10T15:02:30","slug":"kratke-sportovni-saty-cerne","status":"publish","type":"product","link":"https:\/\/staging6.peach-pump.com\/cs\/products\/kratke-sportovni-saty-cerne\/","title":{"rendered":"\u010cern\u00e9 kr\u00e1tk\u00e9 sportovn\u00ed \u0161aty s leg\u00ednami a b\u00edl\u00fdm lemov\u00e1n\u00edm"},"content":{"rendered":"<p>\u010cern\u00e9 kr\u00e1tk\u00e9 sportovn\u00ed \u0161aty s leg\u00ednami a b\u00edl\u00fdm lemov\u00e1n\u00edm na okraj\u00edch. Model je vybaven push-up vycp\u00e1vkami , kter\u00e9 lze vyjmout. \u0160aty maj\u00ed v pase vykrojen\u00e9 detaily, kter\u00e9 pas opticky zmen\u0161uj\u00ed a dod\u00e1vaj\u00ed siluetu tvar p\u0159es\u00fdpac\u00edch hodin. \u0160aty jsou krat\u0161\u00edho st\u0159ihu, ale jsou vybaveny integrovan\u00fdmi leg\u00ednami, kter\u00e9 v\u00e1m poskytnou naprostou volnost pohybu. Model je vhodn\u00fd na tenis, do posilovny nebo na proch\u00e1zku do parku, s n\u00edm nem\u016f\u017eete z\u016fstat bez pov\u0161imnut\u00ed.    <\/p>\n<ul>\n<li>Kr\u00e1tk\u00fd st\u0159ih<\/li>\n<li>Integrovan\u00e9 leg\u00edny<\/li>\n<li>Vycp\u00e1vky s push-up efektem<\/li>\n<li>B\u00edl\u00e9 lemov\u00e1n\u00ed<\/li>\n<li>Pru\u017en\u00e1 tkanina<\/li>\n<li>Tepeln\u00fd potisk loga Peach Pump na zadn\u00ed stran\u011b<\/li>\n<li>Tepeln\u00fd potisk loga Peach Pump v p\u0159edn\u00ed \u010d\u00e1sti \u0161at\u016f pod poprs\u00edm.<\/li>\n<li>Otvory v pase<\/li>\n<li>Tkanina, kter\u00e1 odv\u00e1d\u00ed vlhkost od t\u011bla<\/li>\n<\/ul>\n<p>Slo\u017een\u00ed: 92 % nylon ; 8 % spandex<\/p>\n<p>\u0160aty lze pr\u00e1t na 30 stup\u0148\u016f, neb\u011blit a ne\u010distit chemicky.<\/p>\n<p>Modelka na obr\u00e1zku m\u011b\u0159\u00ed 179 cm, v\u00e1\u017e\u00ed 60 kg a m\u00e1 na sob\u011b velikost M.<\/p>\n<p>Pro v\u00fdb\u011br p\u0159esn\u00e9 velikosti pros\u00edm pou\u017eijte tabulek<\/p>\n","protected":false},"excerpt":{"rendered":"<p>\u010cern\u00e9 kr\u00e1tk\u00e9 sportovn\u00ed \u0161aty s leg\u00ednami a b\u00edl\u00fdm lemov\u00e1n\u00edm na okraj\u00edch. Model je vybaven push-up vycp\u00e1vkami , kter\u00e9 lze vyjmout. \u0160aty maj\u00ed v pase vykrojen\u00e9 detaily, kter\u00e9 pas opticky zmen\u0161uj\u00ed a dod\u00e1vaj\u00ed siluetu tvar p\u0159es\u00fdpac\u00edch hodin. \u0160aty jsou krat\u0161\u00edho st\u0159ihu, ale jsou vybaveny integrovan\u00fdmi leg\u00ednami, kter\u00e9 v\u00e1m poskytnou naprostou volnost pohybu. Model je vhodn\u00fd na [&hellip;]<\/p>\n","protected":false},"featured_media":125941,"comment_status":"open","ping_status":"closed","template":"","meta":[],"product_brand":[],"product_cat":[347,1175],"product_tag":[],"class_list":{"0":"post-126316","1":"product","2":"type-product","3":"status-publish","4":"has-post-thumbnail","6":"product_cat-damske-sportovni-outfity","7":"product_cat-sportovni-saty-a-sukne","8":"pa_cviat-cerna","9":"pa_razmer-m-cs","10":"pa_razmer-s-cs-2","11":"inventories-world","13":"first","14":"instock","15":"taxable","16":"shipping-taxable","17":"purchasable","18":"product-type-variable"},"_links":{"self":[{"href":"https:\/\/staging6.peach-pump.com\/cs\/wp-json\/wp\/v2\/product\/126316","targetHints":{"allow":["GET"]}}],"collection":[{"href":"https:\/\/staging6.peach-pump.com\/cs\/wp-json\/wp\/v2\/product"}],"about":[{"href":"https:\/\/staging6.peach-pump.com\/cs\/wp-json\/wp\/v2\/types\/product"}],"replies":[{"embeddable":true,"href":"https:\/\/staging6.peach-pump.com\/cs\/wp-json\/wp\/v2\/comments?post=126316"}],"version-history":[{"count":0,"href":"https:\/\/staging6.peach-pump.com\/cs\/wp-json\/wp\/v2\/product\/126316\/revisions"}],"wp:featuredmedia":[{"embeddable":true,"href":"https:\/\/staging6.peach-pump.com\/cs\/wp-json\/wp\/v2\/media\/125941"}],"wp:attachment":[{"href":"https:\/\/staging6.peach-pump.com\/cs\/wp-json\/wp\/v2\/media?parent=126316"}],"wp:term":[{"taxonomy":"product_brand","embeddable":true,"href":"https:\/\/staging6.peach-pump.com\/cs\/wp-json\/wp\/v2\/product_brand?post=126316"},{"taxonomy":"product_cat","embeddable":true,"href":"https:\/\/staging6.peach-pump.com\/cs\/wp-json\/wp\/v2\/product_cat?post=126316"},{"taxonomy":"product_tag","embeddable":true,"href":"https:\/\/staging6.peach-pump.com\/cs\/wp-json\/wp\/v2\/product_tag?post=126316"}],"curies":[{"name":"wp","href":"https:\/\/api.w.org\/{rel}","templated":true}]}}