{"id":126929,"date":"2025-07-29T12:36:56","date_gmt":"2025-07-29T10:36:56","guid":{"rendered":"https:\/\/staging6.peach-pump.com\/products\/souprava-sportovni-sukne-ruzova\/"},"modified":"2025-11-01T15:21:12","modified_gmt":"2025-11-01T13:21:12","slug":"souprava-sportovni-sukne-ruzova","status":"publish","type":"product","link":"https:\/\/staging6.peach-pump.com\/cs\/products\/souprava-sportovni-sukne-ruzova\/","title":{"rendered":"Souprava r\u016f\u017eov\u00e1 sportovn\u00ed sukn\u011b s mal\u00fdm rozparkem a podprsenka"},"content":{"rendered":"<p>Souprava r\u016f\u017eov\u00e1 sportovn\u00ed sukn\u011b s rozparkem a integrovan\u00fdmi leg\u00edny s bo\u010dn\u00edmi kapsami. Sukn\u011b se vyzna\u010duje decentn\u00edm r\u016f\u017eov\u00fdm lemov\u00e1n\u00edm a elastick\u00fdm pasem, n\u00e1pisem Peach Pump na zadn\u00ed stran\u011b a tepeln\u00fdm potiskem loga na lev\u00e9 p\u0159edn\u00ed stran\u011b. Model je vybaven vy\u0161\u0161\u00edm pasem nad pup\u00edkem, kter\u00fd siluetu vytvaruje, zat\u00edmco integroven\u00e9 leg\u00edny poskytuj\u00ed plnou volnost pohybu p\u0159i provozov\u00e1n\u00ed va\u0161eho obl\u00edben\u00e9ho sportu. Kapsy leg\u00edn jsou hlubok\u00e9 a bez probl\u00e9mu do nich ulo\u017e\u00edte telefon. Podprsenka se vyzna\u010duje v\u00fdst\u0159hem do V, b\u00edl\u00fdm lemov\u00e1n\u00edm pod poprs\u00edm, kter\u00e9 lze st\u00e1hnout pro sv\u016fdn\u011bj\u0161\u00ed vzhled. Model je vybaven super push-up vycp\u00e1vkami, kter\u00e9 lze vyjmout. Tkanina podprsenky je mimo\u0159\u00e1dn\u011b m\u011bkk\u00e1 a pru\u017en\u00e1 a nezadr\u017euje vlhkost v t\u011ble, je vhodn\u00e1 na b\u011bh, do posilovny, na j\u00f3gu tenis nebo jin\u00e9 sporty. Je \u0161irok\u00e1 guma pod prsy, kter\u00e1 dod\u00e1v\u00e1 pocit pohodl\u00ed a volnost pohybu. Na p\u0159edn\u00ed i zadn\u00ed stran\u011b podprsenky je tepeln\u00fd potisk \u0161ed\u00e9ho loga. Souprava je vhodn\u00e1 na proch\u00e1zku v parku, do posilovny, na tenis nebo volejbal.         <\/p>\n<p>Podprsenka:<\/p>\n<ul>\n<li>Zaj\u00edmav\u00fd design<\/li>\n<li>Hlubok\u00fd v\u00fdst\u0159ih do V<\/li>\n<li>Vycp\u00e1vky Super push-up, kter\u00e9 lze vyjmout<\/li>\n<li>\u0160irok\u00e1 guma pod prsy<\/li>\n<li>Tepeln\u00fd potisk loga Peach Pump na zadn\u00ed stran\u011b podprsenky<\/li>\n<li>Tkanina, kter\u00e1 nezadr\u017euje vlhkost v t\u011ble<\/li>\n<\/ul>\n<p>Sukn\u011b:<\/p>\n<ul>\n<li>Vysok\u00fd pas<\/li>\n<li>Diskr\u00e9tn\u00ed rozparek<\/li>\n<li>Integrovan\u00e9 leg\u00edny s bo\u010dn\u00edmi kapsami<\/li>\n<li>N\u00e1pis Peach Pump na zadn\u00ed stran\u011b gumy<\/li>\n<li>Tepeln\u00fd potisk loga Peach Pump na p\u0159edn\u00ed stran\u011b sukn\u011b<\/li>\n<li>Tkanina, kter\u00e1 nezadr\u017euje vlhkost v t\u011ble<\/li>\n<\/ul>\n<p>Slo\u017een\u00ed: 70% nylon 30% spandex<\/p>\n<p>Sukni a podprsenku lze pr\u00e1t na 30 stup\u0148\u016f, neb\u011blit ani ne\u010distit chemicky.<\/p>\n<p>Modelka na obr\u00e1zku m\u011b\u0159\u00ed 168 cm, v\u00e1\u017e\u00ed 54 kg a m\u00e1 na sob\u011b sukni velikosti S a podprsenku velikosti S.<\/p>\n","protected":false},"excerpt":{"rendered":"<p>Souprava r\u016f\u017eov\u00e1 sportovn\u00ed sukn\u011b s rozparkem a integrovan\u00fdmi leg\u00edny s bo\u010dn\u00edmi kapsami. Sukn\u011b se vyzna\u010duje decentn\u00edm r\u016f\u017eov\u00fdm lemov\u00e1n\u00edm a elastick\u00fdm pasem, n\u00e1pisem Peach Pump na zadn\u00ed stran\u011b a tepeln\u00fdm potiskem loga na lev\u00e9 p\u0159edn\u00ed stran\u011b. Model je vybaven vy\u0161\u0161\u00edm pasem nad pup\u00edkem, kter\u00fd siluetu vytvaruje, zat\u00edmco integroven\u00e9 leg\u00edny poskytuj\u00ed plnou volnost pohybu p\u0159i provozov\u00e1n\u00ed va\u0161eho [&hellip;]<\/p>\n","protected":false},"featured_media":126666,"comment_status":"open","ping_status":"closed","template":"","meta":[],"product_brand":[],"product_cat":[347,348],"product_tag":[],"class_list":{"0":"post-126929","1":"product","2":"type-product","3":"status-publish","4":"has-post-thumbnail","6":"product_cat-damske-sportovni-outfity","7":"product_cat-kratke-sportovni-outfity-leginy","8":"pa_cviat-ruzovy","9":"inventories-world","11":"first","12":"instock","13":"taxable","14":"shipping-taxable","15":"purchasable","16":"product-type-yith_bundle"},"_links":{"self":[{"href":"https:\/\/staging6.peach-pump.com\/en\/wp-json\/wp\/v2\/product\/126929","targetHints":{"allow":["GET"]}}],"collection":[{"href":"https:\/\/staging6.peach-pump.com\/en\/wp-json\/wp\/v2\/product"}],"about":[{"href":"https:\/\/staging6.peach-pump.com\/en\/wp-json\/wp\/v2\/types\/product"}],"replies":[{"embeddable":true,"href":"https:\/\/staging6.peach-pump.com\/en\/wp-json\/wp\/v2\/comments?post=126929"}],"version-history":[{"count":0,"href":"https:\/\/staging6.peach-pump.com\/en\/wp-json\/wp\/v2\/product\/126929\/revisions"}],"wp:featuredmedia":[{"embeddable":true,"href":"https:\/\/staging6.peach-pump.com\/en\/wp-json\/wp\/v2\/media\/126666"}],"wp:attachment":[{"href":"https:\/\/staging6.peach-pump.com\/en\/wp-json\/wp\/v2\/media?parent=126929"}],"wp:term":[{"taxonomy":"product_brand","embeddable":true,"href":"https:\/\/staging6.peach-pump.com\/en\/wp-json\/wp\/v2\/product_brand?post=126929"},{"taxonomy":"product_cat","embeddable":true,"href":"https:\/\/staging6.peach-pump.com\/en\/wp-json\/wp\/v2\/product_cat?post=126929"},{"taxonomy":"product_tag","embeddable":true,"href":"https:\/\/staging6.peach-pump.com\/en\/wp-json\/wp\/v2\/product_tag?post=126929"}],"curies":[{"name":"wp","href":"https:\/\/api.w.org\/{rel}","templated":true}]}}