{"id":126936,"date":"2025-08-03T11:26:27","date_gmt":"2025-08-03T09:26:27","guid":{"rendered":"https:\/\/staging6.peach-pump.com\/products\/bila-souprava-sukne-a-podprsenka\/"},"modified":"2025-11-01T15:19:48","modified_gmt":"2025-11-01T13:19:48","slug":"bila-souprava-sukne-a-podprsenka","status":"publish","type":"product","link":"https:\/\/staging6.peach-pump.com\/cs\/products\/bila-souprava-sukne-a-podprsenka\/","title":{"rendered":"B\u00edl\u00fd sportovn\u00ed outfit, sukn\u011b a podprsenka s p\u0159ek\u0159\u00ed\u017een\u00fdmi z\u00e1dy"},"content":{"rendered":"<p>Souprava b\u00edl\u00e1 sportovn\u00ed sukn\u011b s rozparkem a integrovan\u00fdmi leg\u00ednami s bo\u010dn\u00edmi kapsami. Sukn\u011b se vyzna\u010duje \u0161ed\u00fdm diskr\u00e9tn\u00edm lemov\u00e1n\u00edm a elastick\u00fdm d\u00edlem v pase, kter\u00fd pas stahuje, na zadn\u00ed stran\u011b m\u00e1 n\u00e1pis Peach Pump a na lev\u00e9 p\u0159edn\u00ed stran\u011b je tepeln\u00fd potisk loga. Model m\u00e1 pas nad pup\u00edkem, kter\u00fd siluetu modeluje, a leg\u00edny pod sukn\u00ed v\u00e1m poskytne naprostou volnost pohybu p\u0159i provozov\u00e1n\u00ed va\u0161eho obl\u00edben\u00e9ho sportu. Kapsy na leg\u00edn\u00e1ch jsou hlubok\u00e9 a bez probl\u00e9mu do nich schov\u00e1te telefon.   <\/p>\n<p>Podprsenka se vyzna\u010duje p\u0159ek\u0159\u00ed\u017een\u00fdmi ram\u00ednky v b\u00edl\u00e9 a \u0161ed\u00e9 barv\u011b. St\u0159ih podprsenky je vykrojen\u00fd a jsou super push-up vycp\u00e1vky, kter\u00e9 lze vyjmout. Tkanina je mimo\u0159\u00e1dn\u011b m\u011bkk\u00e1 a pru\u017en\u00e1, nezadr\u017euje vlhkost na t\u011ble, je vhodn\u00e1 na b\u011bh, do posilovny, na j\u00f3gu, tenis nebo jak\u00fdkoli jin\u00fd druh sportu. Design podprsenky je velmi aktu\u00e1ln\u00ed pro l\u00e9to, je k dispozici v n\u011bkolika barv\u00e1ch a lze ji kombinovat s kr\u00e1tkou sukn\u00ed nebo leg\u00ednami. V p\u0159edn\u00ed \u010d\u00e1sti podprsenky je tepeln\u00fd potisk \u0161ed\u00e9ho loga. Souprava je vhodn\u00e1 na proch\u00e1zku v parku, do posilovny, na tenis nebo volejbal.     <\/p>\n<p>Podprsenka:<\/p>\n<ul>\n<li>Zaj\u00edmav\u00fd design<\/li>\n<li>Zk\u0159\u00ed\u017een\u00e1 ram\u00ednka na z\u00e1dech<\/li>\n<li>Vycp\u00e1vky Super push-up, kter\u00e9 lze vyjmout<\/li>\n<li>Tepeln\u00fd potisk loga Peach Pump na p\u0159edn\u00ed stran\u011b podprsenky<\/li>\n<li>Tkanina, kter\u00e1 nezadr\u017euje vlhkost v t\u011ble<\/li>\n<\/ul>\n<p>Sukn\u011b:<\/p>\n<ul>\n<li>Vysok\u00fd pas<\/li>\n<li>Diskr\u00e9tn\u00ed rozparek<\/li>\n<li>Integrovan\u00e9 leg\u00edny s bo\u010dn\u00edmi kapsami<\/li>\n<li>N\u00e1pis Peach Pump na zadn\u00ed stran\u011b gumy<\/li>\n<li>Tepeln\u00fd potisk loga Peach Pump na p\u0159edn\u00ed stran\u011b sukn\u011b<\/li>\n<li>Tkanina, kter\u00e1 nezadr\u017euje vlhkost v t\u011ble<\/li>\n<\/ul>\n<p>Slo\u017een\u00ed: 70% nylon 30% spandex<\/p>\n<p>Sukni a podprsenku lze pr\u00e1t na 30 stup\u0148\u016f, neb\u011blit ani ne\u010distit chemicky.<\/p>\n<p>Modelka na obr\u00e1zku m\u011b\u0159\u00ed 179 cm, v\u00e1\u017e\u00ed 59 kg a m\u00e1 na sob\u011b sukni velikosti M a podprsenku velikosti M.<\/p>\n","protected":false},"excerpt":{"rendered":"<p>Souprava b\u00edl\u00e1 sportovn\u00ed sukn\u011b s rozparkem a integrovan\u00fdmi leg\u00ednami s bo\u010dn\u00edmi kapsami. Sukn\u011b se vyzna\u010duje \u0161ed\u00fdm diskr\u00e9tn\u00edm lemov\u00e1n\u00edm a elastick\u00fdm d\u00edlem v pase, kter\u00fd pas stahuje, na zadn\u00ed stran\u011b m\u00e1 n\u00e1pis Peach Pump a na lev\u00e9 p\u0159edn\u00ed stran\u011b je tepeln\u00fd potisk loga. Model m\u00e1 pas nad pup\u00edkem, kter\u00fd siluetu modeluje, a leg\u00edny pod sukn\u00ed v\u00e1m [&hellip;]<\/p>\n","protected":false},"featured_media":126142,"comment_status":"open","ping_status":"closed","template":"","meta":[],"product_brand":[],"product_cat":[347,348],"product_tag":[],"class_list":{"0":"post-126936","1":"product","2":"type-product","3":"status-publish","4":"has-post-thumbnail","6":"product_cat-damske-sportovni-outfity","7":"product_cat-kratke-sportovni-outfity-leginy","8":"pa_cviat-bily-cs","9":"inventories-world","11":"first","12":"instock","13":"taxable","14":"shipping-taxable","15":"purchasable","16":"product-type-yith_bundle"},"_links":{"self":[{"href":"https:\/\/staging6.peach-pump.com\/cs\/wp-json\/wp\/v2\/product\/126936","targetHints":{"allow":["GET"]}}],"collection":[{"href":"https:\/\/staging6.peach-pump.com\/cs\/wp-json\/wp\/v2\/product"}],"about":[{"href":"https:\/\/staging6.peach-pump.com\/cs\/wp-json\/wp\/v2\/types\/product"}],"replies":[{"embeddable":true,"href":"https:\/\/staging6.peach-pump.com\/cs\/wp-json\/wp\/v2\/comments?post=126936"}],"version-history":[{"count":0,"href":"https:\/\/staging6.peach-pump.com\/cs\/wp-json\/wp\/v2\/product\/126936\/revisions"}],"wp:featuredmedia":[{"embeddable":true,"href":"https:\/\/staging6.peach-pump.com\/cs\/wp-json\/wp\/v2\/media\/126142"}],"wp:attachment":[{"href":"https:\/\/staging6.peach-pump.com\/cs\/wp-json\/wp\/v2\/media?parent=126936"}],"wp:term":[{"taxonomy":"product_brand","embeddable":true,"href":"https:\/\/staging6.peach-pump.com\/cs\/wp-json\/wp\/v2\/product_brand?post=126936"},{"taxonomy":"product_cat","embeddable":true,"href":"https:\/\/staging6.peach-pump.com\/cs\/wp-json\/wp\/v2\/product_cat?post=126936"},{"taxonomy":"product_tag","embeddable":true,"href":"https:\/\/staging6.peach-pump.com\/cs\/wp-json\/wp\/v2\/product_tag?post=126936"}],"curies":[{"name":"wp","href":"https:\/\/api.w.org\/{rel}","templated":true}]}}