{"id":128374,"date":"2025-08-31T15:07:54","date_gmt":"2025-08-31T13:07:54","guid":{"rendered":"https:\/\/staging6.peach-pump.com\/products\/zelena-mikina-zip-a-kapuce-kratka\/"},"modified":"2025-11-09T13:54:40","modified_gmt":"2025-11-09T11:54:40","slug":"zelena-mikina-zip-a-kapuce-kratka","status":"publish","type":"product","link":"https:\/\/staging6.peach-pump.com\/cs\/products\/zelena-mikina-zip-a-kapuce-kratka\/","title":{"rendered":"Kr\u00e1tk\u00e1 zelen\u00e1 mikina na zip s kapuc\u00ed"},"content":{"rendered":"<p>Kr\u00e1tk\u00e1 zelen\u00e1 mikina barvy Milk and mint na zip s kapuc\u00ed. Tento model m\u00e1 zkr\u00e1cen\u00fd st\u0159ih, zd\u016fraz\u0148uje linii pasu , m\u00e1 vykrojen\u00e9 detaily a p\u016fsob\u00ed velmi \u017eensky a stylov\u011b. Mikina m\u00e1 zaj\u00edmav\u00fd detail &#8211; s\u00ed\u0165ovanou l\u00e1tku na boc\u00edch, kter\u00e1 dod\u00e1v\u00e1 sportovn\u00ed vzhled a umo\u017e\u0148uje poko\u017ece d\u00fdchat. Je vybavena zipem vp\u010dedu s vyryt\u00fdm logem , \u0161irokou kapuc\u00ed a zavazov\u00e1n\u00edm s n\u00e1pisem Peach Pump po cel\u00e9 d\u00e9lce a kovov\u00fdmi okraji. Zelen\u00e1 barva Milk and mint je jemn\u00e1, sv\u011b\u017e\u00ed a univerz\u00e1ln\u00ed &#8211; snadno se kombinuje s tmav\u00fdm i sv\u011btl\u00fdm oble\u010den\u00edm.    <\/p>\n<p>Mikina je vyrobena z m\u011bkk\u00e9, prody\u0161n\u00e9 tkaniny, kter\u00e1 poskytuje pohodl\u00ed po cel\u00fd den. Hod\u00ed se na sportovn\u00ed tr\u00e9nink, proch\u00e1zky a cestov\u00e1n\u00ed i pro le\u017e\u00e9rn\u011bj\u0161\u00ed m\u011bstsk\u00fd vzhled. V t\u00e9to mikin\u011b budete vypadat sv\u011b\u017ee, m\u00f3dn\u011b a z\u00e1rove\u0148 se v n\u00ed budete c\u00edtit pohodln\u011b, k dispozici je v n\u011bkolika sez\u00f3nn\u00edch trendov\u00fdch barv\u00e1ch.  <\/p>\n<ul>\n<li>Modern\u00ed design s d\u016frazem na detail<\/li>\n<li>Zkr\u00e1cen\u00fd st\u0159ih zd\u016fraz\u0148uj\u00edc\u00ed linii pasu<\/li>\n<li>Zip s vyryt\u00fdm logem<\/li>\n<li>Velk\u00e1 kapuce se zavazov\u00e1n\u00edm a n\u00e1pisem Peach Pump po cel\u00e9 d\u00e9lce.<\/li>\n<li>S\u00ed\u0165ovina na boc\u00edch, kter\u00e1 umo\u017e\u0148uje poko\u017ece d\u00fdchat.<\/li>\n<li>Vy\u0161it\u00e9 logo na rameni<\/li>\n<li>Vykrojen\u00e9 detajly v pase<\/li>\n<\/ul>\n<p>71 % bavlna \/ 29 % polyester<\/p>\n<p>Mikinu lze pr\u00e1t na 30 stup\u0148\u016f, neb\u011blit a ne\u010distit chemicky.<\/p>\n<p>Modelka na obr\u00e1zku m\u011b\u0159\u00ed 179 cm, v\u00e1\u017e\u00ed 57 kg a m\u00e1 na sob\u011b velikost S.<\/p>\n","protected":false},"excerpt":{"rendered":"<p>Kr\u00e1tk\u00e1 zelen\u00e1 mikina barvy Milk and mint na zip s kapuc\u00ed. Tento model m\u00e1 zkr\u00e1cen\u00fd st\u0159ih, zd\u016fraz\u0148uje linii pasu , m\u00e1 vykrojen\u00e9 detaily a p\u016fsob\u00ed velmi \u017eensky a stylov\u011b. Mikina m\u00e1 zaj\u00edmav\u00fd detail &#8211; s\u00ed\u0165ovanou l\u00e1tku na boc\u00edch, kter\u00e1 dod\u00e1v\u00e1 sportovn\u00ed vzhled a umo\u017e\u0148uje poko\u017ece d\u00fdchat. Je vybavena zipem vp\u010dedu s vyryt\u00fdm logem , \u0161irokou [&hellip;]<\/p>\n","protected":false},"featured_media":127711,"comment_status":"open","ping_status":"closed","template":"","meta":[],"product_brand":[],"product_cat":[920,1118],"product_tag":[],"class_list":{"0":"post-128374","1":"product","2":"type-product","3":"status-publish","4":"has-post-thumbnail","6":"product_cat-damske-bundy","7":"product_cat-damske-mikiny-s-kapuci","8":"pa_cviat-zelena-cs","9":"pa_razmer-m-cs","10":"pa_razmer-s-cs-2","11":"inventories-world","13":"first","14":"instock","15":"taxable","16":"shipping-taxable","17":"purchasable","18":"product-type-variable"},"_links":{"self":[{"href":"https:\/\/staging6.peach-pump.com\/en\/wp-json\/wp\/v2\/product\/128374","targetHints":{"allow":["GET"]}}],"collection":[{"href":"https:\/\/staging6.peach-pump.com\/en\/wp-json\/wp\/v2\/product"}],"about":[{"href":"https:\/\/staging6.peach-pump.com\/en\/wp-json\/wp\/v2\/types\/product"}],"replies":[{"embeddable":true,"href":"https:\/\/staging6.peach-pump.com\/en\/wp-json\/wp\/v2\/comments?post=128374"}],"version-history":[{"count":0,"href":"https:\/\/staging6.peach-pump.com\/en\/wp-json\/wp\/v2\/product\/128374\/revisions"}],"wp:featuredmedia":[{"embeddable":true,"href":"https:\/\/staging6.peach-pump.com\/en\/wp-json\/wp\/v2\/media\/127711"}],"wp:attachment":[{"href":"https:\/\/staging6.peach-pump.com\/en\/wp-json\/wp\/v2\/media?parent=128374"}],"wp:term":[{"taxonomy":"product_brand","embeddable":true,"href":"https:\/\/staging6.peach-pump.com\/en\/wp-json\/wp\/v2\/product_brand?post=128374"},{"taxonomy":"product_cat","embeddable":true,"href":"https:\/\/staging6.peach-pump.com\/en\/wp-json\/wp\/v2\/product_cat?post=128374"},{"taxonomy":"product_tag","embeddable":true,"href":"https:\/\/staging6.peach-pump.com\/en\/wp-json\/wp\/v2\/product_tag?post=128374"}],"curies":[{"name":"wp","href":"https:\/\/api.w.org\/{rel}","templated":true}]}}