{"id":129426,"date":"2025-09-09T21:56:51","date_gmt":"2025-09-09T19:56:51","guid":{"rendered":"https:\/\/staging6.peach-pump.com\/products\/bezova-sportovni-podprsenka-napisy\/"},"modified":"2025-11-10T16:01:14","modified_gmt":"2025-11-10T14:01:14","slug":"bezova-sportovni-podprsenka-napisy","status":"publish","type":"product","link":"https:\/\/staging6.peach-pump.com\/cs\/products\/bezova-sportovni-podprsenka-napisy\/","title":{"rendered":"B\u00e9\u017eov\u00e1 sportovn\u00ed podprsenka s n\u00e1pisem Peach Pump"},"content":{"rendered":"<p>B\u00e9\u017eov\u00e1 sportovn\u00ed podprsenka na b\u00edl\u00e1 ram\u00ednka vp\u0159edu s b\u00e9\u017eov\u00fdm n\u00e1pisem Peach Pump. Model je vybaven vycp\u00e1vkami s obl\u00edben\u00fdm super push-up efektem, je ur\u010den pro \u017eeny, kter\u00e9 se cht\u011bj\u00ed c\u00edtit sebev\u011bdom\u011b, sexy a stylov\u011b v posilovn\u011b i mimo ni. Elastick\u00e1 a prody\u0161n\u00e1 tkanina poskytuje pohodl\u00ed, rychle odv\u00e1d\u00ed vlhkost od t\u011bla a udr\u017euje v\u00e1s sv\u011b\u017e\u00ed. Podprsenka se vyzna\u010duje zaj\u00edmav\u00fdmi elastick\u00fdmi z\u00e1dy s v\u00edcestup\u0148ov\u00fdm zap\u00edn\u00e1n\u00edm pro lep\u0161\u00ed podporu poprs\u00ed b\u011bhem tr\u00e9ninku. Vhodn\u00e1 do posilovny, na j\u00f3gu, kardio, aerobn\u00ed cvi\u010den\u00ed nebo na ka\u017edodenn\u00ed no\u0161en\u00ed. K dispozici v n\u011bkolika trendov\u00fdch barv\u00e1ch, kter\u00e9 lze snadno zkombinovat. Tento model podprsenky od Peach Pump je nov\u00fdm must-have , kter\u00fd je t\u0159eba p\u0159idat do sv\u00e9ho \u0161atn\u00edku.      <\/p>\n<ul>\n<li>Modern\u00ed design<\/li>\n<li>Super Push-up vycp\u00e1vky, kter\u00e9 lze vyjmout<\/li>\n<li>Ram\u00ednka vp\u0159edu s n\u00e1pisem Peach Pump<\/li>\n<li>Potisk logo Peach Pump v p\u0159edn\u00ed \u010d\u00e1sti<\/li>\n<li>Elastick\u00e1 p\u0159ek\u0159\u00ed\u017een\u00e1 z\u00e1da<\/li>\n<li>Nastaviteln\u00e9 v\u00edcestup\u0148ov\u00fdm zap\u00edn\u00e1n\u00ed<\/li>\n<\/ul>\n<p>Slo\u017een\u00ed: 70 % polyester, 30 % elastan<\/p>\n<p>Podprsenku lze pr\u00e1t na 30 stup\u0148\u016f, nepou\u017e\u00edvat b\u011blidla a ne\u010distit chemicky.<\/p>\n<p>Model na obr\u00e1zku m\u011b\u0159\u00ed 170 a v\u00e1\u017e\u00ed 50 kg a m\u00e1 na sob\u011b velikost S.<\/p>\n<p>Pro v\u00fdb\u011br p\u0159esn\u00e9 velikosti pros\u00edm pou\u017eijte tabulek.<\/p>\n","protected":false},"excerpt":{"rendered":"<p>B\u00e9\u017eov\u00e1 sportovn\u00ed podprsenka na b\u00edl\u00e1 ram\u00ednka vp\u0159edu s b\u00e9\u017eov\u00fdm n\u00e1pisem Peach Pump. Model je vybaven vycp\u00e1vkami s obl\u00edben\u00fdm super push-up efektem, je ur\u010den pro \u017eeny, kter\u00e9 se cht\u011bj\u00ed c\u00edtit sebev\u011bdom\u011b, sexy a stylov\u011b v posilovn\u011b i mimo ni. Elastick\u00e1 a prody\u0161n\u00e1 tkanina poskytuje pohodl\u00ed, rychle odv\u00e1d\u00ed vlhkost od t\u011bla a udr\u017euje v\u00e1s sv\u011b\u017e\u00ed. Podprsenka se [&hellip;]<\/p>\n","protected":false},"featured_media":128962,"comment_status":"open","ping_status":"closed","template":"","meta":[],"product_brand":[],"product_cat":[346],"product_tag":[],"class_list":{"0":"post-129426","1":"product","2":"type-product","3":"status-publish","4":"has-post-thumbnail","6":"product_cat-damske-podprsenky-sportovni-fitness","7":"pa_cviat-bezove","8":"pa_razmer-l-cs","9":"pa_razmer-m-cs","10":"pa_razmer-s-cs-2","11":"inventories-world","13":"first","14":"instock","15":"taxable","16":"shipping-taxable","17":"purchasable","18":"product-type-variable"},"_links":{"self":[{"href":"https:\/\/staging6.peach-pump.com\/en\/wp-json\/wp\/v2\/product\/129426","targetHints":{"allow":["GET"]}}],"collection":[{"href":"https:\/\/staging6.peach-pump.com\/en\/wp-json\/wp\/v2\/product"}],"about":[{"href":"https:\/\/staging6.peach-pump.com\/en\/wp-json\/wp\/v2\/types\/product"}],"replies":[{"embeddable":true,"href":"https:\/\/staging6.peach-pump.com\/en\/wp-json\/wp\/v2\/comments?post=129426"}],"version-history":[{"count":0,"href":"https:\/\/staging6.peach-pump.com\/en\/wp-json\/wp\/v2\/product\/129426\/revisions"}],"wp:featuredmedia":[{"embeddable":true,"href":"https:\/\/staging6.peach-pump.com\/en\/wp-json\/wp\/v2\/media\/128962"}],"wp:attachment":[{"href":"https:\/\/staging6.peach-pump.com\/en\/wp-json\/wp\/v2\/media?parent=129426"}],"wp:term":[{"taxonomy":"product_brand","embeddable":true,"href":"https:\/\/staging6.peach-pump.com\/en\/wp-json\/wp\/v2\/product_brand?post=129426"},{"taxonomy":"product_cat","embeddable":true,"href":"https:\/\/staging6.peach-pump.com\/en\/wp-json\/wp\/v2\/product_cat?post=129426"},{"taxonomy":"product_tag","embeddable":true,"href":"https:\/\/staging6.peach-pump.com\/en\/wp-json\/wp\/v2\/product_tag?post=129426"}],"curies":[{"name":"wp","href":"https:\/\/api.w.org\/{rel}","templated":true}]}}