{"id":131622,"date":"2025-09-27T12:13:11","date_gmt":"2025-09-27T10:13:11","guid":{"rendered":"https:\/\/staging6.peach-pump.com\/products\/ruzova-mikina-zip\/"},"modified":"2025-11-10T12:06:24","modified_gmt":"2025-11-10T10:06:24","slug":"ruzova-mikina-zip","status":"publish","type":"product","link":"https:\/\/staging6.peach-pump.com\/cs\/products\/ruzova-mikina-zip\/","title":{"rendered":"R\u016f\u017eov\u00e1 mikina na zip s n\u00e1pisem Peach Pump"},"content":{"rendered":"<p>R\u016f\u017eov\u00e1 mikina na zip s n\u00e1pisem Peach Pump po cel\u00e9 d\u00e9lce. Je vybavena vysok\u00fdm l\u00edmcem, ruk\u00e1vy s otvory na palce, klokan\u00ed kapsou vp\u0159edu a vy\u0161it\u00fdm 3D logem Peach Pump na rameni. St\u0159ih je voln\u00fd , v pase je elastick\u00fd d\u00edl. Mikina je vyrobena z prody\u0161n\u00e9 tkaniny , kter\u00e1 nezadr\u017euje vlhkost v t\u011ble, je vhodn\u00e1 na b\u011bh, silov\u00fd a anaerobn\u00ed tr\u00e9nink na proch\u00e1zku nebo do parku. Lze ji kombinovat s leg\u00ednami a \u010depic\u00ed s k\u0161iltem, \u010d\u00edm\u017e dokonale dotvo\u0159\u00edte sv\u016fj Peach Pump outfit.    <\/p>\n<ul>\n<li>Vysok\u00fd l\u00edmec na zip s n\u00e1pisem Peach Pump po cel\u00e9 d\u00e9lce<\/li>\n<li>Voln\u00fd st\u0159ih<\/li>\n<li>Guma se stahov\u00e1n\u00edm v pase<\/li>\n<li>P\u0159edn\u00ed kapsa<\/li>\n<li>Ruk\u00e1vy s otvory na palec<\/li>\n<li>3D vy\u0161\u00edvan\u00e9 logo Peach Pump na rameni<\/li>\n<li>Tkanina, kter\u00e1 nezadr\u017euje vlhkost v t\u011ble<\/li>\n<\/ul>\n<p>Slo\u017een\u00ed: 74 % bavlna \/ 20 % polyester \/ 6 % spandex.<\/p>\n<p>Mikinu lze pr\u00e1t na 30 stup\u0148\u016f, neb\u011blit a ne\u010distit chemicky.<\/p>\n<p>Modelka na fotografii m\u011b\u0159\u00ed 170 cm, v\u00e1\u017e\u00ed 49 kg a m\u00e1 na sob\u011b velikost S.<\/p>\n","protected":false},"excerpt":{"rendered":"<p>R\u016f\u017eov\u00e1 mikina na zip s n\u00e1pisem Peach Pump po cel\u00e9 d\u00e9lce. Je vybavena vysok\u00fdm l\u00edmcem, ruk\u00e1vy s otvory na palce, klokan\u00ed kapsou vp\u0159edu a vy\u0161it\u00fdm 3D logem Peach Pump na rameni. St\u0159ih je voln\u00fd , v pase je elastick\u00fd d\u00edl. Mikina je vyrobena z prody\u0161n\u00e9 tkaniny , kter\u00e1 nezadr\u017euje vlhkost v t\u011ble, je vhodn\u00e1 na [&hellip;]<\/p>\n","protected":false},"featured_media":130154,"comment_status":"open","ping_status":"closed","template":"","meta":[],"product_brand":[],"product_cat":[1118,345],"product_tag":[],"class_list":{"0":"post-131622","1":"product","2":"type-product","3":"status-publish","4":"has-post-thumbnail","6":"product_cat-damske-mikiny-s-kapuci","7":"product_cat-damske-sportovni-topy-tilko","8":"pa_cviat-ruzovy","9":"pa_razmer-m-cs","10":"pa_razmer-s-cs-2","11":"inventories-world","13":"first","14":"instock","15":"taxable","16":"shipping-taxable","17":"purchasable","18":"product-type-variable"},"_links":{"self":[{"href":"https:\/\/staging6.peach-pump.com\/en\/wp-json\/wp\/v2\/product\/131622","targetHints":{"allow":["GET"]}}],"collection":[{"href":"https:\/\/staging6.peach-pump.com\/en\/wp-json\/wp\/v2\/product"}],"about":[{"href":"https:\/\/staging6.peach-pump.com\/en\/wp-json\/wp\/v2\/types\/product"}],"replies":[{"embeddable":true,"href":"https:\/\/staging6.peach-pump.com\/en\/wp-json\/wp\/v2\/comments?post=131622"}],"version-history":[{"count":0,"href":"https:\/\/staging6.peach-pump.com\/en\/wp-json\/wp\/v2\/product\/131622\/revisions"}],"wp:featuredmedia":[{"embeddable":true,"href":"https:\/\/staging6.peach-pump.com\/en\/wp-json\/wp\/v2\/media\/130154"}],"wp:attachment":[{"href":"https:\/\/staging6.peach-pump.com\/en\/wp-json\/wp\/v2\/media?parent=131622"}],"wp:term":[{"taxonomy":"product_brand","embeddable":true,"href":"https:\/\/staging6.peach-pump.com\/en\/wp-json\/wp\/v2\/product_brand?post=131622"},{"taxonomy":"product_cat","embeddable":true,"href":"https:\/\/staging6.peach-pump.com\/en\/wp-json\/wp\/v2\/product_cat?post=131622"},{"taxonomy":"product_tag","embeddable":true,"href":"https:\/\/staging6.peach-pump.com\/en\/wp-json\/wp\/v2\/product_tag?post=131622"}],"curies":[{"name":"wp","href":"https:\/\/api.w.org\/{rel}","templated":true}]}}