{"id":131629,"date":"2025-10-04T20:52:15","date_gmt":"2025-10-04T18:52:15","guid":{"rendered":"https:\/\/staging6.peach-pump.com\/products\/silna-zimni-bunda-bezova-s-kapuci\/"},"modified":"2025-11-09T19:08:58","modified_gmt":"2025-11-09T17:08:58","slug":"silna-zimni-bunda-bezova-s-kapuci","status":"publish","type":"product","link":"https:\/\/staging6.peach-pump.com\/cs\/products\/silna-zimni-bunda-bezova-s-kapuci\/","title":{"rendered":"B\u00e9\u017eov\u00e1 siln\u00e1 zimn\u00ed bunda s kapuc\u00ed &#8211; Peach Pump"},"content":{"rendered":"<p>B\u00e9\u017eov\u00e1 siln\u00e1 zimn\u00ed bunda s kapuc\u00ed a v\u00fd\u0161ivkou vp\u0159edu &#8211; Peach Pump. Model je vybaven hustou bavln\u011bnou v\u00fdpln\u00ed, st\u0159ih je pod pasem m\u00e1 nastaviteln\u00fd spodn\u00ed lem s elastick\u00fdm v\u00e1z\u00e1n\u00edm, man\u017eetov\u00e9 ruk\u00e1vy s otvory na palec , dv\u011b bo\u010dn\u00ed \u0161ikm\u00e9kapsy, kter\u00e9 se pro pohodl\u00ed uzav\u00edraj\u00ed zipem. Vp\u0159edu je zakryt\u00fd zip , kter\u00fd se uzav\u00edr\u00e1 pomoc\u00ed magnet\u016f a vy\u0161\u00edvan\u00e9logo Peach Pump , vy\u0161\u00edvan\u00e9 Peach Pump logo je tak\u00e9 na rameni.  <\/p>\n<p>Bunda m\u00e1 vysok\u00fd l\u00edmec a nastavitelnou kapuci pro maxim\u00e1ln\u00ed ochranu proti v\u011btru , m\u00e1 m\u011bkkou b\u00e9\u017eovou pod\u0161\u00edvku. V tomto modelu v\u00e1m bude teplo a z\u00e1rove\u0148 se budete c\u00edtit kr\u00e1sn\u00e1, sebev\u011bdom\u00e1 a sexy. Bunda se hod\u00ed k le\u017e\u00e9rn\u00edmu i sportovn\u00edmu vzhledu, lze ji snadno kombinovat.<\/p>\n<p>Styl a teplo v jednom, vytvo\u0159en\u00e9 s l\u00e1skou pro v\u00e1s!<\/p>\n<ul>\n<li>Zelen\u00e1 zateplen\u00e1 zimn\u00ed bunda se 100% bavln\u011bnou v\u00fdpln\u00ed<\/li>\n<li>Vysok\u00e1 kvalita<\/li>\n<li>Kapuce se zap\u00edn\u00e1n\u00edm , pro ochranu proti v\u011btru<\/li>\n<li>Vysok\u00fd l\u00edmec<\/li>\n<li>P\u0159edn\u00ed zakryt\u00fd zip, kter\u00e9 se zav\u00edr\u00e1 pomoc\u00ed magnet\u016f<\/li>\n<li>Bo\u010dn\u00ed kapsy na zip<\/li>\n<li>3D vy\u0161\u00edvan\u00e9 logo Peach Pump na p\u0159edn\u00ed stran\u011b a na rameni<\/li>\n<li>M\u011bkk\u00e1 pod\u0161\u00edvka<\/li>\n<li>Elastick\u00e9 man\u017eety na ruk\u00e1vech s otvory pro palec<\/li>\n<li>Nastaviteln\u00fd spodn\u00ed lem s elastick\u00fdm v\u00e1z\u00e1n\u00edm, kter\u00e9 se stahuje v pase.<\/li>\n<\/ul>\n<p>Vrchn\u00ed materi\u00e1l: 100% polyester V\u00fdpl\u0148: 100% bavlna<\/p>\n<p>Modelka na obr\u00e1zku m\u011b\u0159\u00ed 180, v\u00e1\u017e\u00ed 58 kg. a m\u00e1 na sob\u011b velikost S.<\/p>\n<p>Pro spr\u00e1vnou \u00fadr\u017ebu v\u00fdrobku dodr\u017eujte pokyny na \u0161t\u00edtku.<\/p>\n","protected":false},"excerpt":{"rendered":"<p>B\u00e9\u017eov\u00e1 siln\u00e1 zimn\u00ed bunda s kapuc\u00ed a v\u00fd\u0161ivkou vp\u0159edu &#8211; Peach Pump. Model je vybaven hustou bavln\u011bnou v\u00fdpln\u00ed, st\u0159ih je pod pasem m\u00e1 nastaviteln\u00fd spodn\u00ed lem s elastick\u00fdm v\u00e1z\u00e1n\u00edm, man\u017eetov\u00e9 ruk\u00e1vy s otvory na palec , dv\u011b bo\u010dn\u00ed \u0161ikm\u00e9kapsy, kter\u00e9 se pro pohodl\u00ed uzav\u00edraj\u00ed zipem. Vp\u0159edu je zakryt\u00fd zip , kter\u00fd se uzav\u00edr\u00e1 pomoc\u00ed magnet\u016f [&hellip;]<\/p>\n","protected":false},"featured_media":131111,"comment_status":"open","ping_status":"closed","template":"","meta":[],"product_brand":[],"product_cat":[920],"product_tag":[],"class_list":{"0":"post-131629","1":"product","2":"type-product","3":"status-publish","4":"has-post-thumbnail","6":"product_cat-damske-bundy","7":"pa_cviat-bezove","8":"pa_razmer-m-cs","9":"pa_razmer-s-cs-2","10":"inventories-world","12":"first","13":"instock","14":"taxable","15":"shipping-taxable","16":"purchasable","17":"product-type-variable"},"_links":{"self":[{"href":"https:\/\/staging6.peach-pump.com\/en\/wp-json\/wp\/v2\/product\/131629","targetHints":{"allow":["GET"]}}],"collection":[{"href":"https:\/\/staging6.peach-pump.com\/en\/wp-json\/wp\/v2\/product"}],"about":[{"href":"https:\/\/staging6.peach-pump.com\/en\/wp-json\/wp\/v2\/types\/product"}],"replies":[{"embeddable":true,"href":"https:\/\/staging6.peach-pump.com\/en\/wp-json\/wp\/v2\/comments?post=131629"}],"version-history":[{"count":0,"href":"https:\/\/staging6.peach-pump.com\/en\/wp-json\/wp\/v2\/product\/131629\/revisions"}],"wp:featuredmedia":[{"embeddable":true,"href":"https:\/\/staging6.peach-pump.com\/en\/wp-json\/wp\/v2\/media\/131111"}],"wp:attachment":[{"href":"https:\/\/staging6.peach-pump.com\/en\/wp-json\/wp\/v2\/media?parent=131629"}],"wp:term":[{"taxonomy":"product_brand","embeddable":true,"href":"https:\/\/staging6.peach-pump.com\/en\/wp-json\/wp\/v2\/product_brand?post=131629"},{"taxonomy":"product_cat","embeddable":true,"href":"https:\/\/staging6.peach-pump.com\/en\/wp-json\/wp\/v2\/product_cat?post=131629"},{"taxonomy":"product_tag","embeddable":true,"href":"https:\/\/staging6.peach-pump.com\/en\/wp-json\/wp\/v2\/product_tag?post=131629"}],"curies":[{"name":"wp","href":"https:\/\/api.w.org\/{rel}","templated":true}]}}