{"id":33737,"date":"2022-12-08T09:09:12","date_gmt":"2022-12-08T07:09:12","guid":{"rendered":"https:\/\/staging6.peach-pump.com\/products\/tvarujici-pevne-leginy-fialove-barvy\/"},"modified":"2025-10-14T23:04:42","modified_gmt":"2025-10-14T21:04:42","slug":"tvarujici-bezesve-leginy-fialove-pevna-latka","status":"publish","type":"product","link":"https:\/\/staging6.peach-pump.com\/cs\/products\/tvarujici-bezesve-leginy-fialove-pevna-latka\/","title":{"rendered":"Tvaruj\u00edc\u00ed pevn\u00e9 leg\u00edny fialov\u00e9 barvy"},"content":{"rendered":"<p>Tvaruj\u00edc\u00ed beze\u0161v\u00e9 leg\u00edny z pevn\u00e9, prody\u0161n\u00e9 tkaniny fialov\u00e9 barvy. Tento model je vyroben ze \u017eebrovan\u00e9ho materi\u00e1lu, m\u00e1 vysok\u00fd pas, je pevn\u011bj\u0161\u00ed, ide\u00e1ln\u00ed na chladn\u011bj\u0161\u00ed podzimn\u00ed a zimn\u00ed dny. Leg\u00edny maj\u00ed \u0161irok\u00fd d\u00edl v pase, tvaruj\u00edc\u00ed a liftingov\u00fd efekt, kter\u00fd na\u0161e zna\u010dka miluje. Tyto leg\u00edny v\u00e1s ohrom\u00ed svou m\u011bkkost\u00ed, teplem a zp\u016fsobem, jak\u00fdm va\u0161i postavu vytvaruj\u00ed. Model lze kombinovat s halenkou nebo bustierem, pod\u00edvejte se na na\u0161e n\u00e1vrhy.  <\/p>\n<ul>\n<li> Vysok\u00fd pas<\/li>\n<li> Beze\u0161v\u00fd \u017eebrovan\u00fd materi\u00e1l<\/li>\n<li> Zvedaj\u00ed, vytvaruj\u00ed, zakr\u00fdvaj\u00ed probl\u00e9mov\u00e9 oblasti<\/li>\n<li> Pevn\u00fd materi\u00e1l<\/li>\n<li> \u017debrovan\u00fd d\u00edl obep\u00ednaj\u00edc\u00ed pas<\/li>\n<li> Broskvov\u00fd efekt<\/li>\n<li> Bez \u0161vu vp\u0159edu<\/li>\n<li> Tepeln\u00fd potisk loga Peach Pump na zadn\u00ed stran\u011b leg\u00edn<\/li>\n<li> Materi\u00e1l odv\u00e1d\u011bj\u00edc\u00ed vlhkost<\/li>\n<\/ul>\n<p> Slo\u017een\u00ed: 80 % polyester, 20 % elastan. Leg\u00edny lze pr\u00e1t na 30 stup\u0148\u016f, nepou\u017e\u00edvat b\u011blidla a ne\u010distit chemicky. Modelka na obr\u00e1zku je vysok\u00e1 178 cm, v\u00e1\u017e\u00ed 54 kg a m\u00e1 na sob\u011b velikost M. Pro v\u00fdb\u011br p\u0159esn\u00e9 velikosti se pros\u00edm \u0159i\u010fte tabulkami.<\/p>\n","protected":false},"excerpt":{"rendered":"<p>Tvaruj\u00edc\u00ed beze\u0161v\u00e9 leg\u00edny z pevn\u00e9, prody\u0161n\u00e9 tkaniny fialov\u00e9 barvy. Tento model je vyroben ze \u017eebrovan\u00e9ho materi\u00e1lu, m\u00e1 vysok\u00fd pas, je pevn\u011bj\u0161\u00ed, ide\u00e1ln\u00ed na chladn\u011bj\u0161\u00ed podzimn\u00ed a zimn\u00ed dny. Leg\u00edny maj\u00ed \u0161irok\u00fd d\u00edl v pase, tvaruj\u00edc\u00ed a liftingov\u00fd efekt, kter\u00fd na\u0161e zna\u010dka miluje. Tyto leg\u00edny v\u00e1s ohrom\u00ed svou m\u011bkkost\u00ed, teplem a zp\u016fsobem, jak\u00fdm va\u0161i postavu vytvaruj\u00ed. [&hellip;]<\/p>\n","protected":false},"featured_media":24680,"comment_status":"open","ping_status":"closed","template":"","meta":[],"product_brand":[],"product_cat":[296,137],"product_tag":[],"class_list":{"0":"post-33737","1":"product","2":"type-product","3":"status-publish","4":"has-post-thumbnail","6":"product_cat-damske-leginy-dlouhe","7":"product_cat-damske-sportovni-leginy","8":"pa_cviat-fialova","9":"pa_razmer-l-cs","10":"pa_razmer-m-cs","11":"pa_razmer-s-cs-2","12":"inventories-world","13":"inventories-uk","15":"first","16":"instock","17":"taxable","18":"shipping-taxable","19":"purchasable","20":"product-type-variable"},"_links":{"self":[{"href":"https:\/\/staging6.peach-pump.com\/en\/wp-json\/wp\/v2\/product\/33737","targetHints":{"allow":["GET"]}}],"collection":[{"href":"https:\/\/staging6.peach-pump.com\/en\/wp-json\/wp\/v2\/product"}],"about":[{"href":"https:\/\/staging6.peach-pump.com\/en\/wp-json\/wp\/v2\/types\/product"}],"replies":[{"embeddable":true,"href":"https:\/\/staging6.peach-pump.com\/en\/wp-json\/wp\/v2\/comments?post=33737"}],"version-history":[{"count":0,"href":"https:\/\/staging6.peach-pump.com\/en\/wp-json\/wp\/v2\/product\/33737\/revisions"}],"wp:featuredmedia":[{"embeddable":true,"href":"https:\/\/staging6.peach-pump.com\/en\/wp-json\/wp\/v2\/media\/24680"}],"wp:attachment":[{"href":"https:\/\/staging6.peach-pump.com\/en\/wp-json\/wp\/v2\/media?parent=33737"}],"wp:term":[{"taxonomy":"product_brand","embeddable":true,"href":"https:\/\/staging6.peach-pump.com\/en\/wp-json\/wp\/v2\/product_brand?post=33737"},{"taxonomy":"product_cat","embeddable":true,"href":"https:\/\/staging6.peach-pump.com\/en\/wp-json\/wp\/v2\/product_cat?post=33737"},{"taxonomy":"product_tag","embeddable":true,"href":"https:\/\/staging6.peach-pump.com\/en\/wp-json\/wp\/v2\/product_tag?post=33737"}],"curies":[{"name":"wp","href":"https:\/\/api.w.org\/{rel}","templated":true}]}}