{"id":33897,"date":"2022-09-25T10:55:00","date_gmt":"2022-09-25T08:55:00","guid":{"rendered":"https:\/\/staging6.peach-pump.com\/products\/bezesva-sportovni-podprsenka-matove-barvy-s-integrovanymi-vycpavkami\/"},"modified":"2025-10-13T20:39:02","modified_gmt":"2025-10-13T18:39:02","slug":"sportovni-podprsenka-matova-vycpavky","status":"publish","type":"product","link":"https:\/\/staging6.peach-pump.com\/cs\/products\/sportovni-podprsenka-matova-vycpavky\/","title":{"rendered":"Beze\u0161v\u00e1 sportovn\u00ed podprsenka m\u00e1tov\u00e9 barvy s integrovan\u00fdmi vycp\u00e1vkami"},"content":{"rendered":"<p>Beze\u0161v\u00e1 sportovn\u00ed podprsenka s integrovan\u00fdmi vycp\u00e1vkami, kter\u00e9 nelze vyjmout. Model je vyroben z lehk\u00e9, velmi pru\u017en\u00e9, prody\u0161n\u00e9 tkaniny, kter\u00e1 nezp\u016fsobuje pocen\u00ed. Tato sportovn\u00ed podprsenka je mo\u017eno nosit i pod oble\u010den\u00edm, jej\u00ed design je nen\u00e1padn\u00fd a budete m\u00edt pocit naprost\u00e9ho pohodl\u00ed a volnosti pohybu. Velikost je univerz\u00e1ln\u00ed, m\u00e1 4-stup\u0148ov\u00e9 zap\u00edn\u00e1n\u00ed a \u0161irokou gumu. Model je k dispozici v r\u016fzn\u00fdch barv\u00e1ch, lze jej sladit s leg\u00ednami stejn\u00e9 barvy. Pod\u00edvejte se do sekce Sportovn\u00ed sety. <\/p>\n<ul>\n<li> Integrovan\u00e9 vycp\u00e1vky<\/li>\n<li> Push-Up efekt<\/li>\n<li> Hluboce vykrojen\u00e1 z\u00e1da<\/li>\n<li> Velk\u00e1 pru\u017enost<\/li>\n<li> \u010cty\u0159stup\u0148ov\u00e9 zap\u00edn\u00e1n\u00ed<\/li>\n<li> Tepeln\u00fd potisk loga Peach Pump na boku podprsenky<\/li>\n<li> Technologie odv\u00e1d\u011bn\u00ed vlhkosti<\/li>\n<\/ul>\n<p> Slo\u017een\u00ed: 80 % polyester, 20 % elastan. Podprsenku lze pr\u00e1t na 30 stup\u0148\u016f, nepou\u017e\u00edvat b\u011blidla a ne\u010distit chemicky. Modelka na fotografii m\u011b\u0159\u00ed 178 cm, v\u00e1\u017e\u00ed 54 kg a p\u00f3zuje ve velikosti M. Pro v\u00fdb\u011br p\u0159esn\u00e9 velikosti se pros\u00edm \u0159i\u010fte tabulkami.  &nbsp;<\/p>\n","protected":false},"excerpt":{"rendered":"<p>Beze\u0161v\u00e1 sportovn\u00ed podprsenka s integrovan\u00fdmi vycp\u00e1vkami, kter\u00e9 nelze vyjmout. Model je vyroben z lehk\u00e9, velmi pru\u017en\u00e9, prody\u0161n\u00e9 tkaniny, kter\u00e1 nezp\u016fsobuje pocen\u00ed. Tato sportovn\u00ed podprsenka je mo\u017eno nosit i pod oble\u010den\u00edm, jej\u00ed design je nen\u00e1padn\u00fd a budete m\u00edt pocit naprost\u00e9ho pohodl\u00ed a volnosti pohybu. Velikost je univerz\u00e1ln\u00ed, m\u00e1 4-stup\u0148ov\u00e9 zap\u00edn\u00e1n\u00ed a \u0161irokou gumu. Model je k [&hellip;]<\/p>\n","protected":false},"featured_media":20640,"comment_status":"open","ping_status":"closed","template":"","meta":[],"product_brand":[],"product_cat":[346],"product_tag":[],"class_list":{"0":"post-33897","1":"product","2":"type-product","3":"status-publish","4":"has-post-thumbnail","6":"product_cat-damske-podprsenky-sportovni-fitness","7":"pa_cviat-zelena-cs","8":"pa_razmer-l-cs","9":"pa_razmer-m-cs","10":"pa_razmer-s-cs-2","11":"inventories-world","12":"inventories-uk","14":"first","15":"instock","16":"taxable","17":"shipping-taxable","18":"purchasable","19":"product-type-variable"},"_links":{"self":[{"href":"https:\/\/staging6.peach-pump.com\/en\/wp-json\/wp\/v2\/product\/33897","targetHints":{"allow":["GET"]}}],"collection":[{"href":"https:\/\/staging6.peach-pump.com\/en\/wp-json\/wp\/v2\/product"}],"about":[{"href":"https:\/\/staging6.peach-pump.com\/en\/wp-json\/wp\/v2\/types\/product"}],"replies":[{"embeddable":true,"href":"https:\/\/staging6.peach-pump.com\/en\/wp-json\/wp\/v2\/comments?post=33897"}],"version-history":[{"count":0,"href":"https:\/\/staging6.peach-pump.com\/en\/wp-json\/wp\/v2\/product\/33897\/revisions"}],"wp:featuredmedia":[{"embeddable":true,"href":"https:\/\/staging6.peach-pump.com\/en\/wp-json\/wp\/v2\/media\/20640"}],"wp:attachment":[{"href":"https:\/\/staging6.peach-pump.com\/en\/wp-json\/wp\/v2\/media?parent=33897"}],"wp:term":[{"taxonomy":"product_brand","embeddable":true,"href":"https:\/\/staging6.peach-pump.com\/en\/wp-json\/wp\/v2\/product_brand?post=33897"},{"taxonomy":"product_cat","embeddable":true,"href":"https:\/\/staging6.peach-pump.com\/en\/wp-json\/wp\/v2\/product_cat?post=33897"},{"taxonomy":"product_tag","embeddable":true,"href":"https:\/\/staging6.peach-pump.com\/en\/wp-json\/wp\/v2\/product_tag?post=33897"}],"curies":[{"name":"wp","href":"https:\/\/api.w.org\/{rel}","templated":true}]}}