{"id":33972,"date":"2022-09-19T16:44:18","date_gmt":"2022-09-19T14:44:18","guid":{"rendered":"https:\/\/staging6.peach-pump.com\/products\/bezesva-dvoudilna-sportovni-souprava-v-matove-zelene-barve\/"},"modified":"2024-12-01T10:21:03","modified_gmt":"2024-12-01T08:21:03","slug":"bezesvy-sportovni-set-matove-zelene","status":"publish","type":"product","link":"https:\/\/staging6.peach-pump.com\/cs\/products\/bezesvy-sportovni-set-matove-zelene\/","title":{"rendered":"Beze\u0161v\u00e1 dvoud\u00edln\u00e1 sportovn\u00ed souprava v m\u00e1tov\u011b zelen\u00e9 barv\u011b"},"content":{"rendered":"<p>D\u00e1msk\u00e1 beze\u0161v\u00e1 dvoud\u00edln\u00e1 sportovn\u00ed souprava v m\u00e1tov\u011b zelen\u00e9 barv\u011b s tvaruj\u00edc\u00edm a zvedaj\u00edc\u00edm efektem. Leg\u00edny jsou vyrobeny z pohodln\u00e9 beze\u0161v\u00e9 tkaniny, jsou vybaveny vysok\u00fdm pasem se \u0161irok\u00fdm \u017eebrovan\u00fdm d\u00edlem, kter\u00fd p\u00e1s jemn\u011b stahuje a kr\u00e1sn\u011b tvaruje. Podprsenka je vyztu\u017een\u00e1, m\u00e1 hluboce vykrojen\u00e1 z\u00e1da a \u010dty\u0159stup\u0148ov\u00e9 zap\u00edn\u00e1n\u00ed, kter\u00e9 lze nastavit podle obvodu prsou. Tento set perfektn\u011b sed\u00ed na t\u011ble a modeluje postavu, je vhodn\u00fd na silov\u00e9 i kardio aktivity. Podprsenka: <\/p>\n<ul>\n<li>Integrovan\u00e9 vycp\u00e1vky<\/li>\n<li>Push-Up efekt<\/li>\n<li>Hlubok\u00fd \u0159ez zad<\/li>\n<li>Velk\u00e1 pru\u017enost<\/li>\n<li>\u010cty\u0159stup\u0148ov\u00e9 zap\u00edn\u00e1n\u00ed<\/li>\n<li>Tepeln\u00fd potisk loga Peach Pump na boku podprsenky<\/li>\n<li>Technologie odv\u00e1d\u011bn\u00ed vlhkosti<\/li>\n<\/ul>\n<p> O leg\u00edn\u00e1ch: <\/p>\n<ul>\n<li>Vysok\u00fd pas<\/li>\n<li>Beze\u0161v\u00e1 tkanina<\/li>\n<li>Zved\u00e1, vytvaruje, zakr\u00fdv\u00e1 probl\u00e9mov\u00e9 oblasti<\/li>\n<li>\u017debrovan\u00fd d\u00edl v pase, kter\u00fd p\u00e1s obep\u00edn\u00e1<\/li>\n<li>Broskvov\u00fd efekt<\/li>\n<li>Bez \u0161vu v p\u0159edn\u00ed \u010d\u00e1sti<\/li>\n<li>Tepeln\u00fd potisk loga Peach Pump na zadn\u00ed stran\u011b leg\u00edn<\/li>\n<li>Technologie odv\u00e1d\u011bn\u00ed vlhkosti<\/li>\n<\/ul>\n<p> Slo\u017een\u00ed: 80 % polyester, 20 % elastan. Set lze pr\u00e1t na 30 stup\u0148\u016f, nepou\u017e\u00edvat b\u011blidla a ne\u010distit chemicky. Modelka na obr\u00e1zku je vysok\u00e1 178 cm, v\u00e1\u017e\u00ed 54 kg a p\u00f3zuje v bustier velikosti S\/M, leg\u00edny velikosti M. Pro v\u00fdb\u011br p\u0159esn\u00e9 velikosti pros\u00edm pou\u017eijte tabulek.<\/p>\n","protected":false},"excerpt":{"rendered":"<p>D\u00e1msk\u00e1 beze\u0161v\u00e1 dvoud\u00edln\u00e1 sportovn\u00ed souprava v m\u00e1tov\u011b zelen\u00e9 barv\u011b s tvaruj\u00edc\u00edm a zvedaj\u00edc\u00edm efektem. Leg\u00edny jsou vyrobeny z pohodln\u00e9 beze\u0161v\u00e9 tkaniny, jsou vybaveny vysok\u00fdm pasem se \u0161irok\u00fdm \u017eebrovan\u00fdm d\u00edlem, kter\u00fd p\u00e1s jemn\u011b stahuje a kr\u00e1sn\u011b tvaruje. Podprsenka je vyztu\u017een\u00e1, m\u00e1 hluboce vykrojen\u00e1 z\u00e1da a \u010dty\u0159stup\u0148ov\u00e9 zap\u00edn\u00e1n\u00ed, kter\u00e9 lze nastavit podle obvodu prsou. Tento set perfektn\u011b [&hellip;]<\/p>\n","protected":false},"featured_media":20066,"comment_status":"open","ping_status":"closed","template":"","meta":[],"product_brand":[],"product_cat":[347,349],"product_tag":[],"class_list":{"0":"post-33972","1":"product","2":"type-product","3":"status-publish","4":"has-post-thumbnail","6":"product_cat-damske-sportovni-outfity","7":"product_cat-sportovni-outfity-s-leginami","8":"pa_cviat-zelena-cs","9":"pa_razmer-m-cs","10":"pa_razmer-s-cs-2","11":"inventories-world","12":"inventories-uk","14":"first","15":"instock","16":"virtual","17":"taxable","18":"purchasable","19":"product-type-yith_bundle"},"_links":{"self":[{"href":"https:\/\/staging6.peach-pump.com\/en\/wp-json\/wp\/v2\/product\/33972","targetHints":{"allow":["GET"]}}],"collection":[{"href":"https:\/\/staging6.peach-pump.com\/en\/wp-json\/wp\/v2\/product"}],"about":[{"href":"https:\/\/staging6.peach-pump.com\/en\/wp-json\/wp\/v2\/types\/product"}],"replies":[{"embeddable":true,"href":"https:\/\/staging6.peach-pump.com\/en\/wp-json\/wp\/v2\/comments?post=33972"}],"version-history":[{"count":0,"href":"https:\/\/staging6.peach-pump.com\/en\/wp-json\/wp\/v2\/product\/33972\/revisions"}],"wp:featuredmedia":[{"embeddable":true,"href":"https:\/\/staging6.peach-pump.com\/en\/wp-json\/wp\/v2\/media\/20066"}],"wp:attachment":[{"href":"https:\/\/staging6.peach-pump.com\/en\/wp-json\/wp\/v2\/media?parent=33972"}],"wp:term":[{"taxonomy":"product_brand","embeddable":true,"href":"https:\/\/staging6.peach-pump.com\/en\/wp-json\/wp\/v2\/product_brand?post=33972"},{"taxonomy":"product_cat","embeddable":true,"href":"https:\/\/staging6.peach-pump.com\/en\/wp-json\/wp\/v2\/product_cat?post=33972"},{"taxonomy":"product_tag","embeddable":true,"href":"https:\/\/staging6.peach-pump.com\/en\/wp-json\/wp\/v2\/product_tag?post=33972"}],"curies":[{"name":"wp","href":"https:\/\/api.w.org\/{rel}","templated":true}]}}