{"id":34198,"date":"2022-08-19T10:49:04","date_gmt":"2022-08-19T08:49:04","guid":{"rendered":"https:\/\/staging6.peach-pump.com\/products\/kamuflazove-sportovni-leginy-s-kapsami-a-cernymi-nohavicemi\/"},"modified":"2025-11-02T19:17:49","modified_gmt":"2025-11-02T17:17:49","slug":"kamuflazove-leginy-s-kapsami-a-cernymi-prvky","status":"publish","type":"product","link":"https:\/\/staging6.peach-pump.com\/cs\/products\/kamuflazove-leginy-s-kapsami-a-cernymi-prvky\/","title":{"rendered":"Kamufl\u00e1\u017eov\u00e9 sportovn\u00ed leg\u00edny s kapsami a \u010dern\u00fdmi nohavicemi"},"content":{"rendered":"<p>Leg\u00edny s kapsami kamufl\u00e1\u017eov\u00e9ho vzoru s \u010dern\u00fdmi prvky z m\u011bkk\u00e9 tvaruj\u00edc\u00ed tkaniny. Leg\u00edny se vyzna\u010duj\u00ed vysok\u00fdm pasem, efektn\u00edm designem, kter\u00fd perfektn\u011b sed\u00ed na t\u011ble, kapsy jsou um\u00edst\u011bny tak, aby nenaru\u0161ovaly va\u0161e pohodl\u00ed p\u0159i cvi\u010den\u00ed, leg\u00edny maj\u00ed efekt Peachy. M\u016f\u017eete je kombinovat s bundou nebo podprsenkou stejn\u00e9ho vzoru.<\/p>\n<ul>\n<li>Vysok\u00fd pas<\/li>\n<li>Broskvov\u00fd efekt<\/li>\n<li>Kapsy jsou na zadn\u00ed stran\u011b, NEJSOU fale\u0161n\u00e9<\/li>\n<li>Tepeln\u00fd potisk loga Peach Pump na zadn\u00ed stran\u011b leg\u00edn<\/li>\n<li>Materi\u00e1l, kter\u00fd odv\u00e1d\u00ed pot<\/li>\n<\/ul>\n<p>Slo\u017een\u00ed: 80 % polyester, 20 % elastan<\/p>\n<p>Leg\u00edny lze pr\u00e1t na 30 stup\u0148\u016f, neb\u011blit a ne\u010distit chemicky.<\/p>\n<p>Modelka na fotografii m\u011b\u0159\u00ed 178 cm, v\u00e1\u017e\u00ed 54 kg a m\u00e1 na sob\u011b velikost M.<\/p>\n<p>Pro v\u00fdb\u011br p\u0159esn\u00e9 velikosti pros\u00edm pou\u017eijte tabulek.<\/p>\n","protected":false},"excerpt":{"rendered":"<p>Leg\u00edny s kapsami kamufl\u00e1\u017eov\u00e9ho vzoru s \u010dern\u00fdmi prvky z m\u011bkk\u00e9 tvaruj\u00edc\u00ed tkaniny. Leg\u00edny se vyzna\u010duj\u00ed vysok\u00fdm pasem, efektn\u00edm designem, kter\u00fd perfektn\u011b sed\u00ed na t\u011ble, kapsy jsou um\u00edst\u011bny tak, aby nenaru\u0161ovaly va\u0161e pohodl\u00ed p\u0159i cvi\u010den\u00ed, leg\u00edny maj\u00ed efekt Peachy. M\u016f\u017eete je kombinovat s bundou nebo podprsenkou stejn\u00e9ho vzoru. Vysok\u00fd pas Broskvov\u00fd efekt Kapsy jsou na zadn\u00ed [&hellip;]<\/p>\n","protected":false},"featured_media":106560,"comment_status":"open","ping_status":"closed","template":"","meta":[],"product_brand":[],"product_cat":[137,296,194],"product_tag":[],"class_list":{"0":"post-34198","1":"product","2":"type-product","3":"status-publish","4":"has-post-thumbnail","6":"product_cat-damske-sportovni-leginy","7":"product_cat-damske-leginy-dlouhe","8":"product_cat-leginy-s-kapsami","9":"pa_cviat-kamuflazova-cerna","10":"pa_razmer-l-cs","11":"pa_razmer-m-cs","12":"pa_razmer-s-cs-2","13":"inventories-world","14":"inventories-uk","16":"first","17":"instock","18":"taxable","19":"shipping-taxable","20":"purchasable","21":"product-type-variable"},"_links":{"self":[{"href":"https:\/\/staging6.peach-pump.com\/en\/wp-json\/wp\/v2\/product\/34198","targetHints":{"allow":["GET"]}}],"collection":[{"href":"https:\/\/staging6.peach-pump.com\/en\/wp-json\/wp\/v2\/product"}],"about":[{"href":"https:\/\/staging6.peach-pump.com\/en\/wp-json\/wp\/v2\/types\/product"}],"replies":[{"embeddable":true,"href":"https:\/\/staging6.peach-pump.com\/en\/wp-json\/wp\/v2\/comments?post=34198"}],"version-history":[{"count":0,"href":"https:\/\/staging6.peach-pump.com\/en\/wp-json\/wp\/v2\/product\/34198\/revisions"}],"wp:featuredmedia":[{"embeddable":true,"href":"https:\/\/staging6.peach-pump.com\/en\/wp-json\/wp\/v2\/media\/106560"}],"wp:attachment":[{"href":"https:\/\/staging6.peach-pump.com\/en\/wp-json\/wp\/v2\/media?parent=34198"}],"wp:term":[{"taxonomy":"product_brand","embeddable":true,"href":"https:\/\/staging6.peach-pump.com\/en\/wp-json\/wp\/v2\/product_brand?post=34198"},{"taxonomy":"product_cat","embeddable":true,"href":"https:\/\/staging6.peach-pump.com\/en\/wp-json\/wp\/v2\/product_cat?post=34198"},{"taxonomy":"product_tag","embeddable":true,"href":"https:\/\/staging6.peach-pump.com\/en\/wp-json\/wp\/v2\/product_tag?post=34198"}],"curies":[{"name":"wp","href":"https:\/\/api.w.org\/{rel}","templated":true}]}}