{"id":35524,"date":"2022-07-04T17:55:01","date_gmt":"2022-07-04T15:55:01","guid":{"rendered":"https:\/\/staging6.peach-pump.com\/products\/cerne-damske-leginy-s-korzetem-a-vysokym-pasem\/"},"modified":"2025-11-10T18:31:59","modified_gmt":"2025-11-10T16:31:59","slug":"cerne-leginy-s-korzetem-vysoky-pas","status":"publish","type":"product","link":"https:\/\/staging6.peach-pump.com\/cs\/products\/cerne-leginy-s-korzetem-vysoky-pas\/","title":{"rendered":"\u010cern\u00e9 d\u00e1msk\u00e9 leg\u00edny s korzetem a vysok\u00fdm pasem"},"content":{"rendered":"<p>D\u00e1msk\u00e9 \u010dern\u00e9 leg\u00edny s integrovan\u00fdm korzetem s t\u0159\u00edstup\u0148ov\u00fdm zap\u00edn\u00e1n\u00edm. Leg\u00edny jsou ur\u010deny ke sn\u00ed\u017een\u00ed obvodu pasu, maj\u00ed m\u00edrn\u00fd saunov\u00fd efekt, ide\u00e1ln\u00ed pro \u017eeny po porodu, kter\u00e9 se cht\u011bj\u00ed rychle dostat zp\u011bt do perfektn\u00ed formy. Vhodn\u00e9 na posilov\u00e1n\u00ed a crossfit nebo aerobn\u00ed cvi\u010den\u00ed, jako je b\u011bh a j\u00f3ga. Korzet je pevn\u00fd, elastick\u00fd , leg\u00edny jsou vyrobeny z lehk\u00e9 rychleschnouc\u00ed tkaniny.<\/p>\n<ul>\n<li>Vysok\u00fd pas<\/li>\n<li>Korzet obep\u00ednaj\u00edc\u00ed pas<\/li>\n<li>Nastaviteln\u00e9 zap\u00edn\u00e1n\u00ed v pase<\/li>\n<li>Rychleschnouc\u00ed tkanina<\/li>\n<li>Tepeln\u00fd potisk loga Peach Pump na p\u0159edn\u00ed stran\u011b leg\u00edn<\/li>\n<\/ul>\n<p>Slo\u017een\u00ed: 80 % polyester, 20 % elastan<\/p>\n<p>Leg\u00edny lze pr\u00e1t na 30 stup\u0148\u016f, nepou\u017e\u00edvat b\u011blidla a ne\u010distit chemicky.<\/p>\n<p>Modelka na obr\u00e1zku m\u011b\u0159\u00ed 178 cm, v\u00e1\u017e\u00ed 54 kg a m\u00e1 na sob\u011b velikost M.<\/p>\n<p>Pro v\u00fdb\u011br p\u0159esn\u00e9 velikosti pros\u00edm pou\u017eijte tabulek.<\/p>\n","protected":false},"excerpt":{"rendered":"<p>D\u00e1msk\u00e9 \u010dern\u00e9 leg\u00edny s integrovan\u00fdm korzetem s t\u0159\u00edstup\u0148ov\u00fdm zap\u00edn\u00e1n\u00edm. Leg\u00edny jsou ur\u010deny ke sn\u00ed\u017een\u00ed obvodu pasu, maj\u00ed m\u00edrn\u00fd saunov\u00fd efekt, ide\u00e1ln\u00ed pro \u017eeny po porodu, kter\u00e9 se cht\u011bj\u00ed rychle dostat zp\u011bt do perfektn\u00ed formy. Vhodn\u00e9 na posilov\u00e1n\u00ed a crossfit nebo aerobn\u00ed cvi\u010den\u00ed, jako je b\u011bh a j\u00f3ga. Korzet je pevn\u00fd, elastick\u00fd , leg\u00edny jsou vyrobeny [&hellip;]<\/p>\n","protected":false},"featured_media":15407,"comment_status":"open","ping_status":"closed","template":"","meta":[],"product_brand":[],"product_cat":[137,296],"product_tag":[],"class_list":{"0":"post-35524","1":"product","2":"type-product","3":"status-publish","4":"has-post-thumbnail","6":"product_cat-damske-sportovni-leginy","7":"product_cat-damske-leginy-dlouhe","8":"pa_cviat-cerna","9":"pa_razmer-l-cs","10":"pa_razmer-m-cs","11":"pa_razmer-s-cs-2","12":"inventories-world","13":"inventories-uk","15":"first","16":"instock","17":"taxable","18":"shipping-taxable","19":"purchasable","20":"product-type-variable"},"_links":{"self":[{"href":"https:\/\/staging6.peach-pump.com\/cs\/wp-json\/wp\/v2\/product\/35524","targetHints":{"allow":["GET"]}}],"collection":[{"href":"https:\/\/staging6.peach-pump.com\/cs\/wp-json\/wp\/v2\/product"}],"about":[{"href":"https:\/\/staging6.peach-pump.com\/cs\/wp-json\/wp\/v2\/types\/product"}],"replies":[{"embeddable":true,"href":"https:\/\/staging6.peach-pump.com\/cs\/wp-json\/wp\/v2\/comments?post=35524"}],"version-history":[{"count":0,"href":"https:\/\/staging6.peach-pump.com\/cs\/wp-json\/wp\/v2\/product\/35524\/revisions"}],"wp:featuredmedia":[{"embeddable":true,"href":"https:\/\/staging6.peach-pump.com\/cs\/wp-json\/wp\/v2\/media\/15407"}],"wp:attachment":[{"href":"https:\/\/staging6.peach-pump.com\/cs\/wp-json\/wp\/v2\/media?parent=35524"}],"wp:term":[{"taxonomy":"product_brand","embeddable":true,"href":"https:\/\/staging6.peach-pump.com\/cs\/wp-json\/wp\/v2\/product_brand?post=35524"},{"taxonomy":"product_cat","embeddable":true,"href":"https:\/\/staging6.peach-pump.com\/cs\/wp-json\/wp\/v2\/product_cat?post=35524"},{"taxonomy":"product_tag","embeddable":true,"href":"https:\/\/staging6.peach-pump.com\/cs\/wp-json\/wp\/v2\/product_tag?post=35524"}],"curies":[{"name":"wp","href":"https:\/\/api.w.org\/{rel}","templated":true}]}}