{"id":35762,"date":"2022-06-19T11:04:18","date_gmt":"2022-06-19T09:04:18","guid":{"rendered":"https:\/\/staging6.peach-pump.com\/products\/bila-podprsenka-se-sitovinou-a-vycpavkami-se-sexy-designem\/"},"modified":"2025-10-17T19:53:51","modified_gmt":"2025-10-17T17:53:51","slug":"bila-podprsenka-se-sitovinou-sexy-design","status":"publish","type":"product","link":"https:\/\/staging6.peach-pump.com\/cs\/products\/bila-podprsenka-se-sitovinou-sexy-design\/","title":{"rendered":"B\u00edl\u00e1 podprsenka se s\u00ed\u0165ovinou a vycp\u00e1vkami se sexy designem"},"content":{"rendered":"<p>Sportovn\u00ed b\u00edl\u00e1 podprsenka se s\u00ed\u0165ovinou, zaj\u00edmav\u00fdm designem a vycp\u00e1vkami. Model m\u00e1 v\u00fdst\u0159ih do V a jemnou s\u00ed\u0165ovinu, kter\u00e1 dr\u017e\u00ed poprs\u00ed a vytv\u00e1\u0159\u00ed velmi kr\u00e1snou sexy siluetu. Sportovn\u00ed podprsenka m\u00e1 zaj\u00edmav\u011b \u0159e\u0161en\u00e1 z\u00e1da a \u0161irokou gumu pro pohodl\u00ed a naprostou volnost pohybu. K dispozici tak\u00e9 v \u010dern\u00e9 barv\u011b.<\/p>\n<ul>\n<li>Integrovan\u00e9 vycp\u00e1vky<\/li>\n<li>V\u00fdst\u0159ih do V se s\u00ed\u0165ovinou<\/li>\n<li>P\u0159ek\u0159\u00ed\u017een\u00e1 z\u00e1da<\/li>\n<li>Velk\u00e1 pru\u017enost<\/li>\n<li>Tepeln\u00fd potisk loga Peach Pump vlevo pod pa\u017e\u00ed<\/li>\n<li>Technologie odv\u00e1d\u011bn\u00ed vlhkosti<\/li>\n<li>Sexy design<\/li>\n<\/ul>\n<p>Slo\u017een\u00ed: 80 % polyester, 20 % elastan<\/p>\n<p>Podprsenku lze pr\u00e1t na 30 stup\u0148\u016f, nepou\u017e\u00edvat b\u011blidla a ne\u010distit chemicky.<\/p>\n<p>Modelka na obr\u00e1zku je vysok\u00e1 178 cm, v\u00e1\u017e\u00ed 54 kg a m\u00e1 na sob\u011b velikost M.<\/p>\n<p>Pro v\u00fdb\u011br p\u0159esn\u00e9 velikosti pros\u00edm pou\u017eijte tabulek.<\/p>\n","protected":false},"excerpt":{"rendered":"<p>Sportovn\u00ed b\u00edl\u00e1 podprsenka se s\u00ed\u0165ovinou, zaj\u00edmav\u00fdm designem a vycp\u00e1vkami. Model m\u00e1 v\u00fdst\u0159ih do V a jemnou s\u00ed\u0165ovinu, kter\u00e1 dr\u017e\u00ed poprs\u00ed a vytv\u00e1\u0159\u00ed velmi kr\u00e1snou sexy siluetu. Sportovn\u00ed podprsenka m\u00e1 zaj\u00edmav\u011b \u0159e\u0161en\u00e1 z\u00e1da a \u0161irokou gumu pro pohodl\u00ed a naprostou volnost pohybu. K dispozici tak\u00e9 v \u010dern\u00e9 barv\u011b. Integrovan\u00e9 vycp\u00e1vky V\u00fdst\u0159ih do V se s\u00ed\u0165ovinou P\u0159ek\u0159\u00ed\u017een\u00e1 [&hellip;]<\/p>\n","protected":false},"featured_media":17735,"comment_status":"open","ping_status":"closed","template":"","meta":[],"product_brand":[],"product_cat":[346],"product_tag":[],"class_list":{"0":"post-35762","1":"product","2":"type-product","3":"status-publish","4":"has-post-thumbnail","6":"product_cat-damske-podprsenky-sportovni-fitness","7":"pa_cviat-bily-cs","8":"pa_razmer-l-cs","9":"pa_razmer-m-cs","10":"pa_razmer-s-cs-2","11":"inventories-world","12":"inventories-uk","14":"first","15":"instock","16":"sale","17":"taxable","18":"shipping-taxable","19":"purchasable","20":"product-type-variable"},"_links":{"self":[{"href":"https:\/\/staging6.peach-pump.com\/cs\/wp-json\/wp\/v2\/product\/35762","targetHints":{"allow":["GET"]}}],"collection":[{"href":"https:\/\/staging6.peach-pump.com\/cs\/wp-json\/wp\/v2\/product"}],"about":[{"href":"https:\/\/staging6.peach-pump.com\/cs\/wp-json\/wp\/v2\/types\/product"}],"replies":[{"embeddable":true,"href":"https:\/\/staging6.peach-pump.com\/cs\/wp-json\/wp\/v2\/comments?post=35762"}],"version-history":[{"count":0,"href":"https:\/\/staging6.peach-pump.com\/cs\/wp-json\/wp\/v2\/product\/35762\/revisions"}],"wp:featuredmedia":[{"embeddable":true,"href":"https:\/\/staging6.peach-pump.com\/cs\/wp-json\/wp\/v2\/media\/17735"}],"wp:attachment":[{"href":"https:\/\/staging6.peach-pump.com\/cs\/wp-json\/wp\/v2\/media?parent=35762"}],"wp:term":[{"taxonomy":"product_brand","embeddable":true,"href":"https:\/\/staging6.peach-pump.com\/cs\/wp-json\/wp\/v2\/product_brand?post=35762"},{"taxonomy":"product_cat","embeddable":true,"href":"https:\/\/staging6.peach-pump.com\/cs\/wp-json\/wp\/v2\/product_cat?post=35762"},{"taxonomy":"product_tag","embeddable":true,"href":"https:\/\/staging6.peach-pump.com\/cs\/wp-json\/wp\/v2\/product_tag?post=35762"}],"curies":[{"name":"wp","href":"https:\/\/api.w.org\/{rel}","templated":true}]}}