{"id":40344,"date":"2023-05-20T20:39:22","date_gmt":"2023-05-20T18:39:22","guid":{"rendered":"https:\/\/staging6.peach-pump.com\/products\/efektni-rozsirene-leginy-bezove-barvy\/"},"modified":"2025-11-09T13:28:47","modified_gmt":"2025-11-09T11:28:47","slug":"leginy-typu-charleston-bezove-barvy","status":"publish","type":"product","link":"https:\/\/staging6.peach-pump.com\/cs\/products\/leginy-typu-charleston-bezove-barvy\/","title":{"rendered":"Sportovn\u00ed leg\u00edny typu Charleston b\u00e9\u017eov\u00e9 barvy"},"content":{"rendered":"<p>Novinka, b\u00e9\u017eov\u00e9 leg\u00edny typu Charleston beze \u0161vu vp\u0159edu, tvaruj\u00ed postavu a modeluj\u00ed siluetu efektem del\u0161\u00edch nohou a ze\u0161t\u00edhlen\u00ed pasu. Velmi m\u00f3dn\u00ed a efektn\u00ed na tuto sez\u00f3nu. Lze kombinovat s podprsenkou stejn\u00e9ho vzoru. Tkanina sportovn\u00edch leg\u00edn je jemn\u00e9 \u017eebrovan\u00e1, velmi pru\u017en\u00e1 a prody\u0161n\u00e1, potla\u010duje pocen\u00ed. S t\u00edmto modelem budete m\u00edt naprostou volnost pohybu.  <\/p>\n<ul>\n<li>\u0160irok\u00e9 nohavice typu charleston s rozparky na konci<\/li>\n<li>Bez \u0161vu vp\u0159edu<\/li>\n<li>Tvaruj\u00ed a zakr\u00fdvaj\u00ed probl\u00e9mov\u00e9 oblasti<\/li>\n<li>Pru\u017en\u00e1 tkanina<\/li>\n<li>Bez broskvov\u00e9ho efektu<\/li>\n<li>Tepeln\u00fd potisk loga Peach Pump na zadn\u00ed stran\u011b leg\u00edn<\/li>\n<li>Materi\u00e1l odv\u00e1d\u011bj\u00edc\u00ed vlhkost od t\u011bla<\/li>\n<li>Zaj\u00edmav\u00fd design<\/li>\n<li>Vysok\u00fd pas<\/li>\n<\/ul>\n<p> Slo\u017een\u00ed: 80 % polyester, 20 % elastan. Modelka na obr\u00e1zku je vysok\u00e1 178 cm, v\u00e1\u017e\u00ed 54 kg a p\u00f3zuje ve velikosti M. Leg\u00edny lze pr\u00e1t na 30 stup\u0148\u016f , nepou\u017e\u00edvejte pros\u00edm b\u011blidla ani chemick\u00e9 \u010di\u0161t\u011bn\u00ed.<\/p>\n","protected":false},"excerpt":{"rendered":"<p>Novinka, b\u00e9\u017eov\u00e9 leg\u00edny typu Charleston beze \u0161vu vp\u0159edu, tvaruj\u00ed postavu a modeluj\u00ed siluetu efektem del\u0161\u00edch nohou a ze\u0161t\u00edhlen\u00ed pasu. Velmi m\u00f3dn\u00ed a efektn\u00ed na tuto sez\u00f3nu. Lze kombinovat s podprsenkou stejn\u00e9ho vzoru. Tkanina sportovn\u00edch leg\u00edn je jemn\u00e9 \u017eebrovan\u00e1, velmi pru\u017en\u00e1 a prody\u0161n\u00e1, potla\u010duje pocen\u00ed. S t\u00edmto modelem budete m\u00edt naprostou volnost pohybu. \u0160irok\u00e9 nohavice typu [&hellip;]<\/p>\n","protected":false},"featured_media":39499,"comment_status":"open","ping_status":"closed","template":"","meta":[],"product_brand":[],"product_cat":[296,137],"product_tag":[],"class_list":{"0":"post-40344","1":"product","2":"type-product","3":"status-publish","4":"has-post-thumbnail","6":"product_cat-damske-leginy-dlouhe","7":"product_cat-damske-sportovni-leginy","8":"pa_cviat-bezove","9":"pa_razmer-l-cs","10":"pa_razmer-m-cs","11":"pa_razmer-s-cs-2","12":"inventories-world","13":"inventories-uk","15":"first","16":"instock","17":"sale","18":"taxable","19":"shipping-taxable","20":"purchasable","21":"product-type-variable"},"_links":{"self":[{"href":"https:\/\/staging6.peach-pump.com\/en\/wp-json\/wp\/v2\/product\/40344","targetHints":{"allow":["GET"]}}],"collection":[{"href":"https:\/\/staging6.peach-pump.com\/en\/wp-json\/wp\/v2\/product"}],"about":[{"href":"https:\/\/staging6.peach-pump.com\/en\/wp-json\/wp\/v2\/types\/product"}],"replies":[{"embeddable":true,"href":"https:\/\/staging6.peach-pump.com\/en\/wp-json\/wp\/v2\/comments?post=40344"}],"version-history":[{"count":0,"href":"https:\/\/staging6.peach-pump.com\/en\/wp-json\/wp\/v2\/product\/40344\/revisions"}],"wp:featuredmedia":[{"embeddable":true,"href":"https:\/\/staging6.peach-pump.com\/en\/wp-json\/wp\/v2\/media\/39499"}],"wp:attachment":[{"href":"https:\/\/staging6.peach-pump.com\/en\/wp-json\/wp\/v2\/media?parent=40344"}],"wp:term":[{"taxonomy":"product_brand","embeddable":true,"href":"https:\/\/staging6.peach-pump.com\/en\/wp-json\/wp\/v2\/product_brand?post=40344"},{"taxonomy":"product_cat","embeddable":true,"href":"https:\/\/staging6.peach-pump.com\/en\/wp-json\/wp\/v2\/product_cat?post=40344"},{"taxonomy":"product_tag","embeddable":true,"href":"https:\/\/staging6.peach-pump.com\/en\/wp-json\/wp\/v2\/product_tag?post=40344"}],"curies":[{"name":"wp","href":"https:\/\/api.w.org\/{rel}","templated":true}]}}