{"id":40354,"date":"2023-05-20T20:01:26","date_gmt":"2023-05-20T18:01:26","guid":{"rendered":"https:\/\/staging6.peach-pump.com\/products\/efektni-rozsirene-leginy-cerne-barvy\/"},"modified":"2025-11-04T18:38:11","modified_gmt":"2025-11-04T16:38:11","slug":"efektni-leginy-rozsirene-cerne-barvy","status":"publish","type":"product","link":"https:\/\/staging6.peach-pump.com\/cs\/products\/efektni-leginy-rozsirene-cerne-barvy\/","title":{"rendered":"Efektn\u00ed roz\u0161\u00ed\u0159en\u00e9 leg\u00edny \u010dern\u00e9 barvy"},"content":{"rendered":"<p>Novinka, \u010dern\u00e9 roz\u0161\u00ed\u0159en\u00e9 leg\u00edny beze \u0161vu vp\u0159edu, tvaruj\u00ed postavu a modeluj\u00ed siluetu efektem del\u0161\u00edch nohou a ze\u0161t\u00edhlen\u00ed pasu. Velmi m\u00f3dn\u00ed a efektn\u00ed na tuto sez\u00f3nu. Lze kombinovat s podprsenkou stejn\u00e9ho vzoru. Tkanina sportovn\u00edch leg\u00edn je jemn\u00e9 \u017eebrovan\u00e1, velmi pru\u017en\u00e1 a prody\u0161n\u00e1, potla\u010duje pocen\u00ed. S t\u00edmto modelem budete m\u00edt naprostou volnost pohybu.  <\/p>\n<ul>\n<li>\u0160irok\u00e9 nohavice typu charleston s rozparky na konci<\/li>\n<li>Bez \u0161vu vp\u0159edu<\/li>\n<li>Tvaruj\u00ed a zakr\u00fdvaj\u00ed probl\u00e9mov\u00e9 oblasti<\/li>\n<li>Pru\u017en\u00e1 tkanina<\/li>\n<li>Bez broskvov\u00e9ho efektu<\/li>\n<li>Tepeln\u00fd potisk loga Peach Pump na zadn\u00ed stran\u011b leg\u00edn<\/li>\n<li>Materi\u00e1l odv\u00e1d\u011bj\u00edc\u00ed vlhkost od t\u011bla<\/li>\n<li>Zaj\u00edmav\u00fd design<\/li>\n<li>Vysok\u00fd pas<\/li>\n<\/ul>\n<p> Slo\u017een\u00ed: 80 % polyester, 20 % elastan. Modelka na obr\u00e1zku je vysok\u00e1 178 cm, v\u00e1\u017e\u00ed 54 kg a p\u00f3zuje ve velikosti M. Leg\u00edny lze pr\u00e1t na 30 stup\u0148\u016f , nepou\u017e\u00edvejte pros\u00edm b\u011blidla ani chemick\u00e9 \u010di\u0161t\u011bn\u00ed.<\/p>\n","protected":false},"excerpt":{"rendered":"<p>Novinka, \u010dern\u00e9 roz\u0161\u00ed\u0159en\u00e9 leg\u00edny beze \u0161vu vp\u0159edu, tvaruj\u00ed postavu a modeluj\u00ed siluetu efektem del\u0161\u00edch nohou a ze\u0161t\u00edhlen\u00ed pasu. Velmi m\u00f3dn\u00ed a efektn\u00ed na tuto sez\u00f3nu. Lze kombinovat s podprsenkou stejn\u00e9ho vzoru. Tkanina sportovn\u00edch leg\u00edn je jemn\u00e9 \u017eebrovan\u00e1, velmi pru\u017en\u00e1 a prody\u0161n\u00e1, potla\u010duje pocen\u00ed. S t\u00edmto modelem budete m\u00edt naprostou volnost pohybu. \u0160irok\u00e9 nohavice typu charleston [&hellip;]<\/p>\n","protected":false},"featured_media":39409,"comment_status":"open","ping_status":"closed","template":"","meta":[],"product_brand":[],"product_cat":[296,137],"product_tag":[],"class_list":{"0":"post-40354","1":"product","2":"type-product","3":"status-publish","4":"has-post-thumbnail","6":"product_cat-damske-leginy-dlouhe","7":"product_cat-damske-sportovni-leginy","8":"pa_cviat-cerna","9":"pa_razmer-l-cs","10":"pa_razmer-m-cs","11":"pa_razmer-s-cs-2","12":"inventories-world","13":"inventories-uk","15":"first","16":"instock","17":"taxable","18":"shipping-taxable","19":"purchasable","20":"product-type-variable"},"_links":{"self":[{"href":"https:\/\/staging6.peach-pump.com\/cs\/wp-json\/wp\/v2\/product\/40354","targetHints":{"allow":["GET"]}}],"collection":[{"href":"https:\/\/staging6.peach-pump.com\/cs\/wp-json\/wp\/v2\/product"}],"about":[{"href":"https:\/\/staging6.peach-pump.com\/cs\/wp-json\/wp\/v2\/types\/product"}],"replies":[{"embeddable":true,"href":"https:\/\/staging6.peach-pump.com\/cs\/wp-json\/wp\/v2\/comments?post=40354"}],"version-history":[{"count":0,"href":"https:\/\/staging6.peach-pump.com\/cs\/wp-json\/wp\/v2\/product\/40354\/revisions"}],"wp:featuredmedia":[{"embeddable":true,"href":"https:\/\/staging6.peach-pump.com\/cs\/wp-json\/wp\/v2\/media\/39409"}],"wp:attachment":[{"href":"https:\/\/staging6.peach-pump.com\/cs\/wp-json\/wp\/v2\/media?parent=40354"}],"wp:term":[{"taxonomy":"product_brand","embeddable":true,"href":"https:\/\/staging6.peach-pump.com\/cs\/wp-json\/wp\/v2\/product_brand?post=40354"},{"taxonomy":"product_cat","embeddable":true,"href":"https:\/\/staging6.peach-pump.com\/cs\/wp-json\/wp\/v2\/product_cat?post=40354"},{"taxonomy":"product_tag","embeddable":true,"href":"https:\/\/staging6.peach-pump.com\/cs\/wp-json\/wp\/v2\/product_tag?post=40354"}],"curies":[{"name":"wp","href":"https:\/\/api.w.org\/{rel}","templated":true}]}}