{"id":40465,"date":"2023-05-14T12:28:02","date_gmt":"2023-05-14T10:28:02","guid":{"rendered":"https:\/\/staging6.peach-pump.com\/products\/bily-sportovni-top-na-zip\/"},"modified":"2025-11-05T09:52:06","modified_gmt":"2025-11-05T07:52:06","slug":"bily-sportovni-top-na-zip","status":"publish","type":"product","link":"https:\/\/staging6.peach-pump.com\/cs\/products\/bily-sportovni-top-na-zip\/","title":{"rendered":"B\u00edl\u00fd sportovn\u00ed top na zip"},"content":{"rendered":"<p>B\u00edl\u00fd sportovn\u00ed top na zip z m\u011bkk\u00e9 \u017eebrovan\u00e9 tkaniny s otvory na palce. Top m\u00e1 dvoucestn\u00fd zip, lze jej nosit i jako svrchn\u00ed od\u011bv. Skv\u011bl\u00fd na fitness, j\u00f3gu, tenis i proch\u00e1zky. Fleece, ze kter\u00e9ho je vyrobena, je prody\u0161n\u00fd a nezanech\u00e1v\u00e1 stopy potu, s t\u00edmto modelem se budete c\u00edtit pohodln\u011b a sebev\u011bdom\u011b.  <\/p>\n<ul>\n<li>\u017debrovan\u00e1 tkanina<\/li>\n<li>Dvoucestn\u00fd zip<\/li>\n<li>Velk\u00e1 pru\u017enost<\/li>\n<li>Tepeln\u00fd potisk loga Peach Pump v p\u0159edn\u00ed \u010d\u00e1sti topu<\/li>\n<li>Technologie odv\u00e1d\u011bn\u00ed vlhkosti<\/li>\n<\/ul>\n<p>  Slo\u017een\u00ed: 80 % polyester 20 % spandex Halenku lze pr\u00e1t p\u0159i teplot\u011b do 30 stup\u0148\u016f, neb\u011blit a ne\u010distit chemicky. Modelka na obr\u00e1zku je vysok\u00e1 178 cm, v\u00e1\u017e\u00ed 54 kg a m\u00e1 na sob\u011b velikost S. Pro v\u00fdb\u011br p\u0159esn\u00e9 velikosti pou\u017eijte pros\u00edm tabulku velikost\u00ed. Prsa S 80-90cm Prsa M 90-100cm Prsa L 100-110cm<\/p>\n","protected":false},"excerpt":{"rendered":"<p>B\u00edl\u00fd sportovn\u00ed top na zip z m\u011bkk\u00e9 \u017eebrovan\u00e9 tkaniny s otvory na palce. Top m\u00e1 dvoucestn\u00fd zip, lze jej nosit i jako svrchn\u00ed od\u011bv. Skv\u011bl\u00fd na fitness, j\u00f3gu, tenis i proch\u00e1zky. Fleece, ze kter\u00e9ho je vyrobena, je prody\u0161n\u00fd a nezanech\u00e1v\u00e1 stopy potu, s t\u00edmto modelem se budete c\u00edtit pohodln\u011b a sebev\u011bdom\u011b. \u017debrovan\u00e1 tkanina Dvoucestn\u00fd zip [&hellip;]<\/p>\n","protected":false},"featured_media":111178,"comment_status":"open","ping_status":"closed","template":"","meta":[],"product_brand":[],"product_cat":[345],"product_tag":[],"class_list":{"0":"post-40465","1":"product","2":"type-product","3":"status-publish","4":"has-post-thumbnail","6":"product_cat-damske-sportovni-topy-tilko","7":"pa_cviat-bily-cs","8":"pa_razmer-l-cs","9":"pa_razmer-m-cs","10":"pa_razmer-s-cs-2","11":"inventories-world","12":"inventories-uk","14":"first","15":"instock","16":"taxable","17":"shipping-taxable","18":"purchasable","19":"product-type-variable"},"_links":{"self":[{"href":"https:\/\/staging6.peach-pump.com\/cs\/wp-json\/wp\/v2\/product\/40465","targetHints":{"allow":["GET"]}}],"collection":[{"href":"https:\/\/staging6.peach-pump.com\/cs\/wp-json\/wp\/v2\/product"}],"about":[{"href":"https:\/\/staging6.peach-pump.com\/cs\/wp-json\/wp\/v2\/types\/product"}],"replies":[{"embeddable":true,"href":"https:\/\/staging6.peach-pump.com\/cs\/wp-json\/wp\/v2\/comments?post=40465"}],"version-history":[{"count":0,"href":"https:\/\/staging6.peach-pump.com\/cs\/wp-json\/wp\/v2\/product\/40465\/revisions"}],"wp:featuredmedia":[{"embeddable":true,"href":"https:\/\/staging6.peach-pump.com\/cs\/wp-json\/wp\/v2\/media\/111178"}],"wp:attachment":[{"href":"https:\/\/staging6.peach-pump.com\/cs\/wp-json\/wp\/v2\/media?parent=40465"}],"wp:term":[{"taxonomy":"product_brand","embeddable":true,"href":"https:\/\/staging6.peach-pump.com\/cs\/wp-json\/wp\/v2\/product_brand?post=40465"},{"taxonomy":"product_cat","embeddable":true,"href":"https:\/\/staging6.peach-pump.com\/cs\/wp-json\/wp\/v2\/product_cat?post=40465"},{"taxonomy":"product_tag","embeddable":true,"href":"https:\/\/staging6.peach-pump.com\/cs\/wp-json\/wp\/v2\/product_tag?post=40465"}],"curies":[{"name":"wp","href":"https:\/\/api.w.org\/{rel}","templated":true}]}}