{"id":40487,"date":"2023-05-20T19:47:41","date_gmt":"2023-05-20T17:47:41","guid":{"rendered":"https:\/\/staging6.peach-pump.com\/products\/dvoudilny-set-bezove-barvy-na-prochazku-i-sport\/"},"modified":"2024-08-28T12:54:54","modified_gmt":"2024-08-28T10:54:54","slug":"souprava-dvoudilna-bezova","status":"publish","type":"product","link":"https:\/\/staging6.peach-pump.com\/cs\/products\/souprava-dvoudilna-bezova\/","title":{"rendered":"Dvoud\u00edln\u00e1 souprava b\u00e9\u017eov\u00e9 barvy na proch\u00e1zku i sport"},"content":{"rendered":"<p>B\u00e9\u017eov\u00e1 dvoud\u00edln\u00e1 souprava s leg\u00ednami typu charleston beze \u0161vu vp\u0159edu, kter\u00e9 postavu tvaruj\u00ed a siluetu modeluj\u00ed efektem del\u0161\u00edch nohou a ze\u0161t\u00edhlen\u00ed pasu. Velmi m\u00f3dn\u00ed a efektn\u00ed na tuto sez\u00f3nu. Lze kombinovat s podprsenkou stejn\u00e9ho vzoru. Nyn\u00ed lze vybrat ze dvou variant: na jedno ram\u00ednko nebo s nastaviteln\u00fdm \u0161n\u011brov\u00e1n\u00edm vzadu. A\u0165 u\u017e si vyberete kteroukoli z t\u011bchto variant, nez\u016fstanete bez pov\u0161imnut\u00ed. Tkanina sportovn\u00edho setu je jemn\u00e9 \u017eebrovan\u00e1, velmi pru\u017en\u00e1 a prody\u0161n\u00e1, potla\u010duje pocen\u00ed. V tomto setu budete m\u00edt naprostou volnost pohybu.<\/p>\n<p>Podprsenka:<\/p>\n<ul>\n<li>\u017debrovan\u00fd materi\u00e1l<\/li>\n<li>Tepeln\u00fd potisk loga Peach Pump na lev\u00e9 p\u0159edn\u00ed stran\u011b podprsenky<\/li>\n<li>Velk\u00e1 pru\u017enost<\/li>\n<li>Beze\u0161v\u00e1 \u017eebrovan\u00e1 tkanina<\/li>\n<li>Vycp\u00e1vky, vyj\u00edmateln\u00e9<\/li>\n<li>Nastaviteln\u00e9 \u0161n\u011brov\u00e1n\u00ed vzadu<\/li>\n<\/ul>\n<p>Leg\u00edny:<\/p>\n<ul>\n<li>\u0160irok\u00e9 nohavice typu charleston s rozparky na konci<\/li>\n<li>Bez \u0161vu v p\u0159edn\u00ed \u010d\u00e1sti<\/li>\n<li>Tvaruj\u00ed a zakr\u00fdvaj\u00ed probl\u00e9mov\u00e9 oblasti<\/li>\n<li>Pru\u017en\u00e1 tkanina<\/li>\n<li>Bez broskvov\u00e9ho efektu<\/li>\n<li>Tepeln\u00fd potisk loga Peach Pump na zadn\u00ed stran\u011b leg\u00edn<\/li>\n<li>Materi\u00e1l odv\u00e1d\u011bj\u00edc\u00ed vlhkost od t\u011bla<\/li>\n<li>Zaj\u00edmav\u00fd design<\/li>\n<li>Vysok\u00fd pas<\/li>\n<\/ul>\n<p>Slo\u017een\u00ed: 80 % polyester, 20 % elastan<\/p>\n<p>Modelka na obr\u00e1zku m\u011b\u0159\u00ed 178 cm, v\u00e1\u017e\u00ed 54 kg a m\u00e1 na sob\u011b podprsenku a leg\u00edny velikosti M.<\/p>\n<p>Leg\u00edny a podprsenku lze pr\u00e1t na 30 stup\u0148\u016f, nepou\u017e\u00edvat b\u011blidla a ne\u010distit chemicky.<\/p>\n","protected":false},"excerpt":{"rendered":"<p>B\u00e9\u017eov\u00e1 dvoud\u00edln\u00e1 souprava s leg\u00ednami typu charleston beze \u0161vu vp\u0159edu, kter\u00e9 postavu tvaruj\u00ed a siluetu modeluj\u00ed efektem del\u0161\u00edch nohou a ze\u0161t\u00edhlen\u00ed pasu. Velmi m\u00f3dn\u00ed a efektn\u00ed na tuto sez\u00f3nu. Lze kombinovat s podprsenkou stejn\u00e9ho vzoru. Nyn\u00ed lze vybrat ze dvou variant: na jedno ram\u00ednko nebo s nastaviteln\u00fdm \u0161n\u011brov\u00e1n\u00edm vzadu. A\u0165 u\u017e si vyberete kteroukoli z [&hellip;]<\/p>\n","protected":false},"featured_media":39341,"comment_status":"open","ping_status":"closed","template":"","meta":[],"product_brand":[],"product_cat":[347,349],"product_tag":[],"class_list":{"0":"post-40487","1":"product","2":"type-product","3":"status-publish","4":"has-post-thumbnail","6":"product_cat-damske-sportovni-outfity","7":"product_cat-sportovni-outfity-s-leginami","8":"pa_cviat-bezove","9":"pa_razmer-m-cs","10":"pa_razmer-s-cs-2","11":"inventories-world","12":"inventories-uk","14":"first","15":"instock","16":"virtual","17":"taxable","18":"purchasable","19":"product-type-yith_bundle"},"_links":{"self":[{"href":"https:\/\/staging6.peach-pump.com\/cs\/wp-json\/wp\/v2\/product\/40487","targetHints":{"allow":["GET"]}}],"collection":[{"href":"https:\/\/staging6.peach-pump.com\/cs\/wp-json\/wp\/v2\/product"}],"about":[{"href":"https:\/\/staging6.peach-pump.com\/cs\/wp-json\/wp\/v2\/types\/product"}],"replies":[{"embeddable":true,"href":"https:\/\/staging6.peach-pump.com\/cs\/wp-json\/wp\/v2\/comments?post=40487"}],"version-history":[{"count":0,"href":"https:\/\/staging6.peach-pump.com\/cs\/wp-json\/wp\/v2\/product\/40487\/revisions"}],"wp:featuredmedia":[{"embeddable":true,"href":"https:\/\/staging6.peach-pump.com\/cs\/wp-json\/wp\/v2\/media\/39341"}],"wp:attachment":[{"href":"https:\/\/staging6.peach-pump.com\/cs\/wp-json\/wp\/v2\/media?parent=40487"}],"wp:term":[{"taxonomy":"product_brand","embeddable":true,"href":"https:\/\/staging6.peach-pump.com\/cs\/wp-json\/wp\/v2\/product_brand?post=40487"},{"taxonomy":"product_cat","embeddable":true,"href":"https:\/\/staging6.peach-pump.com\/cs\/wp-json\/wp\/v2\/product_cat?post=40487"},{"taxonomy":"product_tag","embeddable":true,"href":"https:\/\/staging6.peach-pump.com\/cs\/wp-json\/wp\/v2\/product_tag?post=40487"}],"curies":[{"name":"wp","href":"https:\/\/api.w.org\/{rel}","templated":true}]}}