{"id":42599,"date":"2023-06-03T19:37:45","date_gmt":"2023-06-03T17:37:45","guid":{"rendered":"https:\/\/staging6.peach-pump.com\/products\/svetle-ruzova-ksiltovka-znacky-peach-pump\/"},"modified":"2025-08-25T11:12:24","modified_gmt":"2025-08-25T09:12:24","slug":"svetle-ruzova-ksiltovka-peach-pump","status":"publish","type":"product","link":"https:\/\/staging6.peach-pump.com\/cs\/products\/svetle-ruzova-ksiltovka-peach-pump\/","title":{"rendered":"Sv\u011btle r\u016f\u017eov\u00e1 k\u0161iltovka zna\u010dky Peach Pump"},"content":{"rendered":"<p>Kombinujte sv\u00e9 obl\u00edben\u00e9 leg\u00edny a podprsenky se sv\u011btle r\u016f\u017eovou k\u0161iltovkou zna\u010dky Peach Pump V hork\u00fdch letn\u00edch m\u011bs\u00edc\u00edch bude dokonal\u00fdm dopl\u0148kem va\u0161eho outfitu a z\u00e1rove\u0148 ochr\u00e1n\u00ed v\u00e1\u0161 obli\u010dej p\u0159ed ostr\u00fdm sluncem. K\u0161iltovka se vyzna\u010duje efektn\u00edm vy\u0161\u00edvan\u00fdm trojrozm\u011brn\u00fdm designem, m\u00e1 b\u00edl\u00e9 logo s r\u016f\u017eov\u00fdm okrajem a motiva\u010dn\u00ed n\u00e1pis : D\u011bl\u00e1m to pro sebe . Velikost \u010depice je nastaviteln\u00e1 pomoc\u00ed kovov\u00e9 spony a k\u0161ilt je ohnut\u00fd. Bu\u010fte stylov\u00e1 a jedine\u010dn\u00e1 s t\u00edmto dokonal\u00fdm dopl\u0148kem Va\u0161eho sportovn\u00edho outfitu.<\/p>\n","protected":false},"excerpt":{"rendered":"<p>Kombinujte sv\u00e9 obl\u00edben\u00e9 leg\u00edny a podprsenky se sv\u011btle r\u016f\u017eovou k\u0161iltovkou zna\u010dky Peach Pump V hork\u00fdch letn\u00edch m\u011bs\u00edc\u00edch bude dokonal\u00fdm dopl\u0148kem va\u0161eho outfitu a z\u00e1rove\u0148 ochr\u00e1n\u00ed v\u00e1\u0161 obli\u010dej p\u0159ed ostr\u00fdm sluncem. K\u0161iltovka se vyzna\u010duje efektn\u00edm vy\u0161\u00edvan\u00fdm trojrozm\u011brn\u00fdm designem, m\u00e1 b\u00edl\u00e9 logo s r\u016f\u017eov\u00fdm okrajem a motiva\u010dn\u00ed n\u00e1pis : D\u011bl\u00e1m to pro sebe . Velikost \u010depice je [&hellip;]<\/p>\n","protected":false},"featured_media":41113,"comment_status":"open","ping_status":"closed","template":"","meta":[],"product_brand":[],"product_cat":[791],"product_tag":[],"class_list":{"0":"post-42599","1":"product","2":"type-product","3":"status-publish","4":"has-post-thumbnail","6":"product_cat-doplnky","7":"pa_cviat-svetle-ruzova","8":"pa_razmer-jedna-velikost","9":"inventories-world","10":"inventories-uk","12":"first","13":"instock","14":"taxable","15":"shipping-taxable","16":"purchasable","17":"product-type-variable","18":"has-default-attributes"},"_links":{"self":[{"href":"https:\/\/staging6.peach-pump.com\/en\/wp-json\/wp\/v2\/product\/42599","targetHints":{"allow":["GET"]}}],"collection":[{"href":"https:\/\/staging6.peach-pump.com\/en\/wp-json\/wp\/v2\/product"}],"about":[{"href":"https:\/\/staging6.peach-pump.com\/en\/wp-json\/wp\/v2\/types\/product"}],"replies":[{"embeddable":true,"href":"https:\/\/staging6.peach-pump.com\/en\/wp-json\/wp\/v2\/comments?post=42599"}],"version-history":[{"count":0,"href":"https:\/\/staging6.peach-pump.com\/en\/wp-json\/wp\/v2\/product\/42599\/revisions"}],"wp:featuredmedia":[{"embeddable":true,"href":"https:\/\/staging6.peach-pump.com\/en\/wp-json\/wp\/v2\/media\/41113"}],"wp:attachment":[{"href":"https:\/\/staging6.peach-pump.com\/en\/wp-json\/wp\/v2\/media?parent=42599"}],"wp:term":[{"taxonomy":"product_brand","embeddable":true,"href":"https:\/\/staging6.peach-pump.com\/en\/wp-json\/wp\/v2\/product_brand?post=42599"},{"taxonomy":"product_cat","embeddable":true,"href":"https:\/\/staging6.peach-pump.com\/en\/wp-json\/wp\/v2\/product_cat?post=42599"},{"taxonomy":"product_tag","embeddable":true,"href":"https:\/\/staging6.peach-pump.com\/en\/wp-json\/wp\/v2\/product_tag?post=42599"}],"curies":[{"name":"wp","href":"https:\/\/api.w.org\/{rel}","templated":true}]}}