{"id":42604,"date":"2023-06-03T19:26:21","date_gmt":"2023-06-03T17:26:21","guid":{"rendered":"https:\/\/staging6.peach-pump.com\/products\/bila-cepice-s-ksiltem-znacky-peach-pump\/"},"modified":"2025-10-06T15:17:35","modified_gmt":"2025-10-06T13:17:35","slug":"bila-ksiltovka-peach-pump","status":"publish","type":"product","link":"https:\/\/staging6.peach-pump.com\/cs\/products\/bila-ksiltovka-peach-pump\/","title":{"rendered":"B\u00edl\u00e1 \u010depice s k\u0161iltem zna\u010dky Peach Pump"},"content":{"rendered":"<p>Kombinujte sv\u00e9 obl\u00edben\u00e9 leg\u00edny a podprsenky s b\u00edlou k\u0161iltovkou zna\u010dky Peach Pump V hork\u00fdch letn\u00edch m\u011bs\u00edc\u00edch bude dokonal\u00fdm dopl\u0148kem va\u0161eho outfitu a z\u00e1rove\u0148 ochr\u00e1n\u00ed v\u00e1\u0161 obli\u010dej p\u0159ed ostr\u00fdm sluncem. K\u0161iltovka se vyzna\u010duje efektn\u00edm vy\u0161\u00edvan\u00fdm trojrozm\u011brn\u00fdm designem, m\u00e1 \u010dern\u00e9 logo s b\u00edl\u00edm okrajem a motiva\u010dn\u00ed n\u00e1pis Remember why you started. Velikost \u010depice je nastaviteln\u00e1 pomoc\u00ed kovov\u00e9 spony a k\u0161ilt je ohnut\u00fd. Bu\u010fte stylov\u00e1 a jedine\u010dn\u00e1 s t\u00edmto dokonal\u00fdm dopl\u0148kem Va\u0161eho sportovn\u00edho outfitu.<\/p>\n","protected":false},"excerpt":{"rendered":"<p>Kombinujte sv\u00e9 obl\u00edben\u00e9 leg\u00edny a podprsenky s b\u00edlou k\u0161iltovkou zna\u010dky Peach Pump V hork\u00fdch letn\u00edch m\u011bs\u00edc\u00edch bude dokonal\u00fdm dopl\u0148kem va\u0161eho outfitu a z\u00e1rove\u0148 ochr\u00e1n\u00ed v\u00e1\u0161 obli\u010dej p\u0159ed ostr\u00fdm sluncem. K\u0161iltovka se vyzna\u010duje efektn\u00edm vy\u0161\u00edvan\u00fdm trojrozm\u011brn\u00fdm designem, m\u00e1 \u010dern\u00e9 logo s b\u00edl\u00edm okrajem a motiva\u010dn\u00ed n\u00e1pis Remember why you started. Velikost \u010depice je nastaviteln\u00e1 pomoc\u00ed kovov\u00e9 [&hellip;]<\/p>\n","protected":false},"featured_media":41061,"comment_status":"open","ping_status":"closed","template":"","meta":[],"product_brand":[],"product_cat":[791],"product_tag":[],"class_list":{"0":"post-42604","1":"product","2":"type-product","3":"status-publish","4":"has-post-thumbnail","6":"product_cat-doplnky","7":"pa_cviat-bily-cs","8":"pa_razmer-jedna-velikost","9":"inventories-world","10":"inventories-uk","12":"first","13":"instock","14":"taxable","15":"shipping-taxable","16":"purchasable","17":"product-type-variable","18":"has-default-attributes"},"_links":{"self":[{"href":"https:\/\/staging6.peach-pump.com\/en\/wp-json\/wp\/v2\/product\/42604","targetHints":{"allow":["GET"]}}],"collection":[{"href":"https:\/\/staging6.peach-pump.com\/en\/wp-json\/wp\/v2\/product"}],"about":[{"href":"https:\/\/staging6.peach-pump.com\/en\/wp-json\/wp\/v2\/types\/product"}],"replies":[{"embeddable":true,"href":"https:\/\/staging6.peach-pump.com\/en\/wp-json\/wp\/v2\/comments?post=42604"}],"version-history":[{"count":0,"href":"https:\/\/staging6.peach-pump.com\/en\/wp-json\/wp\/v2\/product\/42604\/revisions"}],"wp:featuredmedia":[{"embeddable":true,"href":"https:\/\/staging6.peach-pump.com\/en\/wp-json\/wp\/v2\/media\/41061"}],"wp:attachment":[{"href":"https:\/\/staging6.peach-pump.com\/en\/wp-json\/wp\/v2\/media?parent=42604"}],"wp:term":[{"taxonomy":"product_brand","embeddable":true,"href":"https:\/\/staging6.peach-pump.com\/en\/wp-json\/wp\/v2\/product_brand?post=42604"},{"taxonomy":"product_cat","embeddable":true,"href":"https:\/\/staging6.peach-pump.com\/en\/wp-json\/wp\/v2\/product_cat?post=42604"},{"taxonomy":"product_tag","embeddable":true,"href":"https:\/\/staging6.peach-pump.com\/en\/wp-json\/wp\/v2\/product_tag?post=42604"}],"curies":[{"name":"wp","href":"https:\/\/api.w.org\/{rel}","templated":true}]}}