{"id":48058,"date":"2023-08-04T11:47:04","date_gmt":"2023-08-04T09:47:04","guid":{"rendered":"https:\/\/staging6.peach-pump.com\/products\/seda-cepice-s-ksiltem-peach-pump\/"},"modified":"2025-09-01T13:07:26","modified_gmt":"2025-09-01T11:07:26","slug":"seda-cepice-s-ksiltem-peach-pump","status":"publish","type":"product","link":"https:\/\/staging6.peach-pump.com\/cs\/products\/seda-cepice-s-ksiltem-peach-pump\/","title":{"rendered":"\u0160ed\u00e1 \u010depice s k\u0161iltem Peach Pump"},"content":{"rendered":"<p>Kombinujte sv\u00e9 obl\u00edben\u00e9 leg\u00edny a podprsenky se \u0161edou k\u0161iltovkou zna\u010dky Peach Pump. V hork\u00fdch letn\u00edch m\u011bs\u00edc\u00edch bude dokonal\u00fdm dopl\u0148kem va\u0161eho outfitu a z\u00e1rove\u0148 ochr\u00e1n\u00ed v\u00e1\u0161 obli\u010dej p\u0159ed ostr\u00fdm sluncem. K\u0161iltovka je vybavena efektn\u00edm trojrozm\u011brn\u00fdm r\u016f\u017eov\u00fdm logem s \u0161ed\u00fdm lemov\u00e1n\u00edm a motiva\u010dn\u00edm sloganem : &#8220;My standards are too high&#8221;. \u010cepice je jedn\u00e9 velikosti, nastavuje se pomoc\u00ed kovov\u00e9 spony, k\u0161ilt je ohnut\u00fd. Bu\u010fte stylov\u00e1 a jedine\u010dn\u00e1 s t\u00edmto dokonal\u00fdm dopl\u0148kem Va\u0161eho sportovn\u00edho outfitu.<\/p>\n","protected":false},"excerpt":{"rendered":"<p>Kombinujte sv\u00e9 obl\u00edben\u00e9 leg\u00edny a podprsenky se \u0161edou k\u0161iltovkou zna\u010dky Peach Pump. V hork\u00fdch letn\u00edch m\u011bs\u00edc\u00edch bude dokonal\u00fdm dopl\u0148kem va\u0161eho outfitu a z\u00e1rove\u0148 ochr\u00e1n\u00ed v\u00e1\u0161 obli\u010dej p\u0159ed ostr\u00fdm sluncem. K\u0161iltovka je vybavena efektn\u00edm trojrozm\u011brn\u00fdm r\u016f\u017eov\u00fdm logem s \u0161ed\u00fdm lemov\u00e1n\u00edm a motiva\u010dn\u00edm sloganem : &#8220;My standards are too high&#8221;. \u010cepice je jedn\u00e9 velikosti, nastavuje se pomoc\u00ed [&hellip;]<\/p>\n","protected":false},"featured_media":47810,"comment_status":"open","ping_status":"closed","template":"","meta":[],"product_brand":[],"product_cat":[791],"product_tag":[],"class_list":{"0":"post-48058","1":"product","2":"type-product","3":"status-publish","4":"has-post-thumbnail","6":"product_cat-doplnky","7":"pa_cviat-seda","8":"pa_razmer-jedna-velikost","9":"inventories-world","10":"inventories-uk","12":"first","13":"instock","14":"taxable","15":"shipping-taxable","16":"purchasable","17":"product-type-variable"},"_links":{"self":[{"href":"https:\/\/staging6.peach-pump.com\/cs\/wp-json\/wp\/v2\/product\/48058","targetHints":{"allow":["GET"]}}],"collection":[{"href":"https:\/\/staging6.peach-pump.com\/cs\/wp-json\/wp\/v2\/product"}],"about":[{"href":"https:\/\/staging6.peach-pump.com\/cs\/wp-json\/wp\/v2\/types\/product"}],"replies":[{"embeddable":true,"href":"https:\/\/staging6.peach-pump.com\/cs\/wp-json\/wp\/v2\/comments?post=48058"}],"version-history":[{"count":0,"href":"https:\/\/staging6.peach-pump.com\/cs\/wp-json\/wp\/v2\/product\/48058\/revisions"}],"wp:featuredmedia":[{"embeddable":true,"href":"https:\/\/staging6.peach-pump.com\/cs\/wp-json\/wp\/v2\/media\/47810"}],"wp:attachment":[{"href":"https:\/\/staging6.peach-pump.com\/cs\/wp-json\/wp\/v2\/media?parent=48058"}],"wp:term":[{"taxonomy":"product_brand","embeddable":true,"href":"https:\/\/staging6.peach-pump.com\/cs\/wp-json\/wp\/v2\/product_brand?post=48058"},{"taxonomy":"product_cat","embeddable":true,"href":"https:\/\/staging6.peach-pump.com\/cs\/wp-json\/wp\/v2\/product_cat?post=48058"},{"taxonomy":"product_tag","embeddable":true,"href":"https:\/\/staging6.peach-pump.com\/cs\/wp-json\/wp\/v2\/product_tag?post=48058"}],"curies":[{"name":"wp","href":"https:\/\/api.w.org\/{rel}","templated":true}]}}