{"id":59363,"date":"2023-11-21T13:01:42","date_gmt":"2023-11-21T11:01:42","guid":{"rendered":"https:\/\/staging6.peach-pump.com\/products\/cerne-bezesve-leginy-s-tvarujicim-efektem\/"},"modified":"2025-11-19T19:33:41","modified_gmt":"2025-11-19T17:33:41","slug":"cerne-bezesve-leginy-tvarujici-efekt","status":"publish","type":"product","link":"https:\/\/staging6.peach-pump.com\/cs\/products\/cerne-bezesve-leginy-tvarujici-efekt\/","title":{"rendered":"\u010cern\u00e9 beze\u0161v\u00e9 leg\u00edny s tvaruj\u00edc\u00edm efektem"},"content":{"rendered":"<p>\u010cern\u00e9 beze\u0161v\u00e9 leg\u00edny s tvaruj\u00edc\u00edm efektem, prvot\u0159\u00eddn\u00ed zpracov\u00e1n\u00ed a kvalita. Model je vyroben z inovativn\u00ed beze\u0161v\u00e9 tkaniny se \u0161irok\u00fdm pasem, kter\u00fd pas b\u011bhem cvi\u010den\u00ed obep\u00edn\u00e1 a stabilizuje. Vhodn\u00e9 do posilovny, na b\u011bh, j\u00f3gu a dal\u0161\u00ed aktivity. Pokud hled\u00e1te tvaruj\u00edc\u00ed leg\u00edny, v nich\u017e se budete c\u00edtit pohodln\u011b, je to pr\u00e1v\u011b tento model. Vyzna\u010duj\u00ed se na\u0161\u00edm velmi obl\u00edben\u00fdm Peach effectem, v\u0161it\u00fdm logem Peach Pump, jsou vyrobeny z prody\u0161n\u00e9 tkaniny a dokonale postavu tvaruj\u00ed. Lze kombinovat s podprsenkou nebo topem, viz nab\u00eddky na na\u0161\u00ed str\u00e1nce.<\/p>\n<ul>\n<li>Vysok\u00fd pas<\/li>\n<li>Beze\u0161v\u00e1 tkanina<\/li>\n<li>Zvedaj\u00ed, vytvaruj\u00ed, zakr\u00fdvaj\u00ed probl\u00e9mov\u00e9 oblasti<\/li>\n<li>\u017debrovan\u00fd d\u00edl v pase, kter\u00fd pas obep\u00edn\u00e1<\/li>\n<li>Broskvov\u00fd efekt<\/li>\n<li>Bez \u0161vu v p\u0159edn\u00ed \u010d\u00e1sti<\/li>\n<li>Tepeln\u00fd potisk loga Peach Pump na zadn\u00ed stran\u011b leg\u00edn<\/li>\n<li>V\u0161it\u00e9 logo Peach Pump na pasu<\/li>\n<li>Materi\u00e1l odv\u00e1d\u011bj\u00edc\u00ed vlhkost od t\u011bla<\/li>\n<\/ul>\n<p>Slo\u017een\u00ed: 80 % polyester, 20 % elastan<\/p>\n<p>Leg\u00edny lze pr\u00e1t na 30 stup\u0148\u016f, neb\u011blit a ne\u010distit chemicky.<\/p>\n<p>Modelka na fotografii m\u011b\u0159\u00ed 178 cm, v\u00e1\u017e\u00ed 54 kg a m\u00e1 na sob\u011b velikost M.<\/p>\n<p>Pro v\u00fdb\u011br p\u0159esn\u00e9 velikosti pros\u00edm pou\u017eijte tabulek.<\/p>\n","protected":false},"excerpt":{"rendered":"<p>\u010cern\u00e9 beze\u0161v\u00e9 leg\u00edny s tvaruj\u00edc\u00edm efektem, prvot\u0159\u00eddn\u00ed zpracov\u00e1n\u00ed a kvalita. Model je vyroben z inovativn\u00ed beze\u0161v\u00e9 tkaniny se \u0161irok\u00fdm pasem, kter\u00fd pas b\u011bhem cvi\u010den\u00ed obep\u00edn\u00e1 a stabilizuje. Vhodn\u00e9 do posilovny, na b\u011bh, j\u00f3gu a dal\u0161\u00ed aktivity. Pokud hled\u00e1te tvaruj\u00edc\u00ed leg\u00edny, v nich\u017e se budete c\u00edtit pohodln\u011b, je to pr\u00e1v\u011b tento model. Vyzna\u010duj\u00ed se na\u0161\u00edm velmi [&hellip;]<\/p>\n","protected":false},"featured_media":59212,"comment_status":"open","ping_status":"closed","template":"","meta":[],"product_brand":[],"product_cat":[296,137],"product_tag":[],"class_list":{"0":"post-59363","1":"product","2":"type-product","3":"status-publish","4":"has-post-thumbnail","6":"product_cat-damske-leginy-dlouhe","7":"product_cat-damske-sportovni-leginy","8":"pa_cviat-cerna","9":"pa_razmer-l-cs","10":"pa_razmer-m-cs","11":"pa_razmer-s-cs-2","12":"pa_razmer-xl-cs","13":"inventories-world","14":"inventories-uk","16":"first","17":"instock","18":"taxable","19":"shipping-taxable","20":"purchasable","21":"product-type-variable"},"_links":{"self":[{"href":"https:\/\/staging6.peach-pump.com\/cs\/wp-json\/wp\/v2\/product\/59363","targetHints":{"allow":["GET"]}}],"collection":[{"href":"https:\/\/staging6.peach-pump.com\/cs\/wp-json\/wp\/v2\/product"}],"about":[{"href":"https:\/\/staging6.peach-pump.com\/cs\/wp-json\/wp\/v2\/types\/product"}],"replies":[{"embeddable":true,"href":"https:\/\/staging6.peach-pump.com\/cs\/wp-json\/wp\/v2\/comments?post=59363"}],"version-history":[{"count":0,"href":"https:\/\/staging6.peach-pump.com\/cs\/wp-json\/wp\/v2\/product\/59363\/revisions"}],"wp:featuredmedia":[{"embeddable":true,"href":"https:\/\/staging6.peach-pump.com\/cs\/wp-json\/wp\/v2\/media\/59212"}],"wp:attachment":[{"href":"https:\/\/staging6.peach-pump.com\/cs\/wp-json\/wp\/v2\/media?parent=59363"}],"wp:term":[{"taxonomy":"product_brand","embeddable":true,"href":"https:\/\/staging6.peach-pump.com\/cs\/wp-json\/wp\/v2\/product_brand?post=59363"},{"taxonomy":"product_cat","embeddable":true,"href":"https:\/\/staging6.peach-pump.com\/cs\/wp-json\/wp\/v2\/product_cat?post=59363"},{"taxonomy":"product_tag","embeddable":true,"href":"https:\/\/staging6.peach-pump.com\/cs\/wp-json\/wp\/v2\/product_tag?post=59363"}],"curies":[{"name":"wp","href":"https:\/\/api.w.org\/{rel}","templated":true}]}}