{"id":62801,"date":"2023-12-09T19:59:01","date_gmt":"2023-12-09T17:59:01","guid":{"rendered":"https:\/\/staging6.peach-pump.com\/products\/prosivana-mikina-s-kapuci-hoodie-v-cerne-barve\/"},"modified":"2025-11-06T13:02:49","modified_gmt":"2025-11-06T11:02:49","slug":"prosivana-mikina-s-kapuci-hoodie-v-cerne-barve","status":"publish","type":"product","link":"https:\/\/staging6.peach-pump.com\/cs\/products\/prosivana-mikina-s-kapuci-hoodie-v-cerne-barve\/","title":{"rendered":"Pro\u0161\u00edvan\u00e1 mikina s kapuc\u00ed, Hoodie, v \u010dern\u00e9 barv\u011b"},"content":{"rendered":"<p>Tepl\u00e1 sportovn\u00ed mikina s kapuc\u00ed a p\u0159edn\u00ed kapsou, typu Hoodie, v \u010dern\u00e9 barv\u011b. Vyrobeno z 80 % bavlny s m\u011bkkou pro\u0161\u00edvanou vnit\u0159n\u00ed pod\u0161\u00edvkou. Tento model mikiny je vybaven p\u0159edn\u00edm 3D potiskem loga Peach Pump vyztu\u017een\u00fdm zevnit\u0159 pro v\u011bt\u0161\u00ed odolnost, pros\u00edm, neodstra\u0148ujte vyztu\u017euj\u00edc\u00ed l\u00e1tku a potisk ne\u017eehlete. Mikina m\u00e1 spadl\u00e9 ruk\u00e1vy a v\u00fd\u0161ivku na jednom ruk\u00e1vu. M\u00f3dn\u00ed voln\u00fd st\u0159ih pro v\u011bt\u0161\u00ed pohodl\u00ed a volnost pohybu. M\u00e1 velkou kapuci s pogumovan\u00fdm logem Peach Pump na zadn\u00ed stran\u011b.<\/p>\n<p>P\u0159iv\u00edtejte dal\u0161\u00ed \u00farove\u0148 pohodl\u00ed a m\u011bkkosti s t\u00edmto modelem mikiny.<\/p>\n<ul>\n<li>Voln\u00fd st\u0159ih<\/li>\n<li>Spadl\u00e9 rukavy<\/li>\n<li>3D tisk Peach Pump<\/li>\n<li>Mikina s pogumovan\u00fdm logem Peach Pump<\/li>\n<li>Vy\u0161\u00edvan\u00fd n\u00e1pis na ruk\u00e1vu<\/li>\n<li>P\u0159edn\u00ed klokan\u00ed kapsa<\/li>\n<li>M\u011bkk\u00e1 vnit\u0159n\u00ed pod\u0161\u00edvka<\/li>\n<li>\u017debrovan\u00e9 okraje ruk\u00e1v a spodn\u00ed \u010d\u00e1sti mikiny.<\/li>\n<\/ul>\n<p>Materi\u00e1l: 80 % bavlna, 20 % polyester.<\/p>\n<p>Mikinu lze pr\u00e1t v pra\u010dce ve studen\u00e9 vod\u011b, p\u0159i n\u00edzk\u00e9m odst\u0159e\u010fov\u00e1n\u00ed a bez b\u011blen\u00ed, potisk ne\u017eehlete.<\/p>\n<p>Modelka na obr\u00e1zku m\u011b\u0159\u00ed 174 cm a v\u00e1\u017e\u00ed 52 kg. m\u00e1 na sob\u011b velikost L.<\/p>\n<p>Pro p\u0159esn\u011bj\u0161\u00ed v\u00fdb\u011br velikosti pou\u017eijte tabulku.<\/p>\n<p><a href=\"https:\/\/staging6.peach-pump.com\/wp-content\/uploads\/2023\/12\/IMG_2059-300x300.png\"><img loading=\"lazy\" decoding=\"async\" class=\"alignnone size-medium wp-image-62124\" src=\"https:\/\/staging6.peach-pump.com\/wp-content\/uploads\/2023\/12\/IMG_2059-300x300.png\" alt=\"Tabulka velikost\u00ed mikiny Peach Pump\" width=\"300\" height=\"300\" srcset=\"https:\/\/staging6.peach-pump.com\/wp-content\/uploads\/2023\/12\/IMG_2059-300x300.png 300w, https:\/\/staging6.peach-pump.com\/wp-content\/uploads\/2023\/12\/IMG_2059-480x480.png 480w, https:\/\/staging6.peach-pump.com\/wp-content\/uploads\/2023\/12\/IMG_2059-1000x1000.png 1000w, https:\/\/staging6.peach-pump.com\/wp-content\/uploads\/2023\/12\/IMG_2059-800x800.png 800w, https:\/\/staging6.peach-pump.com\/wp-content\/uploads\/2023\/12\/IMG_2059-150x150.png 150w, https:\/\/staging6.peach-pump.com\/wp-content\/uploads\/2023\/12\/IMG_2059-768x768.png 768w, https:\/\/staging6.peach-pump.com\/wp-content\/uploads\/2023\/12\/IMG_2059-990x990.png 990w, https:\/\/staging6.peach-pump.com\/wp-content\/uploads\/2023\/12\/IMG_2059-441x441.png 441w, https:\/\/staging6.peach-pump.com\/wp-content\/uploads\/2023\/12\/IMG_2059-100x100.png 100w, https:\/\/staging6.peach-pump.com\/wp-content\/uploads\/2023\/12\/IMG_2059-64x64.png 64w, https:\/\/staging6.peach-pump.com\/wp-content\/uploads\/2023\/12\/IMG_2059.png 1080w\" sizes=\"auto, (max-width: 300px) 100vw, 300px\" \/><\/a><\/p>\n","protected":false},"excerpt":{"rendered":"<p>Tepl\u00e1 sportovn\u00ed mikina s kapuc\u00ed a p\u0159edn\u00ed kapsou, typu Hoodie, v \u010dern\u00e9 barv\u011b. Vyrobeno z 80 % bavlny s m\u011bkkou pro\u0161\u00edvanou vnit\u0159n\u00ed pod\u0161\u00edvkou. Tento model mikiny je vybaven p\u0159edn\u00edm 3D potiskem loga Peach Pump vyztu\u017een\u00fdm zevnit\u0159 pro v\u011bt\u0161\u00ed odolnost, pros\u00edm, neodstra\u0148ujte vyztu\u017euj\u00edc\u00ed l\u00e1tku a potisk ne\u017eehlete. Mikina m\u00e1 spadl\u00e9 ruk\u00e1vy a v\u00fd\u0161ivku na jednom ruk\u00e1vu. [&hellip;]<\/p>\n","protected":false},"featured_media":61856,"comment_status":"open","ping_status":"closed","template":"","meta":[],"product_brand":[],"product_cat":[1118,345],"product_tag":[],"class_list":{"0":"post-62801","1":"product","2":"type-product","3":"status-publish","4":"has-post-thumbnail","6":"product_cat-damske-mikiny-s-kapuci","7":"product_cat-damske-sportovni-topy-tilko","8":"pa_cviat-cerna","9":"pa_razmer-l-cs","10":"pa_razmer-m-cs","11":"inventories-world","12":"inventories-uk","14":"first","15":"instock","16":"taxable","17":"shipping-taxable","18":"purchasable","19":"product-type-variable"},"_links":{"self":[{"href":"https:\/\/staging6.peach-pump.com\/en\/wp-json\/wp\/v2\/product\/62801","targetHints":{"allow":["GET"]}}],"collection":[{"href":"https:\/\/staging6.peach-pump.com\/en\/wp-json\/wp\/v2\/product"}],"about":[{"href":"https:\/\/staging6.peach-pump.com\/en\/wp-json\/wp\/v2\/types\/product"}],"replies":[{"embeddable":true,"href":"https:\/\/staging6.peach-pump.com\/en\/wp-json\/wp\/v2\/comments?post=62801"}],"version-history":[{"count":0,"href":"https:\/\/staging6.peach-pump.com\/en\/wp-json\/wp\/v2\/product\/62801\/revisions"}],"wp:featuredmedia":[{"embeddable":true,"href":"https:\/\/staging6.peach-pump.com\/en\/wp-json\/wp\/v2\/media\/61856"}],"wp:attachment":[{"href":"https:\/\/staging6.peach-pump.com\/en\/wp-json\/wp\/v2\/media?parent=62801"}],"wp:term":[{"taxonomy":"product_brand","embeddable":true,"href":"https:\/\/staging6.peach-pump.com\/en\/wp-json\/wp\/v2\/product_brand?post=62801"},{"taxonomy":"product_cat","embeddable":true,"href":"https:\/\/staging6.peach-pump.com\/en\/wp-json\/wp\/v2\/product_cat?post=62801"},{"taxonomy":"product_tag","embeddable":true,"href":"https:\/\/staging6.peach-pump.com\/en\/wp-json\/wp\/v2\/product_tag?post=62801"}],"curies":[{"name":"wp","href":"https:\/\/api.w.org\/{rel}","templated":true}]}}