{"id":63527,"date":"2023-12-13T18:04:43","date_gmt":"2023-12-13T16:04:43","guid":{"rendered":"https:\/\/staging6.peach-pump.com\/products\/%d0-9\/"},"modified":"2025-04-05T11:06:45","modified_gmt":"2025-04-05T09:06:45","slug":"bila-zimni-cepice","status":"publish","type":"product","link":"https:\/\/staging6.peach-pump.com\/cs\/products\/bila-zimni-cepice\/","title":{"rendered":"B\u00edl\u00e1 zimn\u00ed \u010depice typu beanie"},"content":{"rendered":"<p>B\u00edl\u00e1 zimn\u00ed \u010depice typu beanie z kolekce Peach Pump s ohrnut\u00fdm lemem pro lep\u0161\u00ed izolaci od chladu a ko\u017een\u00fdm logem na p\u0159edn\u00ed stran\u011b. Elastick\u00fd design velmi m\u011bkk\u00e1 a na dotek p\u0159\u00edjemn\u00e1 tkanina. \u010cepice je k dispozici v r\u016fzn\u00fdch barv\u00e1ch. Tento model bude dokonal\u00fdm dopl\u0148kem va\u0161eho outfitu v chladn\u00fdch dnech.<\/p>\n","protected":false},"excerpt":{"rendered":"<p>B\u00edl\u00e1 zimn\u00ed \u010depice typu beanie z kolekce Peach Pump s ohrnut\u00fdm lemem pro lep\u0161\u00ed izolaci od chladu a ko\u017een\u00fdm logem na p\u0159edn\u00ed stran\u011b. Elastick\u00fd design velmi m\u011bkk\u00e1 a na dotek p\u0159\u00edjemn\u00e1 tkanina. \u010cepice je k dispozici v r\u016fzn\u00fdch barv\u00e1ch. Tento model bude dokonal\u00fdm dopl\u0148kem va\u0161eho outfitu v chladn\u00fdch dnech.<\/p>\n","protected":false},"featured_media":62581,"comment_status":"open","ping_status":"closed","template":"","meta":[],"product_brand":[],"product_cat":[791],"product_tag":[],"class_list":{"0":"post-63527","1":"product","2":"type-product","3":"status-publish","4":"has-post-thumbnail","6":"product_cat-doplnky","7":"pa_cviat-bily-cs","8":"pa_razmer-jedna-velikost","9":"inventories-world","10":"inventories-uk","12":"first","13":"instock","14":"taxable","15":"shipping-taxable","16":"purchasable","17":"product-type-variable"},"_links":{"self":[{"href":"https:\/\/staging6.peach-pump.com\/cs\/wp-json\/wp\/v2\/product\/63527","targetHints":{"allow":["GET"]}}],"collection":[{"href":"https:\/\/staging6.peach-pump.com\/cs\/wp-json\/wp\/v2\/product"}],"about":[{"href":"https:\/\/staging6.peach-pump.com\/cs\/wp-json\/wp\/v2\/types\/product"}],"replies":[{"embeddable":true,"href":"https:\/\/staging6.peach-pump.com\/cs\/wp-json\/wp\/v2\/comments?post=63527"}],"version-history":[{"count":0,"href":"https:\/\/staging6.peach-pump.com\/cs\/wp-json\/wp\/v2\/product\/63527\/revisions"}],"wp:featuredmedia":[{"embeddable":true,"href":"https:\/\/staging6.peach-pump.com\/cs\/wp-json\/wp\/v2\/media\/62581"}],"wp:attachment":[{"href":"https:\/\/staging6.peach-pump.com\/cs\/wp-json\/wp\/v2\/media?parent=63527"}],"wp:term":[{"taxonomy":"product_brand","embeddable":true,"href":"https:\/\/staging6.peach-pump.com\/cs\/wp-json\/wp\/v2\/product_brand?post=63527"},{"taxonomy":"product_cat","embeddable":true,"href":"https:\/\/staging6.peach-pump.com\/cs\/wp-json\/wp\/v2\/product_cat?post=63527"},{"taxonomy":"product_tag","embeddable":true,"href":"https:\/\/staging6.peach-pump.com\/cs\/wp-json\/wp\/v2\/product_tag?post=63527"}],"curies":[{"name":"wp","href":"https:\/\/api.w.org\/{rel}","templated":true}]}}