{"id":69182,"date":"2024-01-12T18:42:25","date_gmt":"2024-01-12T16:42:25","guid":{"rendered":"https:\/\/staging6.peach-pump.com\/products\/%d1%81%d0%b2%d0%b5%d1%82%d0%bb%d0%be-%d0%b7%d0%b5%d0%bb%d0%b5%d0%bd%d0%be-%d0%b7%d0%b8%d0%bc%d0%bd%d0%be-%d1%8f%d0%ba%d0%b5-sage\/"},"modified":"2025-10-13T12:10:56","modified_gmt":"2025-10-13T10:10:56","slug":"zelena-zimni-bunda","status":"publish","type":"product","link":"https:\/\/staging6.peach-pump.com\/cs\/products\/zelena-zimni-bunda\/","title":{"rendered":"Zelen\u00e1 zimn\u00ed bunda, barva Sage od Peach Pump"},"content":{"rendered":"<p class=\"p1\">Sv\u011btle zelen\u00e1 zimn\u00ed bunda vypln\u011bn\u00e1 100% bavlnou, m\u00f3dn\u00ed barva Sage nebo \u0161alv\u011bj. Je to sporotvn\u00ed model s krat\u0161\u00edm modern\u00edm st\u0159ihem, m\u00e1 nastaviteln\u00fd spodn\u00ed lem s elastick\u00fdmi \u0161\u0148\u016frkami, dv\u011b bo\u010dn\u00ed \u0161ikm\u00e9 kapsy na zip. Efektivn\u00ed 3D vy\u0161\u00edvan\u00e9 logo Peach Pump na p\u0159edn\u00ed stran\u011b a vy\u0161\u00edvan\u00e9 logo Peach Pump na rameni. <span class=\"s1\">Bunda je s pro\u0161\u00edv\u00e1n\u00edm a vysok\u00fdm l\u00edmcem, m\u011bkkou sv\u011btle zelenou pod\u0161\u00edvkou a ruk\u00e1vy s elastickou man\u017eetou<\/span>. V tomto modelu v\u00e1m bude teplo a z\u00e1rove\u0148 se budete c\u00edtit kr\u00e1sn\u00e1, sebev\u011bdom\u00e1 a sexy. R\u016fzn\u00e9 trendov\u00e9 barvy pro tuto sez\u00f3nu, model vytvo\u0159en\u00fd s l\u00e1skou pro v\u00e1s.<\/p>\n<ul class=\"ul1\">\n<li>Zelen\u00e1 zimn\u00ed bunda, barva Sage<\/li>\n<li class=\"li1\"><span class=\"s1\">Vysok\u00fd l\u00edmec<\/span><\/li>\n<li class=\"li1\"><span class=\"s1\">Bo\u010dn\u00ed kapsy na zip<\/span><\/li>\n<li class=\"li1\"><span class=\"s1\">3D vy\u0161\u00edvan\u00e9 logo Peach Pump na p\u0159edn\u00ed stran\u011b a na rameni<\/span><\/li>\n<li class=\"li1\"><span class=\"s1\">M\u011bkk\u00e1 pod\u0161\u00edvka<\/span><\/li>\n<li>V\u00fdpl\u0148 bundy ze 100% bavlny<\/li>\n<li class=\"li1\"><span class=\"s1\">M\u00f3dn\u00ed st\u0159ih s pro\u0161\u00edv\u00e1n\u00edm<\/span><\/li>\n<li>Elastick\u00e9 man\u017eety na ruk\u00e1vech<\/li>\n<li><span class=\"s1\">Nastaviteln\u00fd spodn\u00ed lem s elastick\u00fdmi \u0161\u0148\u016frkami <\/span><\/li>\n<\/ul>\n<p class=\"p1\"><span class=\"s1\">Slo\u017een\u00ed vn\u011bj\u0161\u00ed \u010d\u00e1sti: 100% polyester, v\u00fdpl\u0148 100% bavlna<\/span><\/p>\n<p class=\"p1\"><span class=\"s1\">Modelka na obr\u00e1zku m\u011b\u0159\u00ed 170 cm, v\u00e1\u017e\u00ed 51 kg. a m\u00e1 na sob\u011b velikost S. <\/span><\/p>\n<p>Pro spr\u00e1vnou \u00fadr\u017ebu v\u00fdrobku dodr\u017eujte pokyny na \u0161t\u00edtku.<\/p>\n","protected":false},"excerpt":{"rendered":"<p>Sv\u011btle zelen\u00e1 zimn\u00ed bunda vypln\u011bn\u00e1 100% bavlnou, m\u00f3dn\u00ed barva Sage nebo \u0161alv\u011bj. Je to sporotvn\u00ed model s krat\u0161\u00edm modern\u00edm st\u0159ihem, m\u00e1 nastaviteln\u00fd spodn\u00ed lem s elastick\u00fdmi \u0161\u0148\u016frkami, dv\u011b bo\u010dn\u00ed \u0161ikm\u00e9 kapsy na zip. Efektivn\u00ed 3D vy\u0161\u00edvan\u00e9 logo Peach Pump na p\u0159edn\u00ed stran\u011b a vy\u0161\u00edvan\u00e9 logo Peach Pump na rameni. Bunda je s pro\u0161\u00edv\u00e1n\u00edm a vysok\u00fdm [&hellip;]<\/p>\n","protected":false},"featured_media":66070,"comment_status":"open","ping_status":"closed","template":"","meta":[],"product_brand":[],"product_cat":[920],"product_tag":[],"class_list":{"0":"post-69182","1":"product","2":"type-product","3":"status-publish","4":"has-post-thumbnail","6":"product_cat-damske-bundy","7":"pa_cviat-zelena-cs","8":"pa_razmer-l-cs","9":"pa_razmer-m-cs","10":"pa_razmer-s-cs-2","11":"inventories-world","12":"inventories-uk","14":"first","15":"instock","16":"taxable","17":"shipping-taxable","18":"purchasable","19":"product-type-variable"},"_links":{"self":[{"href":"https:\/\/staging6.peach-pump.com\/cs\/wp-json\/wp\/v2\/product\/69182","targetHints":{"allow":["GET"]}}],"collection":[{"href":"https:\/\/staging6.peach-pump.com\/cs\/wp-json\/wp\/v2\/product"}],"about":[{"href":"https:\/\/staging6.peach-pump.com\/cs\/wp-json\/wp\/v2\/types\/product"}],"replies":[{"embeddable":true,"href":"https:\/\/staging6.peach-pump.com\/cs\/wp-json\/wp\/v2\/comments?post=69182"}],"version-history":[{"count":0,"href":"https:\/\/staging6.peach-pump.com\/cs\/wp-json\/wp\/v2\/product\/69182\/revisions"}],"wp:featuredmedia":[{"embeddable":true,"href":"https:\/\/staging6.peach-pump.com\/cs\/wp-json\/wp\/v2\/media\/66070"}],"wp:attachment":[{"href":"https:\/\/staging6.peach-pump.com\/cs\/wp-json\/wp\/v2\/media?parent=69182"}],"wp:term":[{"taxonomy":"product_brand","embeddable":true,"href":"https:\/\/staging6.peach-pump.com\/cs\/wp-json\/wp\/v2\/product_brand?post=69182"},{"taxonomy":"product_cat","embeddable":true,"href":"https:\/\/staging6.peach-pump.com\/cs\/wp-json\/wp\/v2\/product_cat?post=69182"},{"taxonomy":"product_tag","embeddable":true,"href":"https:\/\/staging6.peach-pump.com\/cs\/wp-json\/wp\/v2\/product_tag?post=69182"}],"curies":[{"name":"wp","href":"https:\/\/api.w.org\/{rel}","templated":true}]}}