{"id":69909,"date":"2024-02-19T12:11:09","date_gmt":"2024-02-19T10:11:09","guid":{"rendered":"https:\/\/staging6.peach-pump.com\/products\/%d0%b4%d0%b0%d0%bc%d1%81%d0%ba%d0%be-%d1%81%d0%bf%d0%be%d1%80%d1%82%d0%bd%d0%be-%d1%8f%d0%ba%d0%b5-%d1%81-%d1%86%d0%b8%d0%bf-%d0%b8-%d0%b4%d0%b6%d0%be%d0%b1%d0%be%d0%b2%d0%b5-%d0%b2-%d1%87%d0%b5%d1%80\/"},"modified":"2025-11-05T00:09:41","modified_gmt":"2025-11-04T22:09:41","slug":"cerna-damska-sportovni-bunda-zip-a-kapsy","status":"publish","type":"product","link":"https:\/\/staging6.peach-pump.com\/cs\/products\/cerna-damska-sportovni-bunda-zip-a-kapsy\/","title":{"rendered":"\u010cern\u00e1 d\u00e1msk\u00e1 sportovn\u00ed bunda se zipem a kapsami"},"content":{"rendered":"<p>\u010cern\u00e1 d\u00e1msk\u00e1 sportovn\u00ed bunda se zipem a kapsami.<br \/>\nBunda m\u00e1 na ruk\u00e1vech otvory na palce , d\u00edky tomu se v\u00e1m ruk\u00e1vy b\u011bhem tr\u00e9ninku, b\u011bhu nebo j\u00edzdy na kole nebudou vyhrnovat.  St\u0159ih bundy je velmi kr\u00e1sn\u00fd, siluetu modeluje a je p\u0159il\u00e9hav\u00fd. Lze je kombinovat s r\u016fzn\u00fdmi pastelov\u00fdmi leg\u00ednami nebo podprsenkami z kolekce Peach Pump.  <\/p>\n<ul>\n<li>Elastick\u00e1 rychleschnouc\u00ed tkanina<\/li>\n<li>Tepeln\u00fd potisk loga Peach Pump na rameni<\/li>\n<li>Zap\u00edn\u00e1n\u00ed na zip<\/li>\n<li>Kapsy v p\u0159edn\u00ed \u010d\u00e1sti bundy<\/li>\n<li>Otvor na palec<\/li>\n<li>Tvaruj\u00edc\u00ed st\u0159ih<\/li>\n<\/ul>\n<p>  Slo\u017een\u00ed : 80 % polyester 20 % spandex. Bundu lze pr\u00e1t na 30 stup\u0148\u016f, nepou\u017e\u00edvat b\u011blidla a ne\u010distit chemicky Modelka na obr\u00e1zku je vysok\u00e1 165 cm, v\u00e1\u017e\u00ed 48 kg a p\u00f3zuje ve velikosti S. Obvod hrudn\u00edku: S: 85-90 cm \/ M: 90-95 cm \/ L: 95-100 cm.<\/p>\n","protected":false},"excerpt":{"rendered":"<p>\u010cern\u00e1 d\u00e1msk\u00e1 sportovn\u00ed bunda se zipem a kapsami. Bunda m\u00e1 na ruk\u00e1vech otvory na palce , d\u00edky tomu se v\u00e1m ruk\u00e1vy b\u011bhem tr\u00e9ninku, b\u011bhu nebo j\u00edzdy na kole nebudou vyhrnovat. St\u0159ih bundy je velmi kr\u00e1sn\u00fd, siluetu modeluje a je p\u0159il\u00e9hav\u00fd. Lze je kombinovat s r\u016fzn\u00fdmi pastelov\u00fdmi leg\u00ednami nebo podprsenkami z kolekce Peach Pump. Elastick\u00e1 rychleschnouc\u00ed [&hellip;]<\/p>\n","protected":false},"featured_media":87399,"comment_status":"open","ping_status":"closed","template":"","meta":[],"product_brand":[],"product_cat":[920],"product_tag":[],"class_list":{"0":"post-69909","1":"product","2":"type-product","3":"status-publish","4":"has-post-thumbnail","6":"product_cat-damske-bundy","7":"pa_cviat-cerna","8":"pa_razmer-l-cs","9":"pa_razmer-m-cs","10":"pa_razmer-s-cs-2","11":"inventories-world","12":"inventories-uk","14":"first","15":"instock","16":"taxable","17":"shipping-taxable","18":"purchasable","19":"product-type-variable"},"_links":{"self":[{"href":"https:\/\/staging6.peach-pump.com\/en\/wp-json\/wp\/v2\/product\/69909","targetHints":{"allow":["GET"]}}],"collection":[{"href":"https:\/\/staging6.peach-pump.com\/en\/wp-json\/wp\/v2\/product"}],"about":[{"href":"https:\/\/staging6.peach-pump.com\/en\/wp-json\/wp\/v2\/types\/product"}],"replies":[{"embeddable":true,"href":"https:\/\/staging6.peach-pump.com\/en\/wp-json\/wp\/v2\/comments?post=69909"}],"version-history":[{"count":0,"href":"https:\/\/staging6.peach-pump.com\/en\/wp-json\/wp\/v2\/product\/69909\/revisions"}],"wp:featuredmedia":[{"embeddable":true,"href":"https:\/\/staging6.peach-pump.com\/en\/wp-json\/wp\/v2\/media\/87399"}],"wp:attachment":[{"href":"https:\/\/staging6.peach-pump.com\/en\/wp-json\/wp\/v2\/media?parent=69909"}],"wp:term":[{"taxonomy":"product_brand","embeddable":true,"href":"https:\/\/staging6.peach-pump.com\/en\/wp-json\/wp\/v2\/product_brand?post=69909"},{"taxonomy":"product_cat","embeddable":true,"href":"https:\/\/staging6.peach-pump.com\/en\/wp-json\/wp\/v2\/product_cat?post=69909"},{"taxonomy":"product_tag","embeddable":true,"href":"https:\/\/staging6.peach-pump.com\/en\/wp-json\/wp\/v2\/product_tag?post=69909"}],"curies":[{"name":"wp","href":"https:\/\/api.w.org\/{rel}","templated":true}]}}