{"id":73352,"date":"2024-04-06T21:24:18","date_gmt":"2024-04-06T19:24:18","guid":{"rendered":"https:\/\/staging6.peach-pump.com\/?post_type=product&#038;p=73352"},"modified":"2025-10-21T11:08:36","modified_gmt":"2025-10-21T09:08:36","slug":"damska-sportovni-bunda-vetrovka-fialova","status":"publish","type":"product","link":"https:\/\/staging6.peach-pump.com\/cs\/products\/damska-sportovni-bunda-vetrovka-fialova\/","title":{"rendered":"D\u00e1msk\u00e1 fialov\u00e1 sportovn\u00ed bunda typu v\u011btrovka"},"content":{"rendered":"<p>D\u00e1msk\u00e1 fialov\u00e1 sportovn\u00ed bunda s kapuc\u00ed, limitovan\u00e1 edice zna\u010dky s efektn\u00edm designem ve sv\u011btle fialov\u00e9 barv\u011b. Model je typu v\u011btrovky, vhodn\u00fd na b\u011bh\u00e1n\u00ed nebo proch\u00e1zku, na tepl\u00e9 letn\u00ed dny. Bunda s kapuc\u00ed m\u00e1 stahov\u00e1n\u00ed v pase a pogumovan\u00e9 logo Peach Pump. Tkanina kr\u00e1sn\u011b sv\u011btlo odr\u00e1\u017e\u00ed a vytv\u00e1\u0159\u00ed dojem kosmick\u00e9ho designu. V tomto kr\u00e1sn\u00e9m modelu budete nep\u0159ehl\u00e9dnutelnou a jedine\u010dnou, skv\u011ble se kombinuje se sportovn\u00edm jednobarevn\u00fdm oble\u010den\u00edm zna\u010dky.<\/p>\n<ul>\n<li>Tkanina odr\u00e1\u017eej\u00edc\u00ed sv\u011btlo<\/li>\n<li>Kapuce<\/li>\n<li>Nastaviteln\u00fd spodn\u00ed lem s elastick\u00fdmi \u0161\u0148\u016frkami<\/li>\n<li>Zap\u00edn\u00e1n\u00ed na zip vp\u0159edu<\/li>\n<li>Pogumovan\u00e9 logo Peach Pump<\/li>\n<li>Elastick\u00fd lem na ruk\u00e1vech<\/li>\n<\/ul>\n<p>Slo\u017een\u00ed: 100% polyester<\/p>\n<p>Bundu lze pr\u00e1t na 30 stup\u0148\u016f, nepou\u017e\u00edvat b\u011blidla a ne\u010distit chemicky<\/p>\n<p>Modelka na obr\u00e1zku m\u011b\u0159\u00ed 170 cm, v\u00e1\u017e\u00ed 49 kg a m\u00e1 na sob\u011b velikost S.<\/p>\n<p>Pro v\u00fdb\u011br p\u0159esn\u00e9 velikosti pros\u00edm pou\u017eijte tabulek.<\/p>\n","protected":false},"excerpt":{"rendered":"<p>D\u00e1msk\u00e1 fialov\u00e1 sportovn\u00ed bunda s kapuc\u00ed, limitovan\u00e1 edice zna\u010dky s efektn\u00edm designem ve sv\u011btle fialov\u00e9 barv\u011b. Model je typu v\u011btrovky, vhodn\u00fd na b\u011bh\u00e1n\u00ed nebo proch\u00e1zku, na tepl\u00e9 letn\u00ed dny. Bunda s kapuc\u00ed m\u00e1 stahov\u00e1n\u00ed v pase a pogumovan\u00e9 logo Peach Pump. Tkanina kr\u00e1sn\u011b sv\u011btlo odr\u00e1\u017e\u00ed a vytv\u00e1\u0159\u00ed dojem kosmick\u00e9ho designu. V tomto kr\u00e1sn\u00e9m modelu budete [&hellip;]<\/p>\n","protected":false},"featured_media":74105,"comment_status":"open","ping_status":"closed","template":"","meta":[],"product_brand":[],"product_cat":[920],"product_tag":[],"class_list":{"0":"post-73352","1":"product","2":"type-product","3":"status-publish","4":"has-post-thumbnail","6":"product_cat-damske-bundy","7":"pa_cviat-fialova","8":"pa_razmer-m-cs","9":"pa_razmer-s-cs-2","10":"inventories-world","11":"inventories-uk","13":"first","14":"instock","15":"taxable","16":"shipping-taxable","17":"purchasable","18":"product-type-variable"},"_links":{"self":[{"href":"https:\/\/staging6.peach-pump.com\/en\/wp-json\/wp\/v2\/product\/73352","targetHints":{"allow":["GET"]}}],"collection":[{"href":"https:\/\/staging6.peach-pump.com\/en\/wp-json\/wp\/v2\/product"}],"about":[{"href":"https:\/\/staging6.peach-pump.com\/en\/wp-json\/wp\/v2\/types\/product"}],"replies":[{"embeddable":true,"href":"https:\/\/staging6.peach-pump.com\/en\/wp-json\/wp\/v2\/comments?post=73352"}],"version-history":[{"count":0,"href":"https:\/\/staging6.peach-pump.com\/en\/wp-json\/wp\/v2\/product\/73352\/revisions"}],"wp:featuredmedia":[{"embeddable":true,"href":"https:\/\/staging6.peach-pump.com\/en\/wp-json\/wp\/v2\/media\/74105"}],"wp:attachment":[{"href":"https:\/\/staging6.peach-pump.com\/en\/wp-json\/wp\/v2\/media?parent=73352"}],"wp:term":[{"taxonomy":"product_brand","embeddable":true,"href":"https:\/\/staging6.peach-pump.com\/en\/wp-json\/wp\/v2\/product_brand?post=73352"},{"taxonomy":"product_cat","embeddable":true,"href":"https:\/\/staging6.peach-pump.com\/en\/wp-json\/wp\/v2\/product_cat?post=73352"},{"taxonomy":"product_tag","embeddable":true,"href":"https:\/\/staging6.peach-pump.com\/en\/wp-json\/wp\/v2\/product_tag?post=73352"}],"curies":[{"name":"wp","href":"https:\/\/api.w.org\/{rel}","templated":true}]}}