{"id":73358,"date":"2024-04-06T15:47:48","date_gmt":"2024-04-06T13:47:48","guid":{"rendered":"https:\/\/staging6.peach-pump.com\/?post_type=product&#038;p=73358"},"modified":"2025-10-02T08:35:13","modified_gmt":"2025-10-02T06:35:13","slug":"kratky-bezovy-sportovni-top-vysivka","status":"publish","type":"product","link":"https:\/\/staging6.peach-pump.com\/cs\/products\/kratky-bezovy-sportovni-top-vysivka\/","title":{"rendered":"Kr\u00e1tk\u00fd b\u00e9\u017eov\u00fd sportovn\u00ed top s v\u00fd\u0161ivkou Peach Pump"},"content":{"rendered":"<p>Kr\u00e1tk\u00fd b\u00e9\u017eov\u00fd top se zkr\u00e1cen\u00fdm st\u0159ihem a efektn\u00ed \u010dernou 3D v\u00fd\u0161ivkou Peach Pump. Tento zkr\u00e1cen\u00fd top je bavln\u011bn\u00fd, p\u0159\u00edjemn\u00fd na dotek a ide\u00e1ln\u00ed do teplej\u0161\u00edho po\u010das\u00ed. Hod\u00ed se jak na volno\u010dasov\u00e9 proch\u00e1zky, tak na cvi\u010den\u00ed v posilovn\u011b, budete se v n\u011bm c\u00edtit pohodln\u011b a sexy. Model se skv\u011ble kombinuje s \u0161ortkami nebo leg\u00ednami zna\u010dky a dotv\u00e1\u0159\u00ed tak v\u00e1\u0161 dokonal\u00fd vzhled.<\/p>\n<ul>\n<li>Crop Top<\/li>\n<li>Efektn\u00ed design<\/li>\n<li>3D vy\u0161\u00edvan\u00fd n\u00e1pis a logo Peach Pump vp\u0159edu<\/li>\n<li>Bavln\u011bn\u00e1 tkanina<\/li>\n<\/ul>\n<p>Slo\u017een\u00ed: 95% bavlna, 5% elastan<\/p>\n<p>Top lze pr\u00e1t na 30 stup\u0148\u016f, nepou\u017e\u00edvat b\u011blidla a ne\u010distit chemicky.<\/p>\n<p>Modelka na obr\u00e1zku m\u011b\u0159\u00ed 170 cm, v\u00e1\u017e\u00ed 49 kg a m\u00e1 na sob\u011b velikost S.<\/p>\n<p>Pro v\u00fdb\u011br p\u0159esn\u00e9 velikosti pros\u00edm pou\u017eijte tabulek.<\/p>\n","protected":false},"excerpt":{"rendered":"<p>Kr\u00e1tk\u00fd b\u00e9\u017eov\u00fd top se zkr\u00e1cen\u00fdm st\u0159ihem a efektn\u00ed \u010dernou 3D v\u00fd\u0161ivkou Peach Pump. Tento zkr\u00e1cen\u00fd top je bavln\u011bn\u00fd, p\u0159\u00edjemn\u00fd na dotek a ide\u00e1ln\u00ed do teplej\u0161\u00edho po\u010das\u00ed. Hod\u00ed se jak na volno\u010dasov\u00e9 proch\u00e1zky, tak na cvi\u010den\u00ed v posilovn\u011b, budete se v n\u011bm c\u00edtit pohodln\u011b a sexy. Model se skv\u011ble kombinuje s \u0161ortkami nebo leg\u00ednami zna\u010dky a [&hellip;]<\/p>\n","protected":false},"featured_media":74059,"comment_status":"open","ping_status":"closed","template":"","meta":[],"product_brand":[],"product_cat":[345],"product_tag":[],"class_list":{"0":"post-73358","1":"product","2":"type-product","3":"status-publish","4":"has-post-thumbnail","6":"product_cat-damske-sportovni-topy-tilko","7":"pa_cviat-bezove","8":"pa_razmer-m-cs","9":"pa_razmer-s-cs-2","10":"inventories-world","11":"inventories-uk","13":"first","14":"instock","15":"taxable","16":"shipping-taxable","17":"purchasable","18":"product-type-variable"},"_links":{"self":[{"href":"https:\/\/staging6.peach-pump.com\/cs\/wp-json\/wp\/v2\/product\/73358","targetHints":{"allow":["GET"]}}],"collection":[{"href":"https:\/\/staging6.peach-pump.com\/cs\/wp-json\/wp\/v2\/product"}],"about":[{"href":"https:\/\/staging6.peach-pump.com\/cs\/wp-json\/wp\/v2\/types\/product"}],"replies":[{"embeddable":true,"href":"https:\/\/staging6.peach-pump.com\/cs\/wp-json\/wp\/v2\/comments?post=73358"}],"version-history":[{"count":0,"href":"https:\/\/staging6.peach-pump.com\/cs\/wp-json\/wp\/v2\/product\/73358\/revisions"}],"wp:featuredmedia":[{"embeddable":true,"href":"https:\/\/staging6.peach-pump.com\/cs\/wp-json\/wp\/v2\/media\/74059"}],"wp:attachment":[{"href":"https:\/\/staging6.peach-pump.com\/cs\/wp-json\/wp\/v2\/media?parent=73358"}],"wp:term":[{"taxonomy":"product_brand","embeddable":true,"href":"https:\/\/staging6.peach-pump.com\/cs\/wp-json\/wp\/v2\/product_brand?post=73358"},{"taxonomy":"product_cat","embeddable":true,"href":"https:\/\/staging6.peach-pump.com\/cs\/wp-json\/wp\/v2\/product_cat?post=73358"},{"taxonomy":"product_tag","embeddable":true,"href":"https:\/\/staging6.peach-pump.com\/cs\/wp-json\/wp\/v2\/product_tag?post=73358"}],"curies":[{"name":"wp","href":"https:\/\/api.w.org\/{rel}","templated":true}]}}