{"id":73452,"date":"2024-04-06T14:24:03","date_gmt":"2024-04-06T12:24:03","guid":{"rendered":"https:\/\/staging6.peach-pump.com\/?post_type=product&#038;p=73452"},"modified":"2025-10-02T13:24:59","modified_gmt":"2025-10-02T11:24:59","slug":"damsky-top-s-potiskem-bily-s-ruzovym","status":"publish","type":"product","link":"https:\/\/staging6.peach-pump.com\/cs\/products\/damsky-top-s-potiskem-bily-s-ruzovym\/","title":{"rendered":"Top s potiskem, b\u00edl\u00fd s r\u016f\u017eov\u00fdm"},"content":{"rendered":"<p>D\u00e1msk\u00fd bavln\u011bn\u00fd top s potiskem a v\u00fdst\u0159ihem do V, b\u00edl\u00fd s r\u016f\u017eov\u00fdm logem, man\u017eetou a 3D v\u00fd\u0161ivkou. Sporotovn\u00ed top Peach Pump z limitovan\u00e9 edice, v n\u011bm\u017e se budete c\u00edtit pohodln\u011b, svobodn\u011b a sexy. Tento design se dokonale hod\u00ed ke kra\u0165as\u016fm nebo leg\u00edn\u00e1m t\u00e9to zna\u010dky, kter\u00e9 dokonale dotvo\u0159\u00ed v\u00e1\u0161 outfit, vhodn\u00fd na sport i voln\u00fd \u010das.<\/p>\n<ul>\n<li>Bavln\u011bn\u00fd top<\/li>\n<li>V\u00fdst\u0159ih do V s man\u017eetou<\/li>\n<li>3D v\u00fd\u0161ivka Peach Pump<\/li>\n<li>Voln\u00fd st\u0159ih<\/li>\n<li>Kr\u00e1tk\u00fd ruk\u00e1v<\/li>\n<\/ul>\n<p>Slo\u017een\u00ed: 95% bavlna, 5% elastan<\/p>\n<p>Top lze pr\u00e1t na 30 stup\u0148\u016f, nepou\u017e\u00edvat b\u011blidla a ne\u010distit chemicky.<\/p>\n<p>Modelka na obr\u00e1zku m\u011b\u0159\u00ed 170 cm, v\u00e1\u017e\u00ed 49 kg a m\u00e1 na sob\u011b velikost S.<\/p>\n<p>Pro v\u00fdb\u011br p\u0159esn\u00e9 velikosti pros\u00edm pou\u017eijte tabulek.<\/p>\n","protected":false},"excerpt":{"rendered":"<p>D\u00e1msk\u00fd bavln\u011bn\u00fd top s potiskem a v\u00fdst\u0159ihem do V, b\u00edl\u00fd s r\u016f\u017eov\u00fdm logem, man\u017eetou a 3D v\u00fd\u0161ivkou. Sporotovn\u00ed top Peach Pump z limitovan\u00e9 edice, v n\u011bm\u017e se budete c\u00edtit pohodln\u011b, svobodn\u011b a sexy. Tento design se dokonale hod\u00ed ke kra\u0165as\u016fm nebo leg\u00edn\u00e1m t\u00e9to zna\u010dky, kter\u00e9 dokonale dotvo\u0159\u00ed v\u00e1\u0161 outfit, vhodn\u00fd na sport i voln\u00fd \u010das. [&hellip;]<\/p>\n","protected":false},"featured_media":76184,"comment_status":"open","ping_status":"closed","template":"","meta":[],"product_brand":[],"product_cat":[345],"product_tag":[],"class_list":{"0":"post-73452","1":"product","2":"type-product","3":"status-publish","4":"has-post-thumbnail","6":"product_cat-damske-sportovni-topy-tilko","7":"pa_cviat-ruzovy","8":"pa_razmer-m-cs","9":"pa_razmer-s-cs-2","10":"inventories-world","11":"inventories-uk","13":"first","14":"instock","15":"taxable","16":"shipping-taxable","17":"purchasable","18":"product-type-variable"},"_links":{"self":[{"href":"https:\/\/staging6.peach-pump.com\/cs\/wp-json\/wp\/v2\/product\/73452","targetHints":{"allow":["GET"]}}],"collection":[{"href":"https:\/\/staging6.peach-pump.com\/cs\/wp-json\/wp\/v2\/product"}],"about":[{"href":"https:\/\/staging6.peach-pump.com\/cs\/wp-json\/wp\/v2\/types\/product"}],"replies":[{"embeddable":true,"href":"https:\/\/staging6.peach-pump.com\/cs\/wp-json\/wp\/v2\/comments?post=73452"}],"version-history":[{"count":0,"href":"https:\/\/staging6.peach-pump.com\/cs\/wp-json\/wp\/v2\/product\/73452\/revisions"}],"wp:featuredmedia":[{"embeddable":true,"href":"https:\/\/staging6.peach-pump.com\/cs\/wp-json\/wp\/v2\/media\/76184"}],"wp:attachment":[{"href":"https:\/\/staging6.peach-pump.com\/cs\/wp-json\/wp\/v2\/media?parent=73452"}],"wp:term":[{"taxonomy":"product_brand","embeddable":true,"href":"https:\/\/staging6.peach-pump.com\/cs\/wp-json\/wp\/v2\/product_brand?post=73452"},{"taxonomy":"product_cat","embeddable":true,"href":"https:\/\/staging6.peach-pump.com\/cs\/wp-json\/wp\/v2\/product_cat?post=73452"},{"taxonomy":"product_tag","embeddable":true,"href":"https:\/\/staging6.peach-pump.com\/cs\/wp-json\/wp\/v2\/product_tag?post=73452"}],"curies":[{"name":"wp","href":"https:\/\/api.w.org\/{rel}","templated":true}]}}