{"id":73470,"date":"2024-04-01T00:55:48","date_gmt":"2024-03-31T22:55:48","guid":{"rendered":"https:\/\/staging6.peach-pump.com\/products\/ruzove-bezesve-leginy-tvarujici-efekt\/"},"modified":"2025-11-06T22:34:07","modified_gmt":"2025-11-06T20:34:07","slug":"ruzove-bezesve-leginy-tvarujici-efekt","status":"publish","type":"product","link":"https:\/\/staging6.peach-pump.com\/cs\/products\/ruzove-bezesve-leginy-tvarujici-efekt\/","title":{"rendered":"R\u016f\u017eov\u00e9 beze\u0161v\u00e9 leg\u00edny s tvaruj\u00edc\u00edm efektem"},"content":{"rendered":"<p>R\u016f\u017eov\u00e9 beze\u0161v\u00e9 leg\u00edny barvy ash of roses s obl\u00edben\u00fdm tvaruj\u00edc\u00edm efektem Peach Pump , kter\u00e9 postavu dokonale vytvaruj\u00ed v a dodavaj\u00ed pocit lehkosti a pohodl\u00ed. Leg\u00edny jsou vyrobeny z pevn\u011bj\u0161\u00ed beze\u0161v\u00e9 tkaniny, maj\u00ed vysok\u00fd pas a \u017eebrovan\u00fd p\u00e1sek, kter\u00fd pas stahuje a tvaruje. Tento model je vhodn\u00fd na aerobic nebo fitness , v n\u011bm vyniknete a ka\u017ed\u00e9ho ohrom\u00edte, lze jej kombinovat s podprsenkou stejn\u00e9ho vzoru anebo se pod\u00edvat na dal\u0161\u00ed na\u0161e barevn\u00e9 n\u00e1vrhy v sekci Sportovn\u00ed sety. Leg\u00edny jsou z pevn\u011bj\u0161\u00ed l\u00e1tky, na\u0161e modelka m\u00e1 na sob\u011b velikost M.<\/p>\n<ul>\n<li>Vysok\u00fd pas<\/li>\n<li>Beze\u0161v\u00e1 tkanina<\/li>\n<li>Zvedaj\u00ed, vytvaruj\u00ed, zakr\u00fdvaj\u00ed probl\u00e9mov\u00e9 oblasti<\/li>\n<li>\u017debrovan\u00fd d\u00edl v pase, kter\u00fd p\u00e1s obep\u00edn\u00e1<\/li>\n<li>Broskvov\u00fd efekt<\/li>\n<li>Bez \u0161vu v p\u0159edn\u00ed \u010d\u00e1sti<\/li>\n<li>Tepeln\u00fd potisk loga Peach Pump na zadn\u00ed stran\u011b leg\u00edn<\/li>\n<li>Technologie odv\u00e1d\u011bn\u00ed vlhkosti<\/li>\n<\/ul>\n<p>Slo\u017een\u00ed: 80 % polyester, 20 % elastan.<\/p>\n<p>Leg\u00edny lze pr\u00e1t na 30 stup\u0148\u016f, neb\u011blit a ne\u010distit chemicky.<\/p>\n<p>Modelka na obr\u00e1zku je vysok\u00e1 178 cm, v\u00e1\u017e\u00ed 54 kg a m\u00e1 na sob\u011b velikost M. Leg\u00edny jsou z pevn\u011bj\u0161\u00ed l\u00e1tky.<\/p>\n<p>Pro v\u00fdb\u011br p\u0159esn\u00e9 velikosti pros\u00edm pou\u017eijte tabulek.<\/p>\n<p><a href=\"https:\/\/staging6.peach-pump.com\/wp-content\/uploads\/2024\/04\/C274427E-CD99-455E-B65B-E536C277DEAA.png\"><img loading=\"lazy\" decoding=\"async\" class=\"alignnone wp-image-72322 \" src=\"https:\/\/staging6.peach-pump.com\/wp-content\/uploads\/2024\/04\/C274427E-CD99-455E-B65B-E536C277DEAA.png\" alt=\"\" width=\"627\" height=\"470\" srcset=\"https:\/\/staging6.peach-pump.com\/wp-content\/uploads\/2024\/04\/C274427E-CD99-455E-B65B-E536C277DEAA.png 1024w, https:\/\/staging6.peach-pump.com\/wp-content\/uploads\/2024\/04\/C274427E-CD99-455E-B65B-E536C277DEAA-480x360.png 480w, https:\/\/staging6.peach-pump.com\/wp-content\/uploads\/2024\/04\/C274427E-CD99-455E-B65B-E536C277DEAA-1000x750.png 1000w, https:\/\/staging6.peach-pump.com\/wp-content\/uploads\/2024\/04\/C274427E-CD99-455E-B65B-E536C277DEAA-400x300.png 400w, https:\/\/staging6.peach-pump.com\/wp-content\/uploads\/2024\/04\/C274427E-CD99-455E-B65B-E536C277DEAA-768x576.png 768w, https:\/\/staging6.peach-pump.com\/wp-content\/uploads\/2024\/04\/C274427E-CD99-455E-B65B-E536C277DEAA-990x743.png 990w, https:\/\/staging6.peach-pump.com\/wp-content\/uploads\/2024\/04\/C274427E-CD99-455E-B65B-E536C277DEAA-441x331.png 441w, https:\/\/staging6.peach-pump.com\/wp-content\/uploads\/2024\/04\/C274427E-CD99-455E-B65B-E536C277DEAA-150x113.png 150w, https:\/\/staging6.peach-pump.com\/wp-content\/uploads\/2024\/04\/C274427E-CD99-455E-B65B-E536C277DEAA-64x48.png 64w\" sizes=\"auto, (max-width: 627px) 100vw, 627px\" \/><\/a><\/p>\n","protected":false},"excerpt":{"rendered":"<p>R\u016f\u017eov\u00e9 beze\u0161v\u00e9 leg\u00edny barvy ash of roses s obl\u00edben\u00fdm tvaruj\u00edc\u00edm efektem Peach Pump , kter\u00e9 postavu dokonale vytvaruj\u00ed v a dodavaj\u00ed pocit lehkosti a pohodl\u00ed. Leg\u00edny jsou vyrobeny z pevn\u011bj\u0161\u00ed beze\u0161v\u00e9 tkaniny, maj\u00ed vysok\u00fd pas a \u017eebrovan\u00fd p\u00e1sek, kter\u00fd pas stahuje a tvaruje. Tento model je vhodn\u00fd na aerobic nebo fitness , v n\u011bm vyniknete [&hellip;]<\/p>\n","protected":false},"featured_media":72637,"comment_status":"open","ping_status":"closed","template":"","meta":[],"product_brand":[],"product_cat":[296,137],"product_tag":[],"class_list":{"0":"post-73470","1":"product","2":"type-product","3":"status-publish","4":"has-post-thumbnail","6":"product_cat-damske-leginy-dlouhe","7":"product_cat-damske-sportovni-leginy","8":"pa_cviat-ruzovy","9":"pa_razmer-l-cs","10":"pa_razmer-m-cs","11":"pa_razmer-s-cs-2","12":"inventories-world","13":"inventories-uk","15":"first","16":"instock","17":"taxable","18":"shipping-taxable","19":"purchasable","20":"product-type-variable"},"_links":{"self":[{"href":"https:\/\/staging6.peach-pump.com\/en\/wp-json\/wp\/v2\/product\/73470","targetHints":{"allow":["GET"]}}],"collection":[{"href":"https:\/\/staging6.peach-pump.com\/en\/wp-json\/wp\/v2\/product"}],"about":[{"href":"https:\/\/staging6.peach-pump.com\/en\/wp-json\/wp\/v2\/types\/product"}],"replies":[{"embeddable":true,"href":"https:\/\/staging6.peach-pump.com\/en\/wp-json\/wp\/v2\/comments?post=73470"}],"version-history":[{"count":0,"href":"https:\/\/staging6.peach-pump.com\/en\/wp-json\/wp\/v2\/product\/73470\/revisions"}],"wp:featuredmedia":[{"embeddable":true,"href":"https:\/\/staging6.peach-pump.com\/en\/wp-json\/wp\/v2\/media\/72637"}],"wp:attachment":[{"href":"https:\/\/staging6.peach-pump.com\/en\/wp-json\/wp\/v2\/media?parent=73470"}],"wp:term":[{"taxonomy":"product_brand","embeddable":true,"href":"https:\/\/staging6.peach-pump.com\/en\/wp-json\/wp\/v2\/product_brand?post=73470"},{"taxonomy":"product_cat","embeddable":true,"href":"https:\/\/staging6.peach-pump.com\/en\/wp-json\/wp\/v2\/product_cat?post=73470"},{"taxonomy":"product_tag","embeddable":true,"href":"https:\/\/staging6.peach-pump.com\/en\/wp-json\/wp\/v2\/product_tag?post=73470"}],"curies":[{"name":"wp","href":"https:\/\/api.w.org\/{rel}","templated":true}]}}