{"id":73475,"date":"2024-04-01T00:49:17","date_gmt":"2024-03-31T22:49:17","guid":{"rendered":"https:\/\/staging6.peach-pump.com\/products\/ruzova-sportovni-podprsenka-integrovane-vycpavky\/"},"modified":"2025-10-24T10:04:33","modified_gmt":"2025-10-24T08:04:33","slug":"ruzova-sportovni-podprsenka-integrovane-vycpavky","status":"publish","type":"product","link":"https:\/\/staging6.peach-pump.com\/cs\/products\/ruzova-sportovni-podprsenka-integrovane-vycpavky\/","title":{"rendered":"Beze\u0161v\u00e1 r\u016f\u017eov\u00e1 sportovn\u00ed podprsenka s integrovan\u00fdmi vycp\u00e1vkami"},"content":{"rendered":"<p>Beze\u0161v\u00e1 r\u016f\u017eov\u00e1 sportovn\u00ed podprsenka v barv\u011b ash of roses s integrovan\u00fdmi vycp\u00e1vkami, kter\u00e9 nelze vyjmout. Model je vyroben z m\u011bkk\u00e9, velmi pru\u017en\u00e9 a prody\u0161n\u00e9 tkaniny, kter\u00e1 odv\u00e1d\u00ed pot od t\u011bla. Podprsenku je mo\u017eno nosit i pod oble\u010den\u00edm, jej\u00ed design je nen\u00e1padn\u00fd a budete m\u00edt pocit naprost\u00e9ho pohodl\u00ed a volnosti pohybu. Velikost je univerz\u00e1ln\u00ed, m\u00e1 4 stupn\u011b zap\u00edn\u00e1n\u00ed a \u0161irokou gumu. Model je k dispozici v r\u016fzn\u00fdch barv\u00e1ch, lze jej kombinovat s leg\u00ednami stejn\u00e9 nebo jin\u00e9 barvy Viz sekci Sportovn\u00ed sety.<\/p>\n<ul>\n<li> Integrovan\u00e9 vycp\u00e1vky<\/li>\n<li> Push-Up efekt<\/li>\n<li> Hluboce vykrojen\u00e1 z\u00e1da<\/li>\n<li> Velk\u00e1 pru\u017enost<\/li>\n<li> \u010cty\u0159stup\u0148ov\u00e9 zap\u00edn\u00e1n\u00ed<\/li>\n<li> Tepeln\u00fd potisk loga Peach Pump na boku podprsenky<\/li>\n<li> Technologie odv\u00e1d\u011bn\u00ed vlhkosti<\/li>\n<\/ul>\n<p>Slo\u017een\u00ed: 80 % polyester, 20 % elastan<\/p>\n<p>Podprsenku lze pr\u00e1t na 30 stup\u0148\u016f, nepou\u017e\u00edvat b\u011blidla a ne\u010distit chemicky.<\/p>\n<p>Modelka na fotografii m\u011b\u0159\u00ed 178 cm, v\u00e1\u017e\u00ed 54 kg a m\u00e1 na sob\u011b velikost M.<\/p>\n<p>Pro v\u00fdb\u011br p\u0159esn\u00e9 velikosti pros\u00edm pou\u017eijte tabulek.<\/p>\n<p>&nbsp;<\/p>\n<p><a href=\"https:\/\/staging6.peach-pump.com\/wp-content\/uploads\/2024\/04\/7ACDDC23-3BB3-4220-B273-C079DABBAC53.png\"><img loading=\"lazy\" decoding=\"async\" class=\"alignnone wp-image-72618 \" src=\"https:\/\/staging6.peach-pump.com\/wp-content\/uploads\/2024\/04\/7ACDDC23-3BB3-4220-B273-C079DABBAC53.png\" alt=\"\" width=\"553\" height=\"553\" srcset=\"https:\/\/staging6.peach-pump.com\/wp-content\/uploads\/2024\/04\/7ACDDC23-3BB3-4220-B273-C079DABBAC53.png 1080w, https:\/\/staging6.peach-pump.com\/wp-content\/uploads\/2024\/04\/7ACDDC23-3BB3-4220-B273-C079DABBAC53-480x480.png 480w, https:\/\/staging6.peach-pump.com\/wp-content\/uploads\/2024\/04\/7ACDDC23-3BB3-4220-B273-C079DABBAC53-1000x1000.png 1000w, https:\/\/staging6.peach-pump.com\/wp-content\/uploads\/2024\/04\/7ACDDC23-3BB3-4220-B273-C079DABBAC53-300x300.png 300w, https:\/\/staging6.peach-pump.com\/wp-content\/uploads\/2024\/04\/7ACDDC23-3BB3-4220-B273-C079DABBAC53-800x800.png 800w, https:\/\/staging6.peach-pump.com\/wp-content\/uploads\/2024\/04\/7ACDDC23-3BB3-4220-B273-C079DABBAC53-150x150.png 150w, https:\/\/staging6.peach-pump.com\/wp-content\/uploads\/2024\/04\/7ACDDC23-3BB3-4220-B273-C079DABBAC53-768x768.png 768w, https:\/\/staging6.peach-pump.com\/wp-content\/uploads\/2024\/04\/7ACDDC23-3BB3-4220-B273-C079DABBAC53-990x990.png 990w, https:\/\/staging6.peach-pump.com\/wp-content\/uploads\/2024\/04\/7ACDDC23-3BB3-4220-B273-C079DABBAC53-441x441.png 441w, https:\/\/staging6.peach-pump.com\/wp-content\/uploads\/2024\/04\/7ACDDC23-3BB3-4220-B273-C079DABBAC53-100x100.png 100w, https:\/\/staging6.peach-pump.com\/wp-content\/uploads\/2024\/04\/7ACDDC23-3BB3-4220-B273-C079DABBAC53-64x64.png 64w\" sizes=\"auto, (max-width: 553px) 100vw, 553px\" \/><\/a><\/p>\n","protected":false},"excerpt":{"rendered":"<p>Beze\u0161v\u00e1 r\u016f\u017eov\u00e1 sportovn\u00ed podprsenka v barv\u011b ash of roses s integrovan\u00fdmi vycp\u00e1vkami, kter\u00e9 nelze vyjmout. Model je vyroben z m\u011bkk\u00e9, velmi pru\u017en\u00e9 a prody\u0161n\u00e9 tkaniny, kter\u00e1 odv\u00e1d\u00ed pot od t\u011bla. Podprsenku je mo\u017eno nosit i pod oble\u010den\u00edm, jej\u00ed design je nen\u00e1padn\u00fd a budete m\u00edt pocit naprost\u00e9ho pohodl\u00ed a volnosti pohybu. Velikost je univerz\u00e1ln\u00ed, m\u00e1 4 [&hellip;]<\/p>\n","protected":false},"featured_media":73085,"comment_status":"open","ping_status":"closed","template":"","meta":[],"product_brand":[],"product_cat":[346],"product_tag":[],"class_list":{"0":"post-73475","1":"product","2":"type-product","3":"status-publish","4":"has-post-thumbnail","6":"product_cat-damske-podprsenky-sportovni-fitness","7":"pa_cviat-ruzovy","8":"pa_razmer-l-cs","9":"pa_razmer-m-cs","10":"pa_razmer-s-cs-2","11":"inventories-world","12":"inventories-uk","14":"first","15":"instock","16":"taxable","17":"shipping-taxable","18":"purchasable","19":"product-type-variable"},"_links":{"self":[{"href":"https:\/\/staging6.peach-pump.com\/cs\/wp-json\/wp\/v2\/product\/73475","targetHints":{"allow":["GET"]}}],"collection":[{"href":"https:\/\/staging6.peach-pump.com\/cs\/wp-json\/wp\/v2\/product"}],"about":[{"href":"https:\/\/staging6.peach-pump.com\/cs\/wp-json\/wp\/v2\/types\/product"}],"replies":[{"embeddable":true,"href":"https:\/\/staging6.peach-pump.com\/cs\/wp-json\/wp\/v2\/comments?post=73475"}],"version-history":[{"count":0,"href":"https:\/\/staging6.peach-pump.com\/cs\/wp-json\/wp\/v2\/product\/73475\/revisions"}],"wp:featuredmedia":[{"embeddable":true,"href":"https:\/\/staging6.peach-pump.com\/cs\/wp-json\/wp\/v2\/media\/73085"}],"wp:attachment":[{"href":"https:\/\/staging6.peach-pump.com\/cs\/wp-json\/wp\/v2\/media?parent=73475"}],"wp:term":[{"taxonomy":"product_brand","embeddable":true,"href":"https:\/\/staging6.peach-pump.com\/cs\/wp-json\/wp\/v2\/product_brand?post=73475"},{"taxonomy":"product_cat","embeddable":true,"href":"https:\/\/staging6.peach-pump.com\/cs\/wp-json\/wp\/v2\/product_cat?post=73475"},{"taxonomy":"product_tag","embeddable":true,"href":"https:\/\/staging6.peach-pump.com\/cs\/wp-json\/wp\/v2\/product_tag?post=73475"}],"curies":[{"name":"wp","href":"https:\/\/api.w.org\/{rel}","templated":true}]}}